{"id":1170,"date":"2019-11-26T14:38:45","date_gmt":"2019-11-26T13:38:45","guid":{"rendered":"http:\/\/abm-tecna.com\/?page_id=1170"},"modified":"2020-09-18T11:54:10","modified_gmt":"2020-09-18T09:54:10","slug":"expertise-releves-et-dimensionnement","status":"publish","type":"page","link":"https:\/\/www.abm-tecna.be\/fr\/expertise-releves-et-dimensionnement\/","title":{"rendered":"Expertise, relev\u00e9s et dimensionnement"},"content":{"rendered":"[vc_row type=\u00a0\u00bbin_container\u00a0\u00bb full_screen_row_position=\u00a0\u00bbmiddle\u00a0\u00bb column_margin=\u00a0\u00bbdefault\u00a0\u00bb equal_height=\u00a0\u00bbyes\u00a0\u00bb content_placement=\u00a0\u00bbmiddle\u00a0\u00bb column_direction=\u00a0\u00bbdefault\u00a0\u00bb column_direction_tablet=\u00a0\u00bbdefault\u00a0\u00bb column_direction_phone=\u00a0\u00bbdefault\u00a0\u00bb scene_position=\u00a0\u00bbcenter\u00a0\u00bb text_color=\u00a0\u00bbdark\u00a0\u00bb text_align=\u00a0\u00bbleft\u00a0\u00bb row_border_radius=\u00a0\u00bbnone\u00a0\u00bb row_border_radius_applies=\u00a0\u00bbbg\u00a0\u00bb overlay_strength=\u00a0\u00bb0.3&Prime; gradient_direction=\u00a0\u00bbleft_to_right\u00a0\u00bb shape_divider_position=\u00a0\u00bbbottom\u00a0\u00bb bg_image_animation=\u00a0\u00bbnone\u00a0\u00bb shape_type=\u00a0\u00bb\u00a0\u00bb][vc_column column_padding=\u00a0\u00bbno-extra-padding\u00a0\u00bb column_padding_tablet=\u00a0\u00bbinherit\u00a0\u00bb column_padding_phone=\u00a0\u00bbinherit\u00a0\u00bb column_padding_position=\u00a0\u00bball\u00a0\u00bb background_color_opacity=\u00a0\u00bb1&Prime; background_hover_color_opacity=\u00a0\u00bb1&Prime; column_shadow=\u00a0\u00bbnone\u00a0\u00bb column_border_radius=\u00a0\u00bbnone\u00a0\u00bb column_link_target=\u00a0\u00bb_self\u00a0\u00bb gradient_direction=\u00a0\u00bbleft_to_right\u00a0\u00bb overlay_strength=\u00a0\u00bb0.3&Prime; width=\u00a0\u00bb5\/6&Prime; tablet_width_inherit=\u00a0\u00bbdefault\u00a0\u00bb tablet_text_alignment=\u00a0\u00bbdefault\u00a0\u00bb phone_text_alignment=\u00a0\u00bbdefault\u00a0\u00bb column_border_width=\u00a0\u00bbnone\u00a0\u00bb column_border_style=\u00a0\u00bbsolid\u00a0\u00bb bg_image_animation=\u00a0\u00bbnone\u00a0\u00bb][vc_custom_heading text=\u00a0\u00bbNos services\u00a0\u00bb font_container=\u00a0\u00bbtag:div|font_size:16|text_align:left|color:%23020202&Prime; use_theme_fonts=\u00a0\u00bbyes\u00a0\u00bb el_class=\u00a0\u00bbbreadcrumb\u00a0\u00bb][vc_custom_heading source=\u00a0\u00bbpost_title\u00a0\u00bb font_container=\u00a0\u00bbtag:div|font_size:16|text_align:left|color:%23000000&Prime; use_theme_fonts=\u00a0\u00bbyes\u00a0\u00bb css_animation=\u00a0\u00bbnone\u00a0\u00bb link=\u00a0\u00bb|||\u00a0\u00bb el_class=\u00a0\u00bbbreadcrumb\u00a0\u00bb][\/vc_column][vc_column column_padding=\u00a0\u00bbno-extra-padding\u00a0\u00bb column_padding_tablet=\u00a0\u00bbinherit\u00a0\u00bb column_padding_phone=\u00a0\u00bbinherit\u00a0\u00bb column_padding_position=\u00a0\u00bball\u00a0\u00bb background_color_opacity=\u00a0\u00bb1&Prime; background_hover_color_opacity=\u00a0\u00bb1&Prime; column_shadow=\u00a0\u00bbnone\u00a0\u00bb column_border_radius=\u00a0\u00bbnone\u00a0\u00bb column_link_target=\u00a0\u00bb_self\u00a0\u00bb gradient_direction=\u00a0\u00bbleft_to_right\u00a0\u00bb overlay_strength=\u00a0\u00bb0.3&Prime; width=\u00a0\u00bb1\/6&Prime; tablet_width_inherit=\u00a0\u00bbdefault\u00a0\u00bb tablet_text_alignment=\u00a0\u00bbdefault\u00a0\u00bb phone_text_alignment=\u00a0\u00bbdefault\u00a0\u00bb column_border_width=\u00a0\u00bbnone\u00a0\u00bb column_border_style=\u00a0\u00bbsolid\u00a0\u00bb bg_image_animation=\u00a0\u00bbnone\u00a0\u00bb offset=\u00a0\u00bbvc_hidden-sm vc_hidden-xs\u00a0\u00bb][vc_custom_heading text=\u00a0\u00bbPage pr\u00e9c\u00e9dente\u00a0\u00bb font_container=\u00a0\u00bbtag:div|font_size:16|text_align:right|color:%23000000&Prime; use_theme_fonts=\u00a0\u00bbyes\u00a0\u00bb css_animation=\u00a0\u00bbnone\u00a0\u00bb link=\u00a0\u00bburl:http%3A%2F%2Fabm-tecna.be%2Ffr%2Fconvoyeurs-a-bande%2F|title:Bandes%20transporteuses%20caoutchouc||\u00a0\u00bb el_id=\u00a0\u00bbgoBack\u00a0\u00bb][\/vc_column][\/vc_row][vc_row type=\u00a0\u00bbin_container\u00a0\u00bb full_screen_row_position=\u00a0\u00bbmiddle\u00a0\u00bb column_margin=\u00a0\u00bbdefault\u00a0\u00bb column_direction=\u00a0\u00bbdefault\u00a0\u00bb column_direction_tablet=\u00a0\u00bbdefault\u00a0\u00bb column_direction_phone=\u00a0\u00bbdefault\u00a0\u00bb scene_position=\u00a0\u00bbcenter\u00a0\u00bb text_color=\u00a0\u00bbdark\u00a0\u00bb text_align=\u00a0\u00bbleft\u00a0\u00bb row_border_radius=\u00a0\u00bbnone\u00a0\u00bb row_border_radius_applies=\u00a0\u00bbbg\u00a0\u00bb overlay_strength=\u00a0\u00bb0.3&Prime; gradient_direction=\u00a0\u00bbleft_to_right\u00a0\u00bb shape_divider_position=\u00a0\u00bbbottom\u00a0\u00bb bg_image_animation=\u00a0\u00bbnone\u00a0\u00bb][vc_column column_padding=\u00a0\u00bbno-extra-padding\u00a0\u00bb column_padding_tablet=\u00a0\u00bbinherit\u00a0\u00bb column_padding_phone=\u00a0\u00bbinherit\u00a0\u00bb column_padding_position=\u00a0\u00bball\u00a0\u00bb background_color_opacity=\u00a0\u00bb1&Prime; background_hover_color_opacity=\u00a0\u00bb1&Prime; column_shadow=\u00a0\u00bbnone\u00a0\u00bb column_border_radius=\u00a0\u00bbnone\u00a0\u00bb column_link_target=\u00a0\u00bb_self\u00a0\u00bb gradient_direction=\u00a0\u00bbleft_to_right\u00a0\u00bb overlay_strength=\u00a0\u00bb0.3&Prime; width=\u00a0\u00bb1\/1&Prime; tablet_width_inherit=\u00a0\u00bbdefault\u00a0\u00bb tablet_text_alignment=\u00a0\u00bbdefault\u00a0\u00bb phone_text_alignment=\u00a0\u00bbdefault\u00a0\u00bb column_border_width=\u00a0\u00bbnone\u00a0\u00bb column_border_style=\u00a0\u00bbsolid\u00a0\u00bb bg_image_animation=\u00a0\u00bbnone\u00a0\u00bb][vc_column_text]Les attentes du monde industriel ne se r\u00e9sume pas \u00e0 avoir besoin d\u2019une pi\u00e8ce ou d\u2019une prestation aussi bonne soit elle.<\/p>\n<p>Pour que nos entreprises restent comp\u00e9titives, les services de maintenance doivent toujours faire plus avec moins de budget. Avec des moyens de plus en plus limit\u00e9s, certaines \u00e9quipes ne peuvent plus y arriver seules.<\/p>\n<p>Les syst\u00e8mes de convoyage sont n\u00e9cessaires mais souvent secondaires dans le process d\u2019une entreprise et constituent le choix id\u00e9al de maintenance \u00e0 sous-traiter. En effet, le know-how essentiel du process est maintenu en interne et les arr\u00eats sont r\u00e9duits via la comp\u00e9tence du sous-traitant.<\/p>\n<p>Nous proposons des pi\u00e8ces d\u00e9tach\u00e9es et des prestations en atelier et sur chantier. Nous souhaitons aider nos clients en mettant \u00e0 disposition notre exp\u00e9rience de plus de 30 ans autour du convoyeur industriel et proposons les services suivants :[\/vc_column_text][vc_row_inner equal_height=\u00a0\u00bbyes\u00a0\u00bb content_placement=\u00a0\u00bbmiddle\u00a0\u00bb column_margin=\u00a0\u00bbdefault\u00a0\u00bb column_direction=\u00a0\u00bbdefault\u00a0\u00bb column_direction_tablet=\u00a0\u00bbdefault\u00a0\u00bb column_direction_phone=\u00a0\u00bbdefault\u00a0\u00bb text_align=\u00a0\u00bbleft\u00a0\u00bb][vc_column_inner column_padding=\u00a0\u00bbpadding-10-percent\u00a0\u00bb column_padding_tablet=\u00a0\u00bbinherit\u00a0\u00bb column_padding_phone=\u00a0\u00bbinherit\u00a0\u00bb column_padding_position=\u00a0\u00bbright\u00a0\u00bb background_color_opacity=\u00a0\u00bb1&Prime; background_hover_color_opacity=\u00a0\u00bb1&Prime; column_shadow=\u00a0\u00bbnone\u00a0\u00bb column_border_radius=\u00a0\u00bbnone\u00a0\u00bb column_link_target=\u00a0\u00bb_self\u00a0\u00bb gradient_direction=\u00a0\u00bbleft_to_right\u00a0\u00bb overlay_strength=\u00a0\u00bb0.3&Prime; width=\u00a0\u00bb2\/3&Prime; tablet_width_inherit=\u00a0\u00bbdefault\u00a0\u00bb column_border_width=\u00a0\u00bbnone\u00a0\u00bb column_border_style=\u00a0\u00bbsolid\u00a0\u00bb bg_image_animation=\u00a0\u00bbnone\u00a0\u00bb][nectar_icon_list animate=\u00a0\u00bbtrue\u00a0\u00bb color=\u00a0\u00bbAccent-Color\u00a0\u00bb direction=\u00a0\u00bbhorizontal\u00a0\u00bb columns=\u00a0\u00bb1&Prime; icon_size=\u00a0\u00bbsmall\u00a0\u00bb icon_style=\u00a0\u00bbno-border\u00a0\u00bb][nectar_icon_list_item icon_type=\u00a0\u00bbnumerical\u00a0\u00bb title=\u00a0\u00bbList Item\u00a0\u00bb id=\u00a0\u00bb1592208242136-10&Prime; header=\u00a0\u00bbRelev\u00e9 sur site\u00a0\u00bb text=\u00a0\u00bbNous pouvons identifier une pi\u00e8ce comme fournir le relev\u00e9 complet de tous les moteurs, moto-r\u00e9ducteurs, rouleaux ou tout autre pi\u00e8ce\u00a0\u00bb tab_id=\u00a0\u00bb1592208242136-2&Prime;][vc_column_text][\/vc_column_text][\/nectar_icon_list_item][nectar_icon_list_item icon_type=\u00a0\u00bbnumerical\u00a0\u00bb title=\u00a0\u00bbList Item\u00a0\u00bb id=\u00a0\u00bb1592208242198-7&Prime; header=\u00a0\u00bbDessin &#8211; Plan\u00a0\u00bb text=\u00a0\u00bbNotre bureau de dessin est \u00e0 disposition si besoin\u00a0\u00bb tab_id=\u00a0\u00bb1592208242198-7&Prime;][vc_column_text][\/vc_column_text][\/nectar_icon_list_item][nectar_icon_list_item icon_type=\u00a0\u00bbnumerical\u00a0\u00bb title=\u00a0\u00bbList Item\u00a0\u00bb id=\u00a0\u00bb1592208242247-7&Prime; header=\u00a0\u00bbAudit &#8211; Propositions\u00a0\u00bb text=\u00a0\u00bbNous pouvons auditer certains \u00e9quipements ou m\u00e9thodes et \u00e9mettre des recommandations. Nous pouvons par exemple, \u00e9tudier la s\u00e9curit\u00e9 des vos convoyeurs.\u00a0\u00bb tab_id=\u00a0\u00bb1592208242248-2&Prime;][vc_column_text][\/vc_column_text][\/nectar_icon_list_item][nectar_icon_list_item icon_type=\u00a0\u00bbnumerical\u00a0\u00bb title=\u00a0\u00bbList Item\u00a0\u00bb id=\u00a0\u00bb1592208242286-2&Prime; header=\u00a0\u00bbCalcul et Dimensionnement\u00a0\u00bb text=\u00a0\u00bbNous pouvons dimensionner toutes les pi\u00e8ces, \u00e9quipements que nous vendons.\u00a0\u00bb tab_id=\u00a0\u00bb1592208242287-8&Prime;][vc_column_text][\/vc_column_text][\/nectar_icon_list_item][nectar_icon_list_item icon_type=\u00a0\u00bbnumerical\u00a0\u00bb title=\u00a0\u00bbList Item\u00a0\u00bb id=\u00a0\u00bb1592208242318-4&Prime; header=\u00a0\u00bbExpertise\u00a0\u00bb text=\u00a0\u00bbNous pouvons expertiser un \u00e9quipement ou un composant.\u00a0\u00bb tab_id=\u00a0\u00bb1592208242318-8&Prime;][vc_column_text][\/vc_column_text][\/nectar_icon_list_item][nectar_icon_list_item icon_type=\u00a0\u00bbnumerical\u00a0\u00bb title=\u00a0\u00bbList Item\u00a0\u00bb id=\u00a0\u00bb1592208242351-9&Prime; header=\u00a0\u00bbAnalyse laboratoire\u00a0\u00bb text=\u00a0\u00bbNous ne laissons rien au hasard. Quand cela s\u2019av\u00e8re utile, nous avons recours \u00e0 des laboratoires partenaires. Cela peut \u00eatre le cas pour une bande transporteuse, l\u2019huile d\u2019un r\u00e9ducteur ou encore l\u2019acier d\u2019un roulement.<br \/>\nLe Groupe NetCo poss\u00e8de un laboratoire pour analyser les bandes transporteuses et les rev\u00eatements caoutchouc.\u00a0\u00bb tab_id=\u00a0\u00bb1592208242351-1&Prime;][vc_column_text][\/vc_column_text][\/nectar_icon_list_item][\/nectar_icon_list][\/vc_column_inner][vc_column_inner column_padding=\u00a0\u00bbno-extra-padding\u00a0\u00bb column_padding_tablet=\u00a0\u00bbinherit\u00a0\u00bb column_padding_phone=\u00a0\u00bbinherit\u00a0\u00bb column_padding_position=\u00a0\u00bball\u00a0\u00bb background_color_opacity=\u00a0\u00bb1&Prime; background_hover_color_opacity=\u00a0\u00bb1&Prime; column_shadow=\u00a0\u00bbnone\u00a0\u00bb column_border_radius=\u00a0\u00bbnone\u00a0\u00bb column_link_target=\u00a0\u00bb_self\u00a0\u00bb gradient_direction=\u00a0\u00bbleft_to_right\u00a0\u00bb overlay_strength=\u00a0\u00bb0.3&Prime; width=\u00a0\u00bb1\/3&Prime; tablet_width_inherit=\u00a0\u00bbdefault\u00a0\u00bb column_border_width=\u00a0\u00bbnone\u00a0\u00bb column_border_style=\u00a0\u00bbsolid\u00a0\u00bb bg_image_animation=\u00a0\u00bbnone\u00a0\u00bb][image_with_animation image_url=\u00a0\u00bb4070&Prime; animation=\u00a0\u00bbFade In\u00a0\u00bb hover_animation=\u00a0\u00bbzoom\u00a0\u00bb alignment=\u00a0\u00bbcenter\u00a0\u00bb img_link_large=\u00a0\u00bbyes\u00a0\u00bb border_radius=\u00a0\u00bbnone\u00a0\u00bb box_shadow=\u00a0\u00bbnone\u00a0\u00bb image_loading=\u00a0\u00bblazy-load\u00a0\u00bb max_width=\u00a0\u00bb100%\u00a0\u00bb max_width_mobile=\u00a0\u00bbdefault\u00a0\u00bb][image_with_animation image_url=\u00a0\u00bb5181&Prime; animation=\u00a0\u00bbFade In\u00a0\u00bb hover_animation=\u00a0\u00bbzoom\u00a0\u00bb alignment=\u00a0\u00bbcenter\u00a0\u00bb img_link_large=\u00a0\u00bbyes\u00a0\u00bb border_radius=\u00a0\u00bbnone\u00a0\u00bb box_shadow=\u00a0\u00bbnone\u00a0\u00bb image_loading=\u00a0\u00bblazy-load\u00a0\u00bb max_width=\u00a0\u00bb100%\u00a0\u00bb max_width_mobile=\u00a0\u00bbdefault\u00a0\u00bb][image_with_animation image_url=\u00a0\u00bb4071&Prime; animation=\u00a0\u00bbFade In\u00a0\u00bb hover_animation=\u00a0\u00bbzoom\u00a0\u00bb alignment=\u00a0\u00bbcenter\u00a0\u00bb img_link_large=\u00a0\u00bbyes\u00a0\u00bb border_radius=\u00a0\u00bbnone\u00a0\u00bb box_shadow=\u00a0\u00bbnone\u00a0\u00bb image_loading=\u00a0\u00bblazy-load\u00a0\u00bb max_width=\u00a0\u00bb100%\u00a0\u00bb max_width_mobile=\u00a0\u00bbdefault\u00a0\u00bb][image_with_animation image_url=\u00a0\u00bb5183&Prime; animation=\u00a0\u00bbFade In\u00a0\u00bb hover_animation=\u00a0\u00bbzoom\u00a0\u00bb alignment=\u00a0\u00bbcenter\u00a0\u00bb img_link_large=\u00a0\u00bbyes\u00a0\u00bb border_radius=\u00a0\u00bbnone\u00a0\u00bb box_shadow=\u00a0\u00bbnone\u00a0\u00bb image_loading=\u00a0\u00bblazy-load\u00a0\u00bb max_width=\u00a0\u00bb100%\u00a0\u00bb max_width_mobile=\u00a0\u00bbdefault\u00a0\u00bb][\/vc_column_inner][\/vc_row_inner][\/vc_column][\/vc_row]\n","protected":false},"excerpt":{"rendered":"<p>[vc_row type=\u00a0\u00bbin_container\u00a0\u00bb full_screen_row_position=\u00a0\u00bbmiddle\u00a0\u00bb column_margin=\u00a0\u00bbdefault\u00a0\u00bb equal_height=\u00a0\u00bbyes\u00a0\u00bb content_placement=\u00a0\u00bbmiddle\u00a0\u00bb column_direction=\u00a0\u00bbdefault\u00a0\u00bb column_direction_tablet=\u00a0\u00bbdefault\u00a0\u00bb column_direction_phone=\u00a0\u00bbdefault\u00a0\u00bb scene_position=\u00a0\u00bbcenter\u00a0\u00bb text_color=\u00a0\u00bbdark\u00a0\u00bb text_align=\u00a0\u00bbleft\u00a0\u00bb row_border_radius=\u00a0\u00bbnone\u00a0\u00bb row_border_radius_applies=\u00a0\u00bbbg\u00a0\u00bb overlay_strength=\u00a0\u00bb0.3&Prime; gradient_direction=\u00a0\u00bbleft_to_right\u00a0\u00bb shape_divider_position=\u00a0\u00bbbottom\u00a0\u00bb bg_image_animation=\u00a0\u00bbnone\u00a0\u00bb shape_type=\u00a0\u00bb\u00a0\u00bb][vc_column column_padding=\u00a0\u00bbno-extra-padding\u00a0\u00bb column_padding_tablet=\u00a0\u00bbinherit\u00a0\u00bb column_padding_phone=\u00a0\u00bbinherit\u00a0\u00bb column_padding_position=\u00a0\u00bball\u00a0\u00bb background_color_opacity=\u00a0\u00bb1&Prime; background_hover_color_opacity=\u00a0\u00bb1&Prime; column_shadow=\u00a0\u00bbnone\u00a0\u00bb column_border_radius=\u00a0\u00bbnone\u00a0\u00bb column_link_target=\u00a0\u00bb_self\u00a0\u00bb gradient_direction=\u00a0\u00bbleft_to_right\u00a0\u00bb overlay_strength=\u00a0\u00bb0.3&Prime;&#8230;<\/p>\n","protected":false},"author":2,"featured_media":4070,"parent":0,"menu_order":0,"comment_status":"closed","ping_status":"closed","template":"","meta":{"footnotes":""},"class_list":["post-1170","page","type-page","status-publish","has-post-thumbnail"],"yoast_head":"<!-- This site is optimized with the Yoast SEO plugin v27.2 - https:\/\/yoast.com\/product\/yoast-seo-wordpress\/ -->\n<title>Expertise, relev\u00e9s et dimensionnement - ABM TECNA<\/title>\n<meta name=\"description\" content=\"Nos prestations non exaustives : relev\u00e9 sur site, mise en plans, audit &amp; recommandation, calcul et dimensionnement, expertise, analyse laboratoire\" \/>\n<meta name=\"robots\" content=\"index, follow, max-snippet:-1, max-image-preview:large, max-video-preview:-1\" \/>\n<link rel=\"canonical\" href=\"https:\/\/www.abm-tecna.be\/fr\/expertise-releves-et-dimensionnement\/\" \/>\n<meta property=\"og:locale\" content=\"fr_FR\" \/>\n<meta property=\"og:type\" content=\"article\" \/>\n<meta property=\"og:title\" content=\"Expertise, relev\u00e9s et dimensionnement - ABM TECNA\" \/>\n<meta property=\"og:description\" content=\"Nos prestations non exaustives : relev\u00e9 sur site, mise en plans, audit &amp; recommandation, calcul et dimensionnement, expertise, analyse laboratoire\" \/>\n<meta property=\"og:url\" content=\"https:\/\/www.abm-tecna.be\/fr\/expertise-releves-et-dimensionnement\/\" \/>\n<meta property=\"og:site_name\" content=\"ABM TECNA\" \/>\n<meta property=\"article:modified_time\" content=\"2020-09-18T09:54:10+00:00\" \/>\n<meta property=\"og:image\" content=\"https:\/\/www.abm-tecna.be\/wp-content\/uploads\/2020\/06\/expertise-1.jpg\" \/>\n\t<meta property=\"og:image:width\" content=\"711\" \/>\n\t<meta property=\"og:image:height\" content=\"400\" \/>\n\t<meta property=\"og:image:type\" content=\"image\/jpeg\" \/>\n<meta name=\"twitter:card\" content=\"summary_large_image\" \/>\n<meta name=\"twitter:site\" content=\"@ABM_TECNA\" \/>\n<meta name=\"twitter:label1\" content=\"Dur\u00e9e de lecture estim\u00e9e\" \/>\n\t<meta name=\"twitter:data1\" content=\"6 minutes\" \/>\n<script type=\"application\/ld+json\" class=\"yoast-schema-graph\">{\"@context\":\"https:\/\/schema.org\",\"@graph\":[{\"@type\":\"WebPage\",\"@id\":\"https:\/\/www.abm-tecna.be\/fr\/expertise-releves-et-dimensionnement\/\",\"url\":\"https:\/\/www.abm-tecna.be\/fr\/expertise-releves-et-dimensionnement\/\",\"name\":\"Expertise, relev\u00e9s et dimensionnement - ABM TECNA\",\"isPartOf\":{\"@id\":\"https:\/\/www.abm-tecna.be\/fr\/#website\"},\"primaryImageOfPage\":{\"@id\":\"https:\/\/www.abm-tecna.be\/fr\/expertise-releves-et-dimensionnement\/#primaryimage\"},\"image\":{\"@id\":\"https:\/\/www.abm-tecna.be\/fr\/expertise-releves-et-dimensionnement\/#primaryimage\"},\"thumbnailUrl\":\"https:\/\/www.abm-tecna.be\/wp-content\/uploads\/2020\/06\/expertise-1.jpg\",\"datePublished\":\"2019-11-26T13:38:45+00:00\",\"dateModified\":\"2020-09-18T09:54:10+00:00\",\"description\":\"Nos prestations non exaustives : relev\u00e9 sur site, mise en plans, audit & recommandation, calcul et dimensionnement, expertise, analyse laboratoire\",\"breadcrumb\":{\"@id\":\"https:\/\/www.abm-tecna.be\/fr\/expertise-releves-et-dimensionnement\/#breadcrumb\"},\"inLanguage\":\"fr-FR\",\"potentialAction\":[{\"@type\":\"ReadAction\",\"target\":[\"https:\/\/www.abm-tecna.be\/fr\/expertise-releves-et-dimensionnement\/\"]}]},{\"@type\":\"ImageObject\",\"inLanguage\":\"fr-FR\",\"@id\":\"https:\/\/www.abm-tecna.be\/fr\/expertise-releves-et-dimensionnement\/#primaryimage\",\"url\":\"https:\/\/www.abm-tecna.be\/wp-content\/uploads\/2020\/06\/expertise-1.jpg\",\"contentUrl\":\"https:\/\/www.abm-tecna.be\/wp-content\/uploads\/2020\/06\/expertise-1.jpg\",\"width\":711,\"height\":400},{\"@type\":\"BreadcrumbList\",\"@id\":\"https:\/\/www.abm-tecna.be\/fr\/expertise-releves-et-dimensionnement\/#breadcrumb\",\"itemListElement\":[{\"@type\":\"ListItem\",\"position\":1,\"name\":\"Home\",\"item\":\"https:\/\/www.abm-tecna.be\/fr\/\"},{\"@type\":\"ListItem\",\"position\":2,\"name\":\"Expertise, relev\u00e9s et dimensionnement\"}]},{\"@type\":\"WebSite\",\"@id\":\"https:\/\/www.abm-tecna.be\/fr\/#website\",\"url\":\"https:\/\/www.abm-tecna.be\/fr\/\",\"name\":\"ABM TECNA\",\"description\":\"La solution Globale\",\"publisher\":{\"@id\":\"https:\/\/www.abm-tecna.be\/fr\/#organization\"},\"potentialAction\":[{\"@type\":\"SearchAction\",\"target\":{\"@type\":\"EntryPoint\",\"urlTemplate\":\"https:\/\/www.abm-tecna.be\/fr\/?s={search_term_string}\"},\"query-input\":{\"@type\":\"PropertyValueSpecification\",\"valueRequired\":true,\"valueName\":\"search_term_string\"}}],\"inLanguage\":\"fr-FR\"},{\"@type\":\"Organization\",\"@id\":\"https:\/\/www.abm-tecna.be\/fr\/#organization\",\"name\":\"ABM TECNA\",\"url\":\"https:\/\/www.abm-tecna.be\/fr\/\",\"logo\":{\"@type\":\"ImageObject\",\"inLanguage\":\"fr-FR\",\"@id\":\"https:\/\/www.abm-tecna.be\/fr\/#\/schema\/logo\/image\/\",\"url\":\"https:\/\/www.abm-tecna.be\/wp-content\/uploads\/2020\/01\/ABMTECNA_favicon.png\",\"contentUrl\":\"https:\/\/www.abm-tecna.be\/wp-content\/uploads\/2020\/01\/ABMTECNA_favicon.png\",\"width\":512,\"height\":512,\"caption\":\"ABM TECNA\"},\"image\":{\"@id\":\"https:\/\/www.abm-tecna.be\/fr\/#\/schema\/logo\/image\/\"},\"sameAs\":[\"https:\/\/x.com\/ABM_TECNA\",\"https:\/\/www.linkedin.com\/company\/abm\/\",\"https:\/\/www.youtube.com\/channel\/UCRJ02jgCyEoiSCooXgzd7Zg\"]}]}<\/script>\n<!-- \/ Yoast SEO plugin. -->","yoast_head_json":{"title":"Expertise, relev\u00e9s et dimensionnement - ABM TECNA","description":"Nos prestations non exaustives : relev\u00e9 sur site, mise en plans, audit & recommandation, calcul et dimensionnement, expertise, analyse laboratoire","robots":{"index":"index","follow":"follow","max-snippet":"max-snippet:-1","max-image-preview":"max-image-preview:large","max-video-preview":"max-video-preview:-1"},"canonical":"https:\/\/www.abm-tecna.be\/fr\/expertise-releves-et-dimensionnement\/","og_locale":"fr_FR","og_type":"article","og_title":"Expertise, relev\u00e9s et dimensionnement - ABM TECNA","og_description":"Nos prestations non exaustives : relev\u00e9 sur site, mise en plans, audit & recommandation, calcul et dimensionnement, expertise, analyse laboratoire","og_url":"https:\/\/www.abm-tecna.be\/fr\/expertise-releves-et-dimensionnement\/","og_site_name":"ABM TECNA","article_modified_time":"2020-09-18T09:54:10+00:00","og_image":[{"width":711,"height":400,"url":"https:\/\/www.abm-tecna.be\/wp-content\/uploads\/2020\/06\/expertise-1.jpg","type":"image\/jpeg"}],"twitter_card":"summary_large_image","twitter_site":"@ABM_TECNA","twitter_misc":{"Dur\u00e9e de lecture estim\u00e9e":"6 minutes"},"schema":{"@context":"https:\/\/schema.org","@graph":[{"@type":"WebPage","@id":"https:\/\/www.abm-tecna.be\/fr\/expertise-releves-et-dimensionnement\/","url":"https:\/\/www.abm-tecna.be\/fr\/expertise-releves-et-dimensionnement\/","name":"Expertise, relev\u00e9s et dimensionnement - ABM TECNA","isPartOf":{"@id":"https:\/\/www.abm-tecna.be\/fr\/#website"},"primaryImageOfPage":{"@id":"https:\/\/www.abm-tecna.be\/fr\/expertise-releves-et-dimensionnement\/#primaryimage"},"image":{"@id":"https:\/\/www.abm-tecna.be\/fr\/expertise-releves-et-dimensionnement\/#primaryimage"},"thumbnailUrl":"https:\/\/www.abm-tecna.be\/wp-content\/uploads\/2020\/06\/expertise-1.jpg","datePublished":"2019-11-26T13:38:45+00:00","dateModified":"2020-09-18T09:54:10+00:00","description":"Nos prestations non exaustives : relev\u00e9 sur site, mise en plans, audit & recommandation, calcul et dimensionnement, expertise, analyse laboratoire","breadcrumb":{"@id":"https:\/\/www.abm-tecna.be\/fr\/expertise-releves-et-dimensionnement\/#breadcrumb"},"inLanguage":"fr-FR","potentialAction":[{"@type":"ReadAction","target":["https:\/\/www.abm-tecna.be\/fr\/expertise-releves-et-dimensionnement\/"]}]},{"@type":"ImageObject","inLanguage":"fr-FR","@id":"https:\/\/www.abm-tecna.be\/fr\/expertise-releves-et-dimensionnement\/#primaryimage","url":"https:\/\/www.abm-tecna.be\/wp-content\/uploads\/2020\/06\/expertise-1.jpg","contentUrl":"https:\/\/www.abm-tecna.be\/wp-content\/uploads\/2020\/06\/expertise-1.jpg","width":711,"height":400},{"@type":"BreadcrumbList","@id":"https:\/\/www.abm-tecna.be\/fr\/expertise-releves-et-dimensionnement\/#breadcrumb","itemListElement":[{"@type":"ListItem","position":1,"name":"Home","item":"https:\/\/www.abm-tecna.be\/fr\/"},{"@type":"ListItem","position":2,"name":"Expertise, relev\u00e9s et dimensionnement"}]},{"@type":"WebSite","@id":"https:\/\/www.abm-tecna.be\/fr\/#website","url":"https:\/\/www.abm-tecna.be\/fr\/","name":"ABM TECNA","description":"La solution Globale","publisher":{"@id":"https:\/\/www.abm-tecna.be\/fr\/#organization"},"potentialAction":[{"@type":"SearchAction","target":{"@type":"EntryPoint","urlTemplate":"https:\/\/www.abm-tecna.be\/fr\/?s={search_term_string}"},"query-input":{"@type":"PropertyValueSpecification","valueRequired":true,"valueName":"search_term_string"}}],"inLanguage":"fr-FR"},{"@type":"Organization","@id":"https:\/\/www.abm-tecna.be\/fr\/#organization","name":"ABM TECNA","url":"https:\/\/www.abm-tecna.be\/fr\/","logo":{"@type":"ImageObject","inLanguage":"fr-FR","@id":"https:\/\/www.abm-tecna.be\/fr\/#\/schema\/logo\/image\/","url":"https:\/\/www.abm-tecna.be\/wp-content\/uploads\/2020\/01\/ABMTECNA_favicon.png","contentUrl":"https:\/\/www.abm-tecna.be\/wp-content\/uploads\/2020\/01\/ABMTECNA_favicon.png","width":512,"height":512,"caption":"ABM TECNA"},"image":{"@id":"https:\/\/www.abm-tecna.be\/fr\/#\/schema\/logo\/image\/"},"sameAs":["https:\/\/x.com\/ABM_TECNA","https:\/\/www.linkedin.com\/company\/abm\/","https:\/\/www.youtube.com\/channel\/UCRJ02jgCyEoiSCooXgzd7Zg"]}]}},"_links":{"self":[{"href":"https:\/\/www.abm-tecna.be\/fr\/wp-json\/wp\/v2\/pages\/1170","targetHints":{"allow":["GET"]}}],"collection":[{"href":"https:\/\/www.abm-tecna.be\/fr\/wp-json\/wp\/v2\/pages"}],"about":[{"href":"https:\/\/www.abm-tecna.be\/fr\/wp-json\/wp\/v2\/types\/page"}],"author":[{"embeddable":true,"href":"https:\/\/www.abm-tecna.be\/fr\/wp-json\/wp\/v2\/users\/2"}],"replies":[{"embeddable":true,"href":"https:\/\/www.abm-tecna.be\/fr\/wp-json\/wp\/v2\/comments?post=1170"}],"version-history":[{"count":34,"href":"https:\/\/www.abm-tecna.be\/fr\/wp-json\/wp\/v2\/pages\/1170\/revisions"}],"predecessor-version":[{"id":6664,"href":"https:\/\/www.abm-tecna.be\/fr\/wp-json\/wp\/v2\/pages\/1170\/revisions\/6664"}],"wp:featuredmedia":[{"embeddable":true,"href":"https:\/\/www.abm-tecna.be\/fr\/wp-json\/wp\/v2\/media\/4070"}],"wp:attachment":[{"href":"https:\/\/www.abm-tecna.be\/fr\/wp-json\/wp\/v2\/media?parent=1170"}],"curies":[{"name":"wp","href":"https:\/\/api.w.org\/{rel}","templated":true}]}}