{"id":1207,"date":"2019-11-26T14:49:57","date_gmt":"2019-11-26T13:49:57","guid":{"rendered":"http:\/\/abm-tecna.com\/?page_id=1207"},"modified":"2022-02-17T15:41:44","modified_gmt":"2022-02-17T14:41:44","slug":"convoyeurs-a-bandes-caoutchouc","status":"publish","type":"page","link":"https:\/\/www.abm-tecna.be\/fr\/convoyeurs-a-bandes-caoutchouc\/","title":{"rendered":"Convoyeurs \u00e0 bandes caoutchouc"},"content":{"rendered":"[vc_row type=\u00a0\u00bbin_container\u00a0\u00bb full_screen_row_position=\u00a0\u00bbmiddle\u00a0\u00bb column_margin=\u00a0\u00bbdefault\u00a0\u00bb equal_height=\u00a0\u00bbyes\u00a0\u00bb content_placement=\u00a0\u00bbmiddle\u00a0\u00bb column_direction=\u00a0\u00bbdefault\u00a0\u00bb column_direction_tablet=\u00a0\u00bbdefault\u00a0\u00bb column_direction_phone=\u00a0\u00bbdefault\u00a0\u00bb bg_image=\u00a0\u00bb4538&Prime; bg_position=\u00a0\u00bbcenter center\u00a0\u00bb bg_repeat=\u00a0\u00bbno-repeat\u00a0\u00bb scene_position=\u00a0\u00bbcenter\u00a0\u00bb top_padding=\u00a0\u00bb64&Prime; bottom_padding=\u00a0\u00bb160&Prime; text_color=\u00a0\u00bblight\u00a0\u00bb text_align=\u00a0\u00bbleft\u00a0\u00bb row_border_radius=\u00a0\u00bbnone\u00a0\u00bb row_border_radius_applies=\u00a0\u00bbbg\u00a0\u00bb color_overlay=\u00a0\u00bb#f8971d\u00a0\u00bb overlay_strength=\u00a0\u00bb0.95&Prime; gradient_direction=\u00a0\u00bbtop_to_bottom\u00a0\u00bb enable_shape_divider=\u00a0\u00bbtrue\u00a0\u00bb shape_divider_position=\u00a0\u00bbbottom\u00a0\u00bb shape_divider_height=\u00a0\u00bb256&Prime; bg_image_animation=\u00a0\u00bbnone\u00a0\u00bb shape_type=\u00a0\u00bbtriangle\u00a0\u00bb][vc_column column_padding=\u00a0\u00bbno-extra-padding\u00a0\u00bb column_padding_tablet=\u00a0\u00bbinherit\u00a0\u00bb column_padding_phone=\u00a0\u00bbinherit\u00a0\u00bb column_padding_position=\u00a0\u00bball\u00a0\u00bb background_color_opacity=\u00a0\u00bb1&Prime; background_hover_color_opacity=\u00a0\u00bb1&Prime; column_shadow=\u00a0\u00bbnone\u00a0\u00bb column_border_radius=\u00a0\u00bbnone\u00a0\u00bb column_link_target=\u00a0\u00bb_self\u00a0\u00bb gradient_direction=\u00a0\u00bbleft_to_right\u00a0\u00bb overlay_strength=\u00a0\u00bb0.3&Prime; width=\u00a0\u00bb1\/1&Prime; tablet_width_inherit=\u00a0\u00bbdefault\u00a0\u00bb tablet_text_alignment=\u00a0\u00bbdefault\u00a0\u00bb phone_text_alignment=\u00a0\u00bbdefault\u00a0\u00bb column_border_width=\u00a0\u00bbnone\u00a0\u00bb column_border_style=\u00a0\u00bbsolid\u00a0\u00bb bg_image_animation=\u00a0\u00bbnone\u00a0\u00bb][split_line_heading animation_type=\u00a0\u00bbdefault\u00a0\u00bb]\n<h1 style=\"text-align: center;\">Convoyeurs \u00e0 bandes caoutchouc<\/h1>\n[\/split_line_heading][vc_text_separator title=\u00a0\u00bbSolution Globale par \u00e9quipement\u00a0\u00bb border_width=\u00a0\u00bb2&Prime; el_width=\u00a0\u00bb60&Prime; css=\u00a0\u00bb.vc_custom_1596008346779{margin-bottom: 80px !important;}\u00a0\u00bb][nectar_icon_list color=\u00a0\u00bbExtra-Color-3&Prime; direction=\u00a0\u00bbhorizontal\u00a0\u00bb columns=\u00a0\u00bb4&Prime; icon_size=\u00a0\u00bbsmall\u00a0\u00bb icon_style=\u00a0\u00bbno-border\u00a0\u00bb][nectar_icon_list_item icon_type=\u00a0\u00bbicon\u00a0\u00bb title=\u00a0\u00bbList Item\u00a0\u00bb id=\u00a0\u00bb1645108858065-4&Prime; header=\u00a0\u00bbFournisseur de tous composants\u00a0\u00bb icon_fontawesome=\u00a0\u00bbfa fa-truck\u00a0\u00bb tab_id=\u00a0\u00bb1645108858065-2&Prime;][vc_column_text][\/vc_column_text][\/nectar_icon_list_item][nectar_icon_list_item icon_type=\u00a0\u00bbicon\u00a0\u00bb title=\u00a0\u00bbList Item\u00a0\u00bb id=\u00a0\u00bb1645108858082-2&Prime; header=\u00a0\u00bbPlacement et r\u00e9glages\u00a0\u00bb icon_fontawesome=\u00a0\u00bbfa fa-cog\u00a0\u00bb tab_id=\u00a0\u00bb1645108858082-9&Prime;][vc_column_text][\/vc_column_text][\/nectar_icon_list_item][nectar_icon_list_item icon_type=\u00a0\u00bbicon\u00a0\u00bb title=\u00a0\u00bbList Item\u00a0\u00bb id=\u00a0\u00bb1645108858093-9&Prime; header=\u00a0\u00bbMaintenance m\u00e9canique\u00a0\u00bb icon_fontawesome=\u00a0\u00bbfa fa-refresh\u00a0\u00bb tab_id=\u00a0\u00bb1645108858093-2&Prime;][vc_column_text][\/vc_column_text][\/nectar_icon_list_item][nectar_icon_list_item icon_type=\u00a0\u00bbicon\u00a0\u00bb title=\u00a0\u00bbList Item\u00a0\u00bb id=\u00a0\u00bb1645108858101-5&Prime; header=\u00a0\u00bbJonctionnement &amp; garnissage\u00a0\u00bb icon_fontawesome=\u00a0\u00bbfa fa-list-alt\u00a0\u00bb tab_id=\u00a0\u00bb1645108858101-9&Prime;][vc_column_text][\/vc_column_text][\/nectar_icon_list_item][nectar_icon_list_item icon_type=\u00a0\u00bbicon\u00a0\u00bb title=\u00a0\u00bbList Item\u00a0\u00bb id=\u00a0\u00bb1645108858110-9&Prime; header=\u00a0\u00bbEngineering, fiabilisation\u00a0\u00bb icon_fontawesome=\u00a0\u00bbfa fa-calculator\u00a0\u00bb tab_id=\u00a0\u00bb1645108858110-0&Prime;][vc_column_text][\/vc_column_text][\/nectar_icon_list_item][nectar_icon_list_item icon_type=\u00a0\u00bbicon\u00a0\u00bb title=\u00a0\u00bbList Item\u00a0\u00bb id=\u00a0\u00bb1645108858120-9&Prime; header=\u00a0\u00bbFabrication d\u2019\u00e9quipements complets\u00a0\u00bb icon_fontawesome=\u00a0\u00bbfa fa-check-square-o\u00a0\u00bb tab_id=\u00a0\u00bb1645108858121-5&Prime;][vc_column_text][\/vc_column_text][\/nectar_icon_list_item][nectar_icon_list_item icon_type=\u00a0\u00bbicon\u00a0\u00bb title=\u00a0\u00bbList Item\u00a0\u00bb id=\u00a0\u00bb1645108858133-3&Prime; header=\u00a0\u00bbCapacit\u00e9 d\u2019intervention\u00a0\u00bb icon_fontawesome=\u00a0\u00bbfa fa-road\u00a0\u00bb tab_id=\u00a0\u00bb1645108858133-0&Prime;][vc_column_text][\/vc_column_text][\/nectar_icon_list_item][nectar_icon_list_item icon_type=\u00a0\u00bbicon\u00a0\u00bb title=\u00a0\u00bbList Item\u00a0\u00bb id=\u00a0\u00bb1645108858142-5&Prime; header=\u00a0\u00bbContrat de livraison et\/ou maintenance\u00a0\u00bb icon_fontawesome=\u00a0\u00bbfa fa-handshake-o\u00a0\u00bb tab_id=\u00a0\u00bb1645108858142-7&Prime;][vc_column_text][\/vc_column_text][\/nectar_icon_list_item][\/nectar_icon_list][\/vc_column][\/vc_row][vc_row type=\u00a0\u00bbin_container\u00a0\u00bb full_screen_row_position=\u00a0\u00bbmiddle\u00a0\u00bb column_margin=\u00a0\u00bbnone\u00a0\u00bb equal_height=\u00a0\u00bbyes\u00a0\u00bb content_placement=\u00a0\u00bbtop\u00a0\u00bb column_direction=\u00a0\u00bbdefault\u00a0\u00bb column_direction_tablet=\u00a0\u00bbdefault\u00a0\u00bb column_direction_phone=\u00a0\u00bbdefault\u00a0\u00bb scene_position=\u00a0\u00bbcenter\u00a0\u00bb text_color=\u00a0\u00bbdark\u00a0\u00bb text_align=\u00a0\u00bbleft\u00a0\u00bb row_border_radius=\u00a0\u00bbnone\u00a0\u00bb row_border_radius_applies=\u00a0\u00bbbg\u00a0\u00bb zindex=\u00a0\u00bb100&Prime; overlay_strength=\u00a0\u00bb0.3&Prime; gradient_direction=\u00a0\u00bbleft_to_right\u00a0\u00bb shape_divider_position=\u00a0\u00bbbottom\u00a0\u00bb bg_image_animation=\u00a0\u00bbnone\u00a0\u00bb shape_type=\u00a0\u00bb\u00a0\u00bb][vc_column column_padding=\u00a0\u00bbno-extra-padding\u00a0\u00bb column_padding_tablet=\u00a0\u00bbinherit\u00a0\u00bb column_padding_phone=\u00a0\u00bbinherit\u00a0\u00bb column_padding_position=\u00a0\u00bball\u00a0\u00bb background_color_opacity=\u00a0\u00bb1&Prime; background_hover_color_opacity=\u00a0\u00bb1&Prime; column_shadow=\u00a0\u00bbnone\u00a0\u00bb column_border_radius=\u00a0\u00bbnone\u00a0\u00bb column_link_target=\u00a0\u00bb_self\u00a0\u00bb el_class=\u00a0\u00bblinks-not-on-mobile\u00a0\u00bb gradient_direction=\u00a0\u00bbleft_to_right\u00a0\u00bb overlay_strength=\u00a0\u00bb0.3&Prime; width=\u00a0\u00bb1\/1&Prime; tablet_width_inherit=\u00a0\u00bbdefault\u00a0\u00bb tablet_text_alignment=\u00a0\u00bbdefault\u00a0\u00bb phone_text_alignment=\u00a0\u00bbdefault\u00a0\u00bb column_border_width=\u00a0\u00bbnone\u00a0\u00bb column_border_style=\u00a0\u00bbsolid\u00a0\u00bb bg_image_animation=\u00a0\u00bbnone\u00a0\u00bb][vc_raw_html]JTIwJTVCZHJhd2F0dGVudGlvbiUyMElEJTNEJTIyNjgyOSUyMiU1RA==[\/vc_raw_html][vc_row_inner equal_height=\u00a0\u00bbyes\u00a0\u00bb content_placement=\u00a0\u00bbmiddle\u00a0\u00bb column_margin=\u00a0\u00bbdefault\u00a0\u00bb column_direction=\u00a0\u00bbdefault\u00a0\u00bb column_direction_tablet=\u00a0\u00bbdefault\u00a0\u00bb column_direction_phone=\u00a0\u00bbdefault\u00a0\u00bb text_align=\u00a0\u00bbleft\u00a0\u00bb class=\u00a0\u00bblistlinks\u00a0\u00bb][vc_column_inner column_padding=\u00a0\u00bbno-extra-padding\u00a0\u00bb column_padding_tablet=\u00a0\u00bbinherit\u00a0\u00bb column_padding_phone=\u00a0\u00bbinherit\u00a0\u00bb column_padding_position=\u00a0\u00bball\u00a0\u00bb background_color_opacity=\u00a0\u00bb1&Prime; background_hover_color_opacity=\u00a0\u00bb1&Prime; column_shadow=\u00a0\u00bbnone\u00a0\u00bb column_border_radius=\u00a0\u00bbnone\u00a0\u00bb column_link_target=\u00a0\u00bb_self\u00a0\u00bb gradient_direction=\u00a0\u00bbleft_to_right\u00a0\u00bb overlay_strength=\u00a0\u00bb0.3&Prime; width=\u00a0\u00bb1\/3&Prime; tablet_width_inherit=\u00a0\u00bbdefault\u00a0\u00bb column_border_width=\u00a0\u00bbnone\u00a0\u00bb column_border_style=\u00a0\u00bbsolid\u00a0\u00bb bg_image_animation=\u00a0\u00bbnone\u00a0\u00bb]<div class=\"nectar-fancy-ul\" data-list-icon=\"fa fa-chevron-right\" data-animation=\"false\" data-animation-delay=\"0\" data-color=\"accent-color\" data-spacing=\"15px\" data-alignment=\"left\"> \n<ul>\n<li><a href=\".\/..\/fr\/moteurs-electriques\/\">Moteurs \u00e9lectriques<\/a><\/li>\n<li><a href=\".\/..\/fr\/variateurs-de-vitesse-basse-tension\/\">Variateurs de vitesse<\/a><\/li>\n<li><a href=\".\/..\/fr\/reducteurs-mecaniques-de-vitesse\/\">R\u00e9ducteurs m\u00e9caniques de vitesse<\/a><\/li>\n<li><a href=\".\/..\/fr\/paliers-et-roulements\/\">Paliers et Roulements<\/a><\/li>\n<li><a href=\".\/..\/fr\/transmission-par-courroies\/\">Transmission par courroies<\/a><\/li>\n<li><a href=\".\/..\/fr\/transmission-par-chaines\/\">Transmission par cha\u00eenes<\/a><\/li>\n<\/ul>\n <\/div>[\/vc_column_inner][vc_column_inner column_padding=\u00a0\u00bbno-extra-padding\u00a0\u00bb column_padding_tablet=\u00a0\u00bbinherit\u00a0\u00bb column_padding_phone=\u00a0\u00bbinherit\u00a0\u00bb column_padding_position=\u00a0\u00bball\u00a0\u00bb background_color_opacity=\u00a0\u00bb1&Prime; background_hover_color_opacity=\u00a0\u00bb1&Prime; column_shadow=\u00a0\u00bbnone\u00a0\u00bb column_border_radius=\u00a0\u00bbnone\u00a0\u00bb column_link_target=\u00a0\u00bb_self\u00a0\u00bb gradient_direction=\u00a0\u00bbleft_to_right\u00a0\u00bb overlay_strength=\u00a0\u00bb0.3&Prime; width=\u00a0\u00bb1\/3&Prime; tablet_width_inherit=\u00a0\u00bbdefault\u00a0\u00bb column_border_width=\u00a0\u00bbnone\u00a0\u00bb column_border_style=\u00a0\u00bbsolid\u00a0\u00bb bg_image_animation=\u00a0\u00bbnone\u00a0\u00bb]<div class=\"nectar-fancy-ul\" data-list-icon=\"fa fa-chevron-right\" data-animation=\"false\" data-animation-delay=\"0\" data-color=\"accent-color\" data-spacing=\"15px\" data-alignment=\"left\"> \n<ul>\n<li><a href=\".\/..\/fr\/accouplements\/\">Accouplements<\/a><\/li>\n<li><a href=\".\/..\/convoyeurs-a-bande\/bandes-transporteuses-caoutchouc\/\">Bandes transporteuses<\/a><\/li>\n<li><a href=\".\/..\/fr\/rouleaux-et-supports\/\">Rouleaux et supports<\/a><\/li>\n<li><a href=\".\/..\/fr\/tambours\/\">Tambours<\/a><\/li>\n<li><a href=\".\/..\/fr\/etancheite-des-convoyeurs\/\">\u00c9tanch\u00e9it\u00e9 des convoyeurs<\/a><\/li>\n<li><a href=\".\/..\/fr\/amortissement-impact\/\">Amortissement d\u2019impact<\/a><\/li>\n<\/ul>\n <\/div>[\/vc_column_inner][vc_column_inner column_padding=\u00a0\u00bbno-extra-padding\u00a0\u00bb column_padding_tablet=\u00a0\u00bbinherit\u00a0\u00bb column_padding_phone=\u00a0\u00bbinherit\u00a0\u00bb column_padding_position=\u00a0\u00bball\u00a0\u00bb background_color_opacity=\u00a0\u00bb1&Prime; background_hover_color_opacity=\u00a0\u00bb1&Prime; column_shadow=\u00a0\u00bbnone\u00a0\u00bb column_border_radius=\u00a0\u00bbnone\u00a0\u00bb column_link_target=\u00a0\u00bb_self\u00a0\u00bb gradient_direction=\u00a0\u00bbleft_to_right\u00a0\u00bb overlay_strength=\u00a0\u00bb0.3&Prime; width=\u00a0\u00bb1\/3&Prime; tablet_width_inherit=\u00a0\u00bbdefault\u00a0\u00bb column_border_width=\u00a0\u00bbnone\u00a0\u00bb column_border_style=\u00a0\u00bbsolid\u00a0\u00bb bg_image_animation=\u00a0\u00bbnone\u00a0\u00bb]<div class=\"nectar-fancy-ul\" data-list-icon=\"fa fa-chevron-right\" data-animation=\"false\" data-animation-delay=\"0\" data-color=\"accent-color\" data-spacing=\"15px\" data-alignment=\"left\"> \n<ul>\n<li><a href=\".\/..\/fr\/alignement-de-la-bande\/\">Alignement de la bande<\/a><\/li>\n<li><a href=\".\/..\/fr\/securite-des-personnes\/\">S\u00e9curit\u00e9 des personnes<\/a><\/li>\n<li><a href=\".\/..\/fr\/revetement-tremies-goulottes-et-cyclones\/\">Rev\u00eatement tr\u00e9mies, goulottes et cyclones<\/a><\/li>\n<li><a href=\".\/..\/fr\/revetement-tambours\/\">Rev\u00eatement tambours<\/a><\/li>\n<li><a href=\".\/..\/fr\/surveillance-et-protection-de-vos-installations\/\">Surveillance et protection de vos installations<\/a><\/li>\n<\/ul>\n <\/div>[\/vc_column_inner][\/vc_row_inner][\/vc_column][\/vc_row]\n","protected":false},"excerpt":{"rendered":"<p>[vc_row type=\u00a0\u00bbin_container\u00a0\u00bb full_screen_row_position=\u00a0\u00bbmiddle\u00a0\u00bb column_margin=\u00a0\u00bbdefault\u00a0\u00bb equal_height=\u00a0\u00bbyes\u00a0\u00bb content_placement=\u00a0\u00bbmiddle\u00a0\u00bb column_direction=\u00a0\u00bbdefault\u00a0\u00bb column_direction_tablet=\u00a0\u00bbdefault\u00a0\u00bb column_direction_phone=\u00a0\u00bbdefault\u00a0\u00bb bg_image=\u00a0\u00bb4538&Prime; bg_position=\u00a0\u00bbcenter center\u00a0\u00bb bg_repeat=\u00a0\u00bbno-repeat\u00a0\u00bb scene_position=\u00a0\u00bbcenter\u00a0\u00bb top_padding=\u00a0\u00bb64&Prime; bottom_padding=\u00a0\u00bb160&Prime; text_color=\u00a0\u00bblight\u00a0\u00bb text_align=\u00a0\u00bbleft\u00a0\u00bb row_border_radius=\u00a0\u00bbnone\u00a0\u00bb row_border_radius_applies=\u00a0\u00bbbg\u00a0\u00bb color_overlay=\u00a0\u00bb#f8971d\u00a0\u00bb overlay_strength=\u00a0\u00bb0.95&Prime; gradient_direction=\u00a0\u00bbtop_to_bottom\u00a0\u00bb enable_shape_divider=\u00a0\u00bbtrue\u00a0\u00bb shape_divider_position=\u00a0\u00bbbottom\u00a0\u00bb shape_divider_height=\u00a0\u00bb256&Prime; bg_image_animation=\u00a0\u00bbnone\u00a0\u00bb shape_type=\u00a0\u00bbtriangle\u00a0\u00bb][vc_column column_padding=\u00a0\u00bbno-extra-padding\u00a0\u00bb column_padding_tablet=\u00a0\u00bbinherit\u00a0\u00bb&#8230;<\/p>\n","protected":false},"author":2,"featured_media":4670,"parent":0,"menu_order":0,"comment_status":"closed","ping_status":"closed","template":"","meta":{"footnotes":""},"class_list":["post-1207","page","type-page","status-publish","has-post-thumbnail"],"yoast_head":"<!-- This site is optimized with the Yoast SEO plugin v27.5 - https:\/\/yoast.com\/product\/yoast-seo-wordpress\/ -->\n<title>Convoyeurs \u00e0 bandes caoutchouc - ABM TECNA<\/title>\n<meta name=\"description\" content=\"La solution globale pour convoyeur \u00e0 bande caoutchouc c&#039;est la fourniture de l&#039;ensemble des pi\u00e8ces d\u00e9tach\u00e9es pour sa maintenance ou optimisation.\" \/>\n<meta name=\"robots\" content=\"index, follow, max-snippet:-1, max-image-preview:large, max-video-preview:-1\" \/>\n<link rel=\"canonical\" href=\"https:\/\/www.abm-tecna.be\/fr\/convoyeurs-a-bandes-caoutchouc\/\" \/>\n<meta property=\"og:locale\" content=\"fr_FR\" \/>\n<meta property=\"og:type\" content=\"article\" \/>\n<meta property=\"og:title\" content=\"Convoyeurs \u00e0 bandes caoutchouc - ABM TECNA\" \/>\n<meta property=\"og:description\" content=\"La solution globale pour convoyeur \u00e0 bande caoutchouc c&#039;est la fourniture de l&#039;ensemble des pi\u00e8ces d\u00e9tach\u00e9es pour sa maintenance ou optimisation.\" \/>\n<meta property=\"og:url\" content=\"https:\/\/www.abm-tecna.be\/fr\/convoyeurs-a-bandes-caoutchouc\/\" \/>\n<meta property=\"og:site_name\" content=\"ABM TECNA\" \/>\n<meta property=\"article:modified_time\" content=\"2022-02-17T14:41:44+00:00\" \/>\n<meta property=\"og:image\" content=\"https:\/\/www.abm-tecna.be\/wp-content\/uploads\/2020\/07\/Ensemble-3-TP-\u00e0-bande.jpg\" \/>\n\t<meta property=\"og:image:width\" content=\"1334\" \/>\n\t<meta property=\"og:image:height\" content=\"1200\" \/>\n\t<meta property=\"og:image:type\" content=\"image\/jpeg\" \/>\n<meta name=\"twitter:card\" content=\"summary_large_image\" \/>\n<meta name=\"twitter:site\" content=\"@ABM_TECNA\" \/>\n<meta name=\"twitter:label1\" content=\"Dur\u00e9e de lecture estim\u00e9e\" \/>\n\t<meta name=\"twitter:data1\" content=\"2 minutes\" \/>\n<script type=\"application\/ld+json\" class=\"yoast-schema-graph\">{\"@context\":\"https:\\\/\\\/schema.org\",\"@graph\":[{\"@type\":\"WebPage\",\"@id\":\"https:\\\/\\\/www.abm-tecna.be\\\/fr\\\/convoyeurs-a-bandes-caoutchouc\\\/\",\"url\":\"https:\\\/\\\/www.abm-tecna.be\\\/fr\\\/convoyeurs-a-bandes-caoutchouc\\\/\",\"name\":\"Convoyeurs \u00e0 bandes caoutchouc - ABM TECNA\",\"isPartOf\":{\"@id\":\"https:\\\/\\\/www.abm-tecna.be\\\/fr\\\/#website\"},\"primaryImageOfPage\":{\"@id\":\"https:\\\/\\\/www.abm-tecna.be\\\/fr\\\/convoyeurs-a-bandes-caoutchouc\\\/#primaryimage\"},\"image\":{\"@id\":\"https:\\\/\\\/www.abm-tecna.be\\\/fr\\\/convoyeurs-a-bandes-caoutchouc\\\/#primaryimage\"},\"thumbnailUrl\":\"https:\\\/\\\/www.abm-tecna.be\\\/wp-content\\\/uploads\\\/2020\\\/07\\\/Ensemble-3-TP-\u00e0-bande.jpg\",\"datePublished\":\"2019-11-26T13:49:57+00:00\",\"dateModified\":\"2022-02-17T14:41:44+00:00\",\"description\":\"La solution globale pour convoyeur \u00e0 bande caoutchouc c'est la fourniture de l'ensemble des pi\u00e8ces d\u00e9tach\u00e9es pour sa maintenance ou optimisation.\",\"breadcrumb\":{\"@id\":\"https:\\\/\\\/www.abm-tecna.be\\\/fr\\\/convoyeurs-a-bandes-caoutchouc\\\/#breadcrumb\"},\"inLanguage\":\"fr-FR\",\"potentialAction\":[{\"@type\":\"ReadAction\",\"target\":[\"https:\\\/\\\/www.abm-tecna.be\\\/fr\\\/convoyeurs-a-bandes-caoutchouc\\\/\"]}]},{\"@type\":\"ImageObject\",\"inLanguage\":\"fr-FR\",\"@id\":\"https:\\\/\\\/www.abm-tecna.be\\\/fr\\\/convoyeurs-a-bandes-caoutchouc\\\/#primaryimage\",\"url\":\"https:\\\/\\\/www.abm-tecna.be\\\/wp-content\\\/uploads\\\/2020\\\/07\\\/Ensemble-3-TP-\u00e0-bande.jpg\",\"contentUrl\":\"https:\\\/\\\/www.abm-tecna.be\\\/wp-content\\\/uploads\\\/2020\\\/07\\\/Ensemble-3-TP-\u00e0-bande.jpg\",\"width\":1334,\"height\":1200},{\"@type\":\"BreadcrumbList\",\"@id\":\"https:\\\/\\\/www.abm-tecna.be\\\/fr\\\/convoyeurs-a-bandes-caoutchouc\\\/#breadcrumb\",\"itemListElement\":[{\"@type\":\"ListItem\",\"position\":1,\"name\":\"Home\",\"item\":\"https:\\\/\\\/www.abm-tecna.be\\\/fr\\\/\"},{\"@type\":\"ListItem\",\"position\":2,\"name\":\"Convoyeurs \u00e0 bandes caoutchouc\"}]},{\"@type\":\"WebSite\",\"@id\":\"https:\\\/\\\/www.abm-tecna.be\\\/fr\\\/#website\",\"url\":\"https:\\\/\\\/www.abm-tecna.be\\\/fr\\\/\",\"name\":\"ABM TECNA\",\"description\":\"La solution Globale\",\"publisher\":{\"@id\":\"https:\\\/\\\/www.abm-tecna.be\\\/fr\\\/#organization\"},\"potentialAction\":[{\"@type\":\"SearchAction\",\"target\":{\"@type\":\"EntryPoint\",\"urlTemplate\":\"https:\\\/\\\/www.abm-tecna.be\\\/fr\\\/?s={search_term_string}\"},\"query-input\":{\"@type\":\"PropertyValueSpecification\",\"valueRequired\":true,\"valueName\":\"search_term_string\"}}],\"inLanguage\":\"fr-FR\"},{\"@type\":\"Organization\",\"@id\":\"https:\\\/\\\/www.abm-tecna.be\\\/fr\\\/#organization\",\"name\":\"ABM TECNA\",\"url\":\"https:\\\/\\\/www.abm-tecna.be\\\/fr\\\/\",\"logo\":{\"@type\":\"ImageObject\",\"inLanguage\":\"fr-FR\",\"@id\":\"https:\\\/\\\/www.abm-tecna.be\\\/fr\\\/#\\\/schema\\\/logo\\\/image\\\/\",\"url\":\"https:\\\/\\\/www.abm-tecna.be\\\/wp-content\\\/uploads\\\/2020\\\/01\\\/ABMTECNA_favicon.png\",\"contentUrl\":\"https:\\\/\\\/www.abm-tecna.be\\\/wp-content\\\/uploads\\\/2020\\\/01\\\/ABMTECNA_favicon.png\",\"width\":512,\"height\":512,\"caption\":\"ABM TECNA\"},\"image\":{\"@id\":\"https:\\\/\\\/www.abm-tecna.be\\\/fr\\\/#\\\/schema\\\/logo\\\/image\\\/\"},\"sameAs\":[\"https:\\\/\\\/x.com\\\/ABM_TECNA\",\"https:\\\/\\\/www.linkedin.com\\\/company\\\/abm\\\/\",\"https:\\\/\\\/www.youtube.com\\\/channel\\\/UCRJ02jgCyEoiSCooXgzd7Zg\"]}]}<\/script>\n<!-- \/ Yoast SEO plugin. -->","yoast_head_json":{"title":"Convoyeurs \u00e0 bandes caoutchouc - ABM TECNA","description":"La solution globale pour convoyeur \u00e0 bande caoutchouc c'est la fourniture de l'ensemble des pi\u00e8ces d\u00e9tach\u00e9es pour sa maintenance ou optimisation.","robots":{"index":"index","follow":"follow","max-snippet":"max-snippet:-1","max-image-preview":"max-image-preview:large","max-video-preview":"max-video-preview:-1"},"canonical":"https:\/\/www.abm-tecna.be\/fr\/convoyeurs-a-bandes-caoutchouc\/","og_locale":"fr_FR","og_type":"article","og_title":"Convoyeurs \u00e0 bandes caoutchouc - ABM TECNA","og_description":"La solution globale pour convoyeur \u00e0 bande caoutchouc c'est la fourniture de l'ensemble des pi\u00e8ces d\u00e9tach\u00e9es pour sa maintenance ou optimisation.","og_url":"https:\/\/www.abm-tecna.be\/fr\/convoyeurs-a-bandes-caoutchouc\/","og_site_name":"ABM TECNA","article_modified_time":"2022-02-17T14:41:44+00:00","og_image":[{"width":1334,"height":1200,"url":"https:\/\/www.abm-tecna.be\/wp-content\/uploads\/2020\/07\/Ensemble-3-TP-\u00e0-bande.jpg","type":"image\/jpeg"}],"twitter_card":"summary_large_image","twitter_site":"@ABM_TECNA","twitter_misc":{"Dur\u00e9e de lecture estim\u00e9e":"2 minutes"},"schema":{"@context":"https:\/\/schema.org","@graph":[{"@type":"WebPage","@id":"https:\/\/www.abm-tecna.be\/fr\/convoyeurs-a-bandes-caoutchouc\/","url":"https:\/\/www.abm-tecna.be\/fr\/convoyeurs-a-bandes-caoutchouc\/","name":"Convoyeurs \u00e0 bandes caoutchouc - ABM TECNA","isPartOf":{"@id":"https:\/\/www.abm-tecna.be\/fr\/#website"},"primaryImageOfPage":{"@id":"https:\/\/www.abm-tecna.be\/fr\/convoyeurs-a-bandes-caoutchouc\/#primaryimage"},"image":{"@id":"https:\/\/www.abm-tecna.be\/fr\/convoyeurs-a-bandes-caoutchouc\/#primaryimage"},"thumbnailUrl":"https:\/\/www.abm-tecna.be\/wp-content\/uploads\/2020\/07\/Ensemble-3-TP-\u00e0-bande.jpg","datePublished":"2019-11-26T13:49:57+00:00","dateModified":"2022-02-17T14:41:44+00:00","description":"La solution globale pour convoyeur \u00e0 bande caoutchouc c'est la fourniture de l'ensemble des pi\u00e8ces d\u00e9tach\u00e9es pour sa maintenance ou optimisation.","breadcrumb":{"@id":"https:\/\/www.abm-tecna.be\/fr\/convoyeurs-a-bandes-caoutchouc\/#breadcrumb"},"inLanguage":"fr-FR","potentialAction":[{"@type":"ReadAction","target":["https:\/\/www.abm-tecna.be\/fr\/convoyeurs-a-bandes-caoutchouc\/"]}]},{"@type":"ImageObject","inLanguage":"fr-FR","@id":"https:\/\/www.abm-tecna.be\/fr\/convoyeurs-a-bandes-caoutchouc\/#primaryimage","url":"https:\/\/www.abm-tecna.be\/wp-content\/uploads\/2020\/07\/Ensemble-3-TP-\u00e0-bande.jpg","contentUrl":"https:\/\/www.abm-tecna.be\/wp-content\/uploads\/2020\/07\/Ensemble-3-TP-\u00e0-bande.jpg","width":1334,"height":1200},{"@type":"BreadcrumbList","@id":"https:\/\/www.abm-tecna.be\/fr\/convoyeurs-a-bandes-caoutchouc\/#breadcrumb","itemListElement":[{"@type":"ListItem","position":1,"name":"Home","item":"https:\/\/www.abm-tecna.be\/fr\/"},{"@type":"ListItem","position":2,"name":"Convoyeurs \u00e0 bandes caoutchouc"}]},{"@type":"WebSite","@id":"https:\/\/www.abm-tecna.be\/fr\/#website","url":"https:\/\/www.abm-tecna.be\/fr\/","name":"ABM TECNA","description":"La solution Globale","publisher":{"@id":"https:\/\/www.abm-tecna.be\/fr\/#organization"},"potentialAction":[{"@type":"SearchAction","target":{"@type":"EntryPoint","urlTemplate":"https:\/\/www.abm-tecna.be\/fr\/?s={search_term_string}"},"query-input":{"@type":"PropertyValueSpecification","valueRequired":true,"valueName":"search_term_string"}}],"inLanguage":"fr-FR"},{"@type":"Organization","@id":"https:\/\/www.abm-tecna.be\/fr\/#organization","name":"ABM TECNA","url":"https:\/\/www.abm-tecna.be\/fr\/","logo":{"@type":"ImageObject","inLanguage":"fr-FR","@id":"https:\/\/www.abm-tecna.be\/fr\/#\/schema\/logo\/image\/","url":"https:\/\/www.abm-tecna.be\/wp-content\/uploads\/2020\/01\/ABMTECNA_favicon.png","contentUrl":"https:\/\/www.abm-tecna.be\/wp-content\/uploads\/2020\/01\/ABMTECNA_favicon.png","width":512,"height":512,"caption":"ABM TECNA"},"image":{"@id":"https:\/\/www.abm-tecna.be\/fr\/#\/schema\/logo\/image\/"},"sameAs":["https:\/\/x.com\/ABM_TECNA","https:\/\/www.linkedin.com\/company\/abm\/","https:\/\/www.youtube.com\/channel\/UCRJ02jgCyEoiSCooXgzd7Zg"]}]}},"_links":{"self":[{"href":"https:\/\/www.abm-tecna.be\/fr\/wp-json\/wp\/v2\/pages\/1207","targetHints":{"allow":["GET"]}}],"collection":[{"href":"https:\/\/www.abm-tecna.be\/fr\/wp-json\/wp\/v2\/pages"}],"about":[{"href":"https:\/\/www.abm-tecna.be\/fr\/wp-json\/wp\/v2\/types\/page"}],"author":[{"embeddable":true,"href":"https:\/\/www.abm-tecna.be\/fr\/wp-json\/wp\/v2\/users\/2"}],"replies":[{"embeddable":true,"href":"https:\/\/www.abm-tecna.be\/fr\/wp-json\/wp\/v2\/comments?post=1207"}],"version-history":[{"count":58,"href":"https:\/\/www.abm-tecna.be\/fr\/wp-json\/wp\/v2\/pages\/1207\/revisions"}],"predecessor-version":[{"id":9446,"href":"https:\/\/www.abm-tecna.be\/fr\/wp-json\/wp\/v2\/pages\/1207\/revisions\/9446"}],"wp:featuredmedia":[{"embeddable":true,"href":"https:\/\/www.abm-tecna.be\/fr\/wp-json\/wp\/v2\/media\/4670"}],"wp:attachment":[{"href":"https:\/\/www.abm-tecna.be\/fr\/wp-json\/wp\/v2\/media?parent=1207"}],"curies":[{"name":"wp","href":"https:\/\/api.w.org\/{rel}","templated":true}]}}