{"id":1211,"date":"2019-11-26T14:50:33","date_gmt":"2019-11-26T13:50:33","guid":{"rendered":"http:\/\/abm-tecna.com\/?page_id=1211"},"modified":"2021-01-12T18:43:58","modified_gmt":"2021-01-12T17:43:58","slug":"elevateurs-a-godets-2","status":"publish","type":"page","link":"https:\/\/www.abm-tecna.be\/fr\/elevateurs-a-godets-2\/","title":{"rendered":"\u00c9l\u00e9vateurs \u00e0 godets"},"content":{"rendered":"[vc_row type=\u00a0\u00bbin_container\u00a0\u00bb full_screen_row_position=\u00a0\u00bbmiddle\u00a0\u00bb column_margin=\u00a0\u00bbdefault\u00a0\u00bb equal_height=\u00a0\u00bbyes\u00a0\u00bb content_placement=\u00a0\u00bbmiddle\u00a0\u00bb column_direction=\u00a0\u00bbdefault\u00a0\u00bb column_direction_tablet=\u00a0\u00bbdefault\u00a0\u00bb column_direction_phone=\u00a0\u00bbdefault\u00a0\u00bb bg_image=\u00a0\u00bb4538&Prime; bg_position=\u00a0\u00bbcenter center\u00a0\u00bb bg_repeat=\u00a0\u00bbno-repeat\u00a0\u00bb scene_position=\u00a0\u00bbcenter\u00a0\u00bb top_padding=\u00a0\u00bb64&Prime; bottom_padding=\u00a0\u00bb160&Prime; text_color=\u00a0\u00bblight\u00a0\u00bb text_align=\u00a0\u00bbleft\u00a0\u00bb row_border_radius=\u00a0\u00bbnone\u00a0\u00bb row_border_radius_applies=\u00a0\u00bbbg\u00a0\u00bb color_overlay=\u00a0\u00bb#f8971d\u00a0\u00bb overlay_strength=\u00a0\u00bb0.95&Prime; gradient_direction=\u00a0\u00bbtop_to_bottom\u00a0\u00bb enable_shape_divider=\u00a0\u00bbtrue\u00a0\u00bb shape_divider_position=\u00a0\u00bbbottom\u00a0\u00bb shape_divider_height=\u00a0\u00bb256&Prime; bg_image_animation=\u00a0\u00bbnone\u00a0\u00bb shape_type=\u00a0\u00bbtriangle\u00a0\u00bb][vc_column column_padding=\u00a0\u00bbno-extra-padding\u00a0\u00bb column_padding_tablet=\u00a0\u00bbinherit\u00a0\u00bb column_padding_phone=\u00a0\u00bbinherit\u00a0\u00bb column_padding_position=\u00a0\u00bball\u00a0\u00bb background_color_opacity=\u00a0\u00bb1&Prime; background_hover_color_opacity=\u00a0\u00bb1&Prime; column_shadow=\u00a0\u00bbnone\u00a0\u00bb column_border_radius=\u00a0\u00bbnone\u00a0\u00bb column_link_target=\u00a0\u00bb_self\u00a0\u00bb gradient_direction=\u00a0\u00bbleft_to_right\u00a0\u00bb overlay_strength=\u00a0\u00bb0.3&Prime; width=\u00a0\u00bb1\/1&Prime; tablet_width_inherit=\u00a0\u00bbdefault\u00a0\u00bb tablet_text_alignment=\u00a0\u00bbdefault\u00a0\u00bb phone_text_alignment=\u00a0\u00bbdefault\u00a0\u00bb column_border_width=\u00a0\u00bbnone\u00a0\u00bb column_border_style=\u00a0\u00bbsolid\u00a0\u00bb bg_image_animation=\u00a0\u00bbnone\u00a0\u00bb][split_line_heading animation_type=\u00a0\u00bbdefault\u00a0\u00bb]\n<h1 style=\"text-align: center;\">\u00c9l\u00e9vateurs \u00e0 godets<\/h1>\n[\/split_line_heading][vc_text_separator title=\u00a0\u00bbSolution Globale par \u00e9quipement\u00a0\u00bb border_width=\u00a0\u00bb2&Prime; el_width=\u00a0\u00bb60&Prime; css=\u00a0\u00bb.vc_custom_1596008346779{margin-bottom: 80px !important;}\u00a0\u00bb][nectar_icon_list color=\u00a0\u00bbExtra-Color-3&Prime; direction=\u00a0\u00bbhorizontal\u00a0\u00bb columns=\u00a0\u00bb4&Prime; icon_size=\u00a0\u00bbsmall\u00a0\u00bb icon_style=\u00a0\u00bbno-border\u00a0\u00bb][nectar_icon_list_item icon_type=\u00a0\u00bbicon\u00a0\u00bb title=\u00a0\u00bbList Item\u00a0\u00bb id=\u00a0\u00bb1600759347266-9&Prime; header=\u00a0\u00bbFournisseur de tous composants\u00a0\u00bb icon_fontawesome=\u00a0\u00bbfa fa-truck\u00a0\u00bb tab_id=\u00a0\u00bb1600759347267-8&Prime;][vc_column_text][\/vc_column_text][\/nectar_icon_list_item][nectar_icon_list_item icon_type=\u00a0\u00bbicon\u00a0\u00bb title=\u00a0\u00bbList Item\u00a0\u00bb id=\u00a0\u00bb1600759347328-6&Prime; header=\u00a0\u00bbPlacement et r\u00e9glages\u00a0\u00bb icon_fontawesome=\u00a0\u00bbfa fa-cog\u00a0\u00bb tab_id=\u00a0\u00bb1600759347328-3&Prime;][vc_column_text][\/vc_column_text][\/nectar_icon_list_item][nectar_icon_list_item icon_type=\u00a0\u00bbicon\u00a0\u00bb title=\u00a0\u00bbList Item\u00a0\u00bb id=\u00a0\u00bb1600759347360-1&Prime; header=\u00a0\u00bbMaintenance m\u00e9canique\u00a0\u00bb icon_fontawesome=\u00a0\u00bbfa fa-refresh\u00a0\u00bb tab_id=\u00a0\u00bb1600759347361-1&Prime;][vc_column_text][\/vc_column_text][\/nectar_icon_list_item][nectar_icon_list_item icon_type=\u00a0\u00bbicon\u00a0\u00bb title=\u00a0\u00bbList Item\u00a0\u00bb id=\u00a0\u00bb1600759347389-2&Prime; header=\u00a0\u00bbJonctionnement &amp; garnissage\u00a0\u00bb icon_fontawesome=\u00a0\u00bbfa fa-list-alt\u00a0\u00bb tab_id=\u00a0\u00bb1600759347390-3&Prime;][vc_column_text][\/vc_column_text][\/nectar_icon_list_item][nectar_icon_list_item icon_type=\u00a0\u00bbicon\u00a0\u00bb title=\u00a0\u00bbList Item\u00a0\u00bb id=\u00a0\u00bb1600759347420-10&Prime; header=\u00a0\u00bbEngineering, fiabilisation\u00a0\u00bb icon_fontawesome=\u00a0\u00bbfa fa-calculator\u00a0\u00bb tab_id=\u00a0\u00bb1600759347422-7&Prime;][vc_column_text][\/vc_column_text][\/nectar_icon_list_item][nectar_icon_list_item icon_type=\u00a0\u00bbicon\u00a0\u00bb title=\u00a0\u00bbList Item\u00a0\u00bb id=\u00a0\u00bb1600759347452-3&Prime; header=\u00a0\u00bbFabrication d\u2019\u00e9quipements complets\u00a0\u00bb icon_fontawesome=\u00a0\u00bbfa fa-check-square-o\u00a0\u00bb tab_id=\u00a0\u00bb1600759347453-8&Prime;][vc_column_text][\/vc_column_text][\/nectar_icon_list_item][nectar_icon_list_item icon_type=\u00a0\u00bbicon\u00a0\u00bb title=\u00a0\u00bbList Item\u00a0\u00bb id=\u00a0\u00bb1600759347482-4&Prime; header=\u00a0\u00bbCapacit\u00e9 d\u2019intervention\u00a0\u00bb icon_fontawesome=\u00a0\u00bbfa fa-road\u00a0\u00bb tab_id=\u00a0\u00bb1600759347483-7&Prime;][vc_column_text][\/vc_column_text][\/nectar_icon_list_item][nectar_icon_list_item icon_type=\u00a0\u00bbicon\u00a0\u00bb title=\u00a0\u00bbList Item\u00a0\u00bb id=\u00a0\u00bb1600759347510-2&Prime; header=\u00a0\u00bbContrat de livraison et\/ou maintenance\u00a0\u00bb icon_fontawesome=\u00a0\u00bbfa fa-handshake-o\u00a0\u00bb tab_id=\u00a0\u00bb1600759347511-4&Prime;][vc_column_text][\/vc_column_text][\/nectar_icon_list_item][\/nectar_icon_list][\/vc_column][\/vc_row][vc_row type=\u00a0\u00bbin_container\u00a0\u00bb full_screen_row_position=\u00a0\u00bbmiddle\u00a0\u00bb column_margin=\u00a0\u00bbnone\u00a0\u00bb equal_height=\u00a0\u00bbyes\u00a0\u00bb content_placement=\u00a0\u00bbmiddle\u00a0\u00bb column_direction=\u00a0\u00bbdefault\u00a0\u00bb column_direction_tablet=\u00a0\u00bbdefault\u00a0\u00bb column_direction_phone=\u00a0\u00bbdefault\u00a0\u00bb scene_position=\u00a0\u00bbcenter\u00a0\u00bb text_color=\u00a0\u00bbdark\u00a0\u00bb text_align=\u00a0\u00bbleft\u00a0\u00bb row_border_radius=\u00a0\u00bbnone\u00a0\u00bb row_border_radius_applies=\u00a0\u00bbbg\u00a0\u00bb class=\u00a0\u00bblistlinks\u00a0\u00bb overlay_strength=\u00a0\u00bb0.3&Prime; gradient_direction=\u00a0\u00bbleft_to_right\u00a0\u00bb shape_divider_position=\u00a0\u00bbbottom\u00a0\u00bb bg_image_animation=\u00a0\u00bbnone\u00a0\u00bb shape_type=\u00a0\u00bb\u00a0\u00bb][vc_column column_padding=\u00a0\u00bbno-extra-padding\u00a0\u00bb column_padding_tablet=\u00a0\u00bbinherit\u00a0\u00bb column_padding_phone=\u00a0\u00bbinherit\u00a0\u00bb column_padding_position=\u00a0\u00bball\u00a0\u00bb background_color_opacity=\u00a0\u00bb1&Prime; background_hover_color_opacity=\u00a0\u00bb1&Prime; column_shadow=\u00a0\u00bbnone\u00a0\u00bb column_border_radius=\u00a0\u00bbnone\u00a0\u00bb column_link_target=\u00a0\u00bb_self\u00a0\u00bb gradient_direction=\u00a0\u00bbleft_to_right\u00a0\u00bb overlay_strength=\u00a0\u00bb0.3&Prime; width=\u00a0\u00bb1\/3&Prime; tablet_width_inherit=\u00a0\u00bbdefault\u00a0\u00bb tablet_text_alignment=\u00a0\u00bbdefault\u00a0\u00bb phone_text_alignment=\u00a0\u00bbdefault\u00a0\u00bb column_border_width=\u00a0\u00bbnone\u00a0\u00bb column_border_style=\u00a0\u00bbsolid\u00a0\u00bb bg_image_animation=\u00a0\u00bbnone\u00a0\u00bb]<div class=\"nectar-fancy-ul\" data-list-icon=\"fa fa-chevron-right\" data-animation=\"false\" data-animation-delay=\"0\" data-color=\"accent-color\" data-spacing=\"15px\" data-alignment=\"left\"> \n<ul>\n<li><a href=\".\/..\/fr\/moteurs-electriques\/\">Moteurs \u00e9lectriques<\/a><\/li>\n<li><a href=\".\/..\/fr\/variateurs-de-vitesse-basse-tension\/\">Variateurs de vitesse<\/a><\/li>\n<li><a href=\".\/..\/fr\/reducteurs-mecaniques-de-vitesse\/\">R\u00e9ducteurs m\u00e9caniques de vitesse<\/a><\/li>\n<li><a href=\".\/..\/fr\/paliers-et-roulements\/\">Paliers et Roulements<\/a><\/li>\n<li><a href=\".\/..\/fr\/transmission-par-courroies\/\">Transmission par courroies<\/a><\/li>\n<li><a href=\".\/..\/fr\/transmission-par-chaines\/\">Transmission par cha\u00eenes<\/a><\/li>\n<li><a href=\".\/..\/fr\/accouplements\/\">Accouplements<\/a><\/li>\n<li><a href=\".\/..\/fr\/coupleurs-hydauliques\/\">Coupleurs hydrauliques<\/a><\/li>\n<li><a href=\".\/..\/fr\/freins\/\">Freins<\/a><\/li>\n<li><a href=\".\/..\/fr\/godets-et-boulons-delevateur\/\">Godets et Boulons d\u2019\u00e9l\u00e9vateurs<\/a><\/li>\n<li><a href=\".\/..\/fr\/sangles-et-attaches\/\">Sangles et attaches<\/a><\/li>\n<\/ul>\n <\/div>[\/vc_column][vc_column column_padding=\u00a0\u00bbno-extra-padding\u00a0\u00bb column_padding_tablet=\u00a0\u00bbinherit\u00a0\u00bb column_padding_phone=\u00a0\u00bbinherit\u00a0\u00bb column_padding_position=\u00a0\u00bball\u00a0\u00bb background_color_opacity=\u00a0\u00bb1&Prime; background_hover_color_opacity=\u00a0\u00bb1&Prime; column_shadow=\u00a0\u00bbnone\u00a0\u00bb column_border_radius=\u00a0\u00bbnone\u00a0\u00bb column_link_target=\u00a0\u00bb_self\u00a0\u00bb gradient_direction=\u00a0\u00bbleft_to_right\u00a0\u00bb overlay_strength=\u00a0\u00bb0.3&Prime; width=\u00a0\u00bb1\/3&Prime; tablet_width_inherit=\u00a0\u00bbdefault\u00a0\u00bb tablet_text_alignment=\u00a0\u00bbdefault\u00a0\u00bb phone_text_alignment=\u00a0\u00bbdefault\u00a0\u00bb column_border_width=\u00a0\u00bbnone\u00a0\u00bb column_border_style=\u00a0\u00bbsolid\u00a0\u00bb bg_image_animation=\u00a0\u00bbnone\u00a0\u00bb][vc_raw_html]JTIwJTVCZHJhd2F0dGVudGlvbiUyMElEJTNEJTIyNjc4NyUyMiU1RA==[\/vc_raw_html][\/vc_column][vc_column column_padding=\u00a0\u00bbpadding-4-percent\u00a0\u00bb column_padding_tablet=\u00a0\u00bbno-extra-padding\u00a0\u00bb column_padding_phone=\u00a0\u00bbno-extra-padding\u00a0\u00bb column_padding_position=\u00a0\u00bbleft\u00a0\u00bb background_color_opacity=\u00a0\u00bb1&Prime; background_hover_color_opacity=\u00a0\u00bb1&Prime; column_shadow=\u00a0\u00bbnone\u00a0\u00bb column_border_radius=\u00a0\u00bbnone\u00a0\u00bb column_link_target=\u00a0\u00bb_self\u00a0\u00bb gradient_direction=\u00a0\u00bbleft_to_right\u00a0\u00bb overlay_strength=\u00a0\u00bb0.3&Prime; width=\u00a0\u00bb1\/3&Prime; tablet_width_inherit=\u00a0\u00bbdefault\u00a0\u00bb tablet_text_alignment=\u00a0\u00bbdefault\u00a0\u00bb phone_text_alignment=\u00a0\u00bbdefault\u00a0\u00bb column_border_width=\u00a0\u00bbnone\u00a0\u00bb column_border_style=\u00a0\u00bbsolid\u00a0\u00bb bg_image_animation=\u00a0\u00bbnone\u00a0\u00bb]<div class=\"nectar-fancy-ul\" data-list-icon=\"fa fa-chevron-right\" data-animation=\"false\" data-animation-delay=\"0\" data-color=\"accent-color\" data-spacing=\"15px\" data-alignment=\"left\"> \n<ul>\n<li><a href=\".\/..\/fr\/poulies-elevateur-transmeca\/\">Poulies d\u2019\u00e9l\u00e9vateurs<\/a><\/li>\n<li><a href=\".\/..\/fr\/chaine-delevateur\/\">Chaine d\u2019\u00e9l\u00e9vateur et tourteaux<\/a><\/li>\n<li><a href=\".\/..\/fr\/detection-de-dysfonctionnement\/\">D\u00e9tection de dysfonctionnement<\/a><\/li>\n<li><a href=\".\/..\/fr\/tuyauteries-et-accessoires\/\">Tuyauteries et accessoires<\/a><\/li>\n<li><a href=\".\/..\/fr\/etancheite-et-piece-dusure\/\">\u00c9tanch\u00e9it\u00e9 et pi\u00e8ces d\u2019usure<\/a><\/li>\n<li><a href=\".\/..\/fr\/event-dexplosion\/\">Event d\u2019explosion<\/a><\/li>\n<li><a href=\".\/..\/fr\/revetement-tremies-goulottes-et-cyclones\/\">Rev\u00eatements tr\u00e9mies, goulottes et cyclones<\/a><\/li>\n<li><a href=\".\/..\/fr\/poulies-elevateur-transmeca\/\">Rev\u00eatements poulies d\u2019\u00e9l\u00e9vateur<\/a><\/li>\n<li><a href=\".\/..\/fr\/surveillance-et-protection-de-vos-installations\/\">Surveillance et protection de vos installations<\/a><\/li>\n<\/ul>\n <\/div>[\/vc_column][\/vc_row]\n","protected":false},"excerpt":{"rendered":"<p>[vc_row type=\u00a0\u00bbin_container\u00a0\u00bb full_screen_row_position=\u00a0\u00bbmiddle\u00a0\u00bb column_margin=\u00a0\u00bbdefault\u00a0\u00bb equal_height=\u00a0\u00bbyes\u00a0\u00bb content_placement=\u00a0\u00bbmiddle\u00a0\u00bb column_direction=\u00a0\u00bbdefault\u00a0\u00bb column_direction_tablet=\u00a0\u00bbdefault\u00a0\u00bb column_direction_phone=\u00a0\u00bbdefault\u00a0\u00bb bg_image=\u00a0\u00bb4538&Prime; bg_position=\u00a0\u00bbcenter center\u00a0\u00bb bg_repeat=\u00a0\u00bbno-repeat\u00a0\u00bb scene_position=\u00a0\u00bbcenter\u00a0\u00bb top_padding=\u00a0\u00bb64&Prime; bottom_padding=\u00a0\u00bb160&Prime; text_color=\u00a0\u00bblight\u00a0\u00bb text_align=\u00a0\u00bbleft\u00a0\u00bb row_border_radius=\u00a0\u00bbnone\u00a0\u00bb row_border_radius_applies=\u00a0\u00bbbg\u00a0\u00bb color_overlay=\u00a0\u00bb#f8971d\u00a0\u00bb overlay_strength=\u00a0\u00bb0.95&Prime; gradient_direction=\u00a0\u00bbtop_to_bottom\u00a0\u00bb enable_shape_divider=\u00a0\u00bbtrue\u00a0\u00bb shape_divider_position=\u00a0\u00bbbottom\u00a0\u00bb shape_divider_height=\u00a0\u00bb256&Prime; bg_image_animation=\u00a0\u00bbnone\u00a0\u00bb shape_type=\u00a0\u00bbtriangle\u00a0\u00bb][vc_column column_padding=\u00a0\u00bbno-extra-padding\u00a0\u00bb column_padding_tablet=\u00a0\u00bbinherit\u00a0\u00bb&#8230;<\/p>\n","protected":false},"author":2,"featured_media":5114,"parent":0,"menu_order":0,"comment_status":"closed","ping_status":"closed","template":"","meta":{"footnotes":""},"class_list":["post-1211","page","type-page","status-publish","has-post-thumbnail"],"yoast_head":"<!-- This site is optimized with the Yoast SEO plugin v27.2 - https:\/\/yoast.com\/product\/yoast-seo-wordpress\/ -->\n<title>\u00c9l\u00e9vateurs \u00e0 godets - ABM TECNA<\/title>\n<meta name=\"description\" content=\"La solution globale pour \u00e9l\u00e9vateur \u00e0 godets c&#039;est la fourniture de l&#039;ensemble des pi\u00e8ces d\u00e9tach\u00e9es pour sa maintenance ou optimisation.\" \/>\n<meta name=\"robots\" content=\"index, follow, max-snippet:-1, max-image-preview:large, max-video-preview:-1\" \/>\n<link rel=\"canonical\" href=\"https:\/\/www.abm-tecna.be\/fr\/elevateurs-a-godets-2\/\" \/>\n<meta property=\"og:locale\" content=\"fr_FR\" \/>\n<meta property=\"og:type\" content=\"article\" \/>\n<meta property=\"og:title\" content=\"\u00c9l\u00e9vateurs \u00e0 godets - ABM TECNA\" \/>\n<meta property=\"og:description\" content=\"La solution globale pour \u00e9l\u00e9vateur \u00e0 godets c&#039;est la fourniture de l&#039;ensemble des pi\u00e8ces d\u00e9tach\u00e9es pour sa maintenance ou optimisation.\" \/>\n<meta property=\"og:url\" content=\"https:\/\/www.abm-tecna.be\/fr\/elevateurs-a-godets-2\/\" \/>\n<meta property=\"og:site_name\" content=\"ABM TECNA\" \/>\n<meta property=\"article:modified_time\" content=\"2021-01-12T17:43:58+00:00\" \/>\n<meta property=\"og:image\" content=\"https:\/\/www.abm-tecna.be\/wp-content\/uploads\/2020\/07\/ELEVATEUR-A-SANGLE-RACCOURCI-sans-module.jpg\" \/>\n\t<meta property=\"og:image:width\" content=\"645\" \/>\n\t<meta property=\"og:image:height\" content=\"1200\" \/>\n\t<meta property=\"og:image:type\" content=\"image\/jpeg\" \/>\n<meta name=\"twitter:card\" content=\"summary_large_image\" \/>\n<meta name=\"twitter:site\" content=\"@ABM_TECNA\" \/>\n<meta name=\"twitter:label1\" content=\"Dur\u00e9e de lecture estim\u00e9e\" \/>\n\t<meta name=\"twitter:data1\" content=\"4 minutes\" \/>\n<script type=\"application\/ld+json\" class=\"yoast-schema-graph\">{\"@context\":\"https:\/\/schema.org\",\"@graph\":[{\"@type\":\"WebPage\",\"@id\":\"https:\/\/www.abm-tecna.be\/fr\/elevateurs-a-godets-2\/\",\"url\":\"https:\/\/www.abm-tecna.be\/fr\/elevateurs-a-godets-2\/\",\"name\":\"\u00c9l\u00e9vateurs \u00e0 godets - ABM TECNA\",\"isPartOf\":{\"@id\":\"https:\/\/www.abm-tecna.be\/fr\/#website\"},\"primaryImageOfPage\":{\"@id\":\"https:\/\/www.abm-tecna.be\/fr\/elevateurs-a-godets-2\/#primaryimage\"},\"image\":{\"@id\":\"https:\/\/www.abm-tecna.be\/fr\/elevateurs-a-godets-2\/#primaryimage\"},\"thumbnailUrl\":\"https:\/\/www.abm-tecna.be\/wp-content\/uploads\/2020\/07\/ELEVATEUR-A-SANGLE-RACCOURCI-sans-module.jpg\",\"datePublished\":\"2019-11-26T13:50:33+00:00\",\"dateModified\":\"2021-01-12T17:43:58+00:00\",\"description\":\"La solution globale pour \u00e9l\u00e9vateur \u00e0 godets c'est la fourniture de l'ensemble des pi\u00e8ces d\u00e9tach\u00e9es pour sa maintenance ou optimisation.\",\"breadcrumb\":{\"@id\":\"https:\/\/www.abm-tecna.be\/fr\/elevateurs-a-godets-2\/#breadcrumb\"},\"inLanguage\":\"fr-FR\",\"potentialAction\":[{\"@type\":\"ReadAction\",\"target\":[\"https:\/\/www.abm-tecna.be\/fr\/elevateurs-a-godets-2\/\"]}]},{\"@type\":\"ImageObject\",\"inLanguage\":\"fr-FR\",\"@id\":\"https:\/\/www.abm-tecna.be\/fr\/elevateurs-a-godets-2\/#primaryimage\",\"url\":\"https:\/\/www.abm-tecna.be\/wp-content\/uploads\/2020\/07\/ELEVATEUR-A-SANGLE-RACCOURCI-sans-module.jpg\",\"contentUrl\":\"https:\/\/www.abm-tecna.be\/wp-content\/uploads\/2020\/07\/ELEVATEUR-A-SANGLE-RACCOURCI-sans-module.jpg\",\"width\":645,\"height\":1200},{\"@type\":\"BreadcrumbList\",\"@id\":\"https:\/\/www.abm-tecna.be\/fr\/elevateurs-a-godets-2\/#breadcrumb\",\"itemListElement\":[{\"@type\":\"ListItem\",\"position\":1,\"name\":\"Home\",\"item\":\"https:\/\/www.abm-tecna.be\/fr\/\"},{\"@type\":\"ListItem\",\"position\":2,\"name\":\"\u00c9l\u00e9vateurs \u00e0 godets\"}]},{\"@type\":\"WebSite\",\"@id\":\"https:\/\/www.abm-tecna.be\/fr\/#website\",\"url\":\"https:\/\/www.abm-tecna.be\/fr\/\",\"name\":\"ABM TECNA\",\"description\":\"La solution Globale\",\"publisher\":{\"@id\":\"https:\/\/www.abm-tecna.be\/fr\/#organization\"},\"potentialAction\":[{\"@type\":\"SearchAction\",\"target\":{\"@type\":\"EntryPoint\",\"urlTemplate\":\"https:\/\/www.abm-tecna.be\/fr\/?s={search_term_string}\"},\"query-input\":{\"@type\":\"PropertyValueSpecification\",\"valueRequired\":true,\"valueName\":\"search_term_string\"}}],\"inLanguage\":\"fr-FR\"},{\"@type\":\"Organization\",\"@id\":\"https:\/\/www.abm-tecna.be\/fr\/#organization\",\"name\":\"ABM TECNA\",\"url\":\"https:\/\/www.abm-tecna.be\/fr\/\",\"logo\":{\"@type\":\"ImageObject\",\"inLanguage\":\"fr-FR\",\"@id\":\"https:\/\/www.abm-tecna.be\/fr\/#\/schema\/logo\/image\/\",\"url\":\"https:\/\/www.abm-tecna.be\/wp-content\/uploads\/2020\/01\/ABMTECNA_favicon.png\",\"contentUrl\":\"https:\/\/www.abm-tecna.be\/wp-content\/uploads\/2020\/01\/ABMTECNA_favicon.png\",\"width\":512,\"height\":512,\"caption\":\"ABM TECNA\"},\"image\":{\"@id\":\"https:\/\/www.abm-tecna.be\/fr\/#\/schema\/logo\/image\/\"},\"sameAs\":[\"https:\/\/x.com\/ABM_TECNA\",\"https:\/\/www.linkedin.com\/company\/abm\/\",\"https:\/\/www.youtube.com\/channel\/UCRJ02jgCyEoiSCooXgzd7Zg\"]}]}<\/script>\n<!-- \/ Yoast SEO plugin. -->","yoast_head_json":{"title":"\u00c9l\u00e9vateurs \u00e0 godets - ABM TECNA","description":"La solution globale pour \u00e9l\u00e9vateur \u00e0 godets c'est la fourniture de l'ensemble des pi\u00e8ces d\u00e9tach\u00e9es pour sa maintenance ou optimisation.","robots":{"index":"index","follow":"follow","max-snippet":"max-snippet:-1","max-image-preview":"max-image-preview:large","max-video-preview":"max-video-preview:-1"},"canonical":"https:\/\/www.abm-tecna.be\/fr\/elevateurs-a-godets-2\/","og_locale":"fr_FR","og_type":"article","og_title":"\u00c9l\u00e9vateurs \u00e0 godets - ABM TECNA","og_description":"La solution globale pour \u00e9l\u00e9vateur \u00e0 godets c'est la fourniture de l'ensemble des pi\u00e8ces d\u00e9tach\u00e9es pour sa maintenance ou optimisation.","og_url":"https:\/\/www.abm-tecna.be\/fr\/elevateurs-a-godets-2\/","og_site_name":"ABM TECNA","article_modified_time":"2021-01-12T17:43:58+00:00","og_image":[{"width":645,"height":1200,"url":"https:\/\/www.abm-tecna.be\/wp-content\/uploads\/2020\/07\/ELEVATEUR-A-SANGLE-RACCOURCI-sans-module.jpg","type":"image\/jpeg"}],"twitter_card":"summary_large_image","twitter_site":"@ABM_TECNA","twitter_misc":{"Dur\u00e9e de lecture estim\u00e9e":"4 minutes"},"schema":{"@context":"https:\/\/schema.org","@graph":[{"@type":"WebPage","@id":"https:\/\/www.abm-tecna.be\/fr\/elevateurs-a-godets-2\/","url":"https:\/\/www.abm-tecna.be\/fr\/elevateurs-a-godets-2\/","name":"\u00c9l\u00e9vateurs \u00e0 godets - ABM TECNA","isPartOf":{"@id":"https:\/\/www.abm-tecna.be\/fr\/#website"},"primaryImageOfPage":{"@id":"https:\/\/www.abm-tecna.be\/fr\/elevateurs-a-godets-2\/#primaryimage"},"image":{"@id":"https:\/\/www.abm-tecna.be\/fr\/elevateurs-a-godets-2\/#primaryimage"},"thumbnailUrl":"https:\/\/www.abm-tecna.be\/wp-content\/uploads\/2020\/07\/ELEVATEUR-A-SANGLE-RACCOURCI-sans-module.jpg","datePublished":"2019-11-26T13:50:33+00:00","dateModified":"2021-01-12T17:43:58+00:00","description":"La solution globale pour \u00e9l\u00e9vateur \u00e0 godets c'est la fourniture de l'ensemble des pi\u00e8ces d\u00e9tach\u00e9es pour sa maintenance ou optimisation.","breadcrumb":{"@id":"https:\/\/www.abm-tecna.be\/fr\/elevateurs-a-godets-2\/#breadcrumb"},"inLanguage":"fr-FR","potentialAction":[{"@type":"ReadAction","target":["https:\/\/www.abm-tecna.be\/fr\/elevateurs-a-godets-2\/"]}]},{"@type":"ImageObject","inLanguage":"fr-FR","@id":"https:\/\/www.abm-tecna.be\/fr\/elevateurs-a-godets-2\/#primaryimage","url":"https:\/\/www.abm-tecna.be\/wp-content\/uploads\/2020\/07\/ELEVATEUR-A-SANGLE-RACCOURCI-sans-module.jpg","contentUrl":"https:\/\/www.abm-tecna.be\/wp-content\/uploads\/2020\/07\/ELEVATEUR-A-SANGLE-RACCOURCI-sans-module.jpg","width":645,"height":1200},{"@type":"BreadcrumbList","@id":"https:\/\/www.abm-tecna.be\/fr\/elevateurs-a-godets-2\/#breadcrumb","itemListElement":[{"@type":"ListItem","position":1,"name":"Home","item":"https:\/\/www.abm-tecna.be\/fr\/"},{"@type":"ListItem","position":2,"name":"\u00c9l\u00e9vateurs \u00e0 godets"}]},{"@type":"WebSite","@id":"https:\/\/www.abm-tecna.be\/fr\/#website","url":"https:\/\/www.abm-tecna.be\/fr\/","name":"ABM TECNA","description":"La solution Globale","publisher":{"@id":"https:\/\/www.abm-tecna.be\/fr\/#organization"},"potentialAction":[{"@type":"SearchAction","target":{"@type":"EntryPoint","urlTemplate":"https:\/\/www.abm-tecna.be\/fr\/?s={search_term_string}"},"query-input":{"@type":"PropertyValueSpecification","valueRequired":true,"valueName":"search_term_string"}}],"inLanguage":"fr-FR"},{"@type":"Organization","@id":"https:\/\/www.abm-tecna.be\/fr\/#organization","name":"ABM TECNA","url":"https:\/\/www.abm-tecna.be\/fr\/","logo":{"@type":"ImageObject","inLanguage":"fr-FR","@id":"https:\/\/www.abm-tecna.be\/fr\/#\/schema\/logo\/image\/","url":"https:\/\/www.abm-tecna.be\/wp-content\/uploads\/2020\/01\/ABMTECNA_favicon.png","contentUrl":"https:\/\/www.abm-tecna.be\/wp-content\/uploads\/2020\/01\/ABMTECNA_favicon.png","width":512,"height":512,"caption":"ABM TECNA"},"image":{"@id":"https:\/\/www.abm-tecna.be\/fr\/#\/schema\/logo\/image\/"},"sameAs":["https:\/\/x.com\/ABM_TECNA","https:\/\/www.linkedin.com\/company\/abm\/","https:\/\/www.youtube.com\/channel\/UCRJ02jgCyEoiSCooXgzd7Zg"]}]}},"_links":{"self":[{"href":"https:\/\/www.abm-tecna.be\/fr\/wp-json\/wp\/v2\/pages\/1211","targetHints":{"allow":["GET"]}}],"collection":[{"href":"https:\/\/www.abm-tecna.be\/fr\/wp-json\/wp\/v2\/pages"}],"about":[{"href":"https:\/\/www.abm-tecna.be\/fr\/wp-json\/wp\/v2\/types\/page"}],"author":[{"embeddable":true,"href":"https:\/\/www.abm-tecna.be\/fr\/wp-json\/wp\/v2\/users\/2"}],"replies":[{"embeddable":true,"href":"https:\/\/www.abm-tecna.be\/fr\/wp-json\/wp\/v2\/comments?post=1211"}],"version-history":[{"count":35,"href":"https:\/\/www.abm-tecna.be\/fr\/wp-json\/wp\/v2\/pages\/1211\/revisions"}],"predecessor-version":[{"id":8222,"href":"https:\/\/www.abm-tecna.be\/fr\/wp-json\/wp\/v2\/pages\/1211\/revisions\/8222"}],"wp:featuredmedia":[{"embeddable":true,"href":"https:\/\/www.abm-tecna.be\/fr\/wp-json\/wp\/v2\/media\/5114"}],"wp:attachment":[{"href":"https:\/\/www.abm-tecna.be\/fr\/wp-json\/wp\/v2\/media?parent=1211"}],"curies":[{"name":"wp","href":"https:\/\/api.w.org\/{rel}","templated":true}]}}