{"id":1217,"date":"2019-11-26T15:46:59","date_gmt":"2019-11-26T14:46:59","guid":{"rendered":"http:\/\/abm-tecna.com\/?page_id=1217"},"modified":"2020-10-08T09:39:24","modified_gmt":"2020-10-08T07:39:24","slug":"convoyeurs-a-vis","status":"publish","type":"page","link":"https:\/\/www.abm-tecna.be\/fr\/convoyeurs-a-vis\/","title":{"rendered":"Convoyeurs \u00e0 Vis"},"content":{"rendered":"[vc_row type=\u00a0\u00bbin_container\u00a0\u00bb full_screen_row_position=\u00a0\u00bbmiddle\u00a0\u00bb column_margin=\u00a0\u00bbdefault\u00a0\u00bb equal_height=\u00a0\u00bbyes\u00a0\u00bb content_placement=\u00a0\u00bbmiddle\u00a0\u00bb column_direction=\u00a0\u00bbdefault\u00a0\u00bb column_direction_tablet=\u00a0\u00bbdefault\u00a0\u00bb column_direction_phone=\u00a0\u00bbdefault\u00a0\u00bb bg_image=\u00a0\u00bb4538&Prime; bg_position=\u00a0\u00bbcenter center\u00a0\u00bb bg_repeat=\u00a0\u00bbno-repeat\u00a0\u00bb scene_position=\u00a0\u00bbcenter\u00a0\u00bb top_padding=\u00a0\u00bb64&Prime; bottom_padding=\u00a0\u00bb160&Prime; text_color=\u00a0\u00bblight\u00a0\u00bb text_align=\u00a0\u00bbleft\u00a0\u00bb row_border_radius=\u00a0\u00bbnone\u00a0\u00bb row_border_radius_applies=\u00a0\u00bbbg\u00a0\u00bb color_overlay=\u00a0\u00bb#f8971d\u00a0\u00bb overlay_strength=\u00a0\u00bb0.95&Prime; gradient_direction=\u00a0\u00bbtop_to_bottom\u00a0\u00bb enable_shape_divider=\u00a0\u00bbtrue\u00a0\u00bb shape_divider_position=\u00a0\u00bbbottom\u00a0\u00bb shape_divider_height=\u00a0\u00bb256&Prime; bg_image_animation=\u00a0\u00bbnone\u00a0\u00bb shape_type=\u00a0\u00bbtriangle\u00a0\u00bb][vc_column column_padding=\u00a0\u00bbno-extra-padding\u00a0\u00bb column_padding_tablet=\u00a0\u00bbinherit\u00a0\u00bb column_padding_phone=\u00a0\u00bbinherit\u00a0\u00bb column_padding_position=\u00a0\u00bball\u00a0\u00bb background_color_opacity=\u00a0\u00bb1&Prime; background_hover_color_opacity=\u00a0\u00bb1&Prime; column_shadow=\u00a0\u00bbnone\u00a0\u00bb column_border_radius=\u00a0\u00bbnone\u00a0\u00bb column_link_target=\u00a0\u00bb_self\u00a0\u00bb gradient_direction=\u00a0\u00bbleft_to_right\u00a0\u00bb overlay_strength=\u00a0\u00bb0.3&Prime; width=\u00a0\u00bb1\/1&Prime; tablet_width_inherit=\u00a0\u00bbdefault\u00a0\u00bb tablet_text_alignment=\u00a0\u00bbdefault\u00a0\u00bb phone_text_alignment=\u00a0\u00bbdefault\u00a0\u00bb column_border_width=\u00a0\u00bbnone\u00a0\u00bb column_border_style=\u00a0\u00bbsolid\u00a0\u00bb bg_image_animation=\u00a0\u00bbnone\u00a0\u00bb][split_line_heading animation_type=\u00a0\u00bbdefault\u00a0\u00bb]\n<h1 style=\"text-align: center;\">Convoyeurs \u00e0 Vis d\u2019Archim\u00e8de<\/h1>\n[\/split_line_heading][vc_text_separator title=\u00a0\u00bbSolution Globale par \u00e9quipement\u00a0\u00bb border_width=\u00a0\u00bb2&Prime; el_width=\u00a0\u00bb60&Prime; css=\u00a0\u00bb.vc_custom_1596008346779{margin-bottom: 80px !important;}\u00a0\u00bb][nectar_icon_list animate=\u00a0\u00bbtrue\u00a0\u00bb color=\u00a0\u00bbExtra-Color-3&Prime; direction=\u00a0\u00bbhorizontal\u00a0\u00bb columns=\u00a0\u00bb4&Prime; icon_size=\u00a0\u00bbsmall\u00a0\u00bb icon_style=\u00a0\u00bbno-border\u00a0\u00bb][nectar_icon_list_item icon_type=\u00a0\u00bbicon\u00a0\u00bb title=\u00a0\u00bbList Item\u00a0\u00bb id=\u00a0\u00bb1595336773505-2&Prime; header=\u00a0\u00bbFournisseur de tous composants\u00a0\u00bb icon_fontawesome=\u00a0\u00bbfa fa-truck\u00a0\u00bb tab_id=\u00a0\u00bb1595336773505-7&Prime;][vc_column_text][\/vc_column_text][\/nectar_icon_list_item][nectar_icon_list_item icon_type=\u00a0\u00bbicon\u00a0\u00bb title=\u00a0\u00bbList Item\u00a0\u00bb id=\u00a0\u00bb1595336773578-7&Prime; header=\u00a0\u00bbPlacement et r\u00e9glages\u00a0\u00bb icon_fontawesome=\u00a0\u00bbfa fa-cog\u00a0\u00bb tab_id=\u00a0\u00bb1595336773580-1&Prime;][vc_column_text][\/vc_column_text][\/nectar_icon_list_item][nectar_icon_list_item icon_type=\u00a0\u00bbicon\u00a0\u00bb title=\u00a0\u00bbList Item\u00a0\u00bb id=\u00a0\u00bb1595336773630-1&Prime; header=\u00a0\u00bbMaintenance m\u00e9canique\u00a0\u00bb icon_fontawesome=\u00a0\u00bbfa fa-refresh\u00a0\u00bb tab_id=\u00a0\u00bb1595336773631-8&Prime;][vc_column_text][\/vc_column_text][\/nectar_icon_list_item][nectar_icon_list_item icon_type=\u00a0\u00bbicon\u00a0\u00bb title=\u00a0\u00bbList Item\u00a0\u00bb id=\u00a0\u00bb1595336773670-7&Prime; header=\u00a0\u00bbJonctionnement &amp; garnissage\u00a0\u00bb icon_fontawesome=\u00a0\u00bbfa fa-list-alt\u00a0\u00bb tab_id=\u00a0\u00bb1595336773670-6&Prime;][vc_column_text][\/vc_column_text][\/nectar_icon_list_item][nectar_icon_list_item icon_type=\u00a0\u00bbicon\u00a0\u00bb title=\u00a0\u00bbList Item\u00a0\u00bb id=\u00a0\u00bb1595336773712-0&Prime; header=\u00a0\u00bbEngineering, fiabilisation\u00a0\u00bb icon_fontawesome=\u00a0\u00bbfa fa-calculator\u00a0\u00bb tab_id=\u00a0\u00bb1595336773712-3&Prime;][vc_column_text][\/vc_column_text][\/nectar_icon_list_item][nectar_icon_list_item icon_type=\u00a0\u00bbicon\u00a0\u00bb title=\u00a0\u00bbList Item\u00a0\u00bb id=\u00a0\u00bb1595336773752-4&Prime; header=\u00a0\u00bbFabrication d\u2019\u00e9quipements complets\u00a0\u00bb icon_fontawesome=\u00a0\u00bbfa fa-check-square-o\u00a0\u00bb tab_id=\u00a0\u00bb1595336773752-1&Prime;][vc_column_text][\/vc_column_text][\/nectar_icon_list_item][nectar_icon_list_item icon_type=\u00a0\u00bbicon\u00a0\u00bb title=\u00a0\u00bbList Item\u00a0\u00bb id=\u00a0\u00bb1595336773793-8&Prime; header=\u00a0\u00bbCapacit\u00e9 d\u2019intervention\u00a0\u00bb icon_fontawesome=\u00a0\u00bbfa fa-road\u00a0\u00bb tab_id=\u00a0\u00bb1595336773794-7&Prime;][vc_column_text][\/vc_column_text][\/nectar_icon_list_item][nectar_icon_list_item icon_type=\u00a0\u00bbicon\u00a0\u00bb title=\u00a0\u00bbList Item\u00a0\u00bb id=\u00a0\u00bb1595336773835-2&Prime; header=\u00a0\u00bbContrat de livraison et\/ou maintenance\u00a0\u00bb icon_fontawesome=\u00a0\u00bbfa fa-handshake-o\u00a0\u00bb tab_id=\u00a0\u00bb1595336773836-1&Prime;][vc_column_text][\/vc_column_text][\/nectar_icon_list_item][\/nectar_icon_list][\/vc_column][\/vc_row][vc_row type=\u00a0\u00bbin_container\u00a0\u00bb full_screen_row_position=\u00a0\u00bbmiddle\u00a0\u00bb column_margin=\u00a0\u00bbnone\u00a0\u00bb equal_height=\u00a0\u00bbyes\u00a0\u00bb content_placement=\u00a0\u00bbtop\u00a0\u00bb column_direction=\u00a0\u00bbdefault\u00a0\u00bb column_direction_tablet=\u00a0\u00bbdefault\u00a0\u00bb column_direction_phone=\u00a0\u00bbdefault\u00a0\u00bb scene_position=\u00a0\u00bbcenter\u00a0\u00bb text_color=\u00a0\u00bbdark\u00a0\u00bb text_align=\u00a0\u00bbleft\u00a0\u00bb row_border_radius=\u00a0\u00bbnone\u00a0\u00bb row_border_radius_applies=\u00a0\u00bbbg\u00a0\u00bb zindex=\u00a0\u00bb100&Prime; overlay_strength=\u00a0\u00bb0.3&Prime; gradient_direction=\u00a0\u00bbleft_to_right\u00a0\u00bb shape_divider_position=\u00a0\u00bbbottom\u00a0\u00bb bg_image_animation=\u00a0\u00bbnone\u00a0\u00bb shape_type=\u00a0\u00bb\u00a0\u00bb][vc_column column_padding=\u00a0\u00bbno-extra-padding\u00a0\u00bb column_padding_tablet=\u00a0\u00bbinherit\u00a0\u00bb column_padding_phone=\u00a0\u00bbinherit\u00a0\u00bb column_padding_position=\u00a0\u00bball\u00a0\u00bb background_color_opacity=\u00a0\u00bb1&Prime; background_hover_color_opacity=\u00a0\u00bb1&Prime; column_shadow=\u00a0\u00bbnone\u00a0\u00bb column_border_radius=\u00a0\u00bbnone\u00a0\u00bb column_link_target=\u00a0\u00bb_self\u00a0\u00bb el_class=\u00a0\u00bb.links-not-on-mobile\u00a0\u00bb gradient_direction=\u00a0\u00bbleft_to_right\u00a0\u00bb overlay_strength=\u00a0\u00bb0.3&Prime; width=\u00a0\u00bb1\/1&Prime; tablet_width_inherit=\u00a0\u00bbdefault\u00a0\u00bb tablet_text_alignment=\u00a0\u00bbdefault\u00a0\u00bb phone_text_alignment=\u00a0\u00bbdefault\u00a0\u00bb column_border_width=\u00a0\u00bbnone\u00a0\u00bb column_border_style=\u00a0\u00bbsolid\u00a0\u00bb bg_image_animation=\u00a0\u00bbnone\u00a0\u00bb][vc_raw_html]JTIwJTVCZHJhd2F0dGVudGlvbiUyMElEJTNEJTIyNjc2NyUyMiU1RA==[\/vc_raw_html][vc_row_inner equal_height=\u00a0\u00bbyes\u00a0\u00bb content_placement=\u00a0\u00bbtop\u00a0\u00bb column_margin=\u00a0\u00bbdefault\u00a0\u00bb column_direction=\u00a0\u00bbdefault\u00a0\u00bb column_direction_tablet=\u00a0\u00bbdefault\u00a0\u00bb column_direction_phone=\u00a0\u00bbdefault\u00a0\u00bb text_align=\u00a0\u00bbleft\u00a0\u00bb class=\u00a0\u00bblistlinks\u00a0\u00bb][vc_column_inner column_padding=\u00a0\u00bbno-extra-padding\u00a0\u00bb column_padding_tablet=\u00a0\u00bbinherit\u00a0\u00bb column_padding_phone=\u00a0\u00bbinherit\u00a0\u00bb column_padding_position=\u00a0\u00bball\u00a0\u00bb background_color_opacity=\u00a0\u00bb1&Prime; background_hover_color_opacity=\u00a0\u00bb1&Prime; column_shadow=\u00a0\u00bbnone\u00a0\u00bb column_border_radius=\u00a0\u00bbnone\u00a0\u00bb column_link_target=\u00a0\u00bb_self\u00a0\u00bb gradient_direction=\u00a0\u00bbleft_to_right\u00a0\u00bb overlay_strength=\u00a0\u00bb0.3&Prime; width=\u00a0\u00bb1\/3&Prime; tablet_width_inherit=\u00a0\u00bbdefault\u00a0\u00bb column_border_width=\u00a0\u00bbnone\u00a0\u00bb column_border_style=\u00a0\u00bbsolid\u00a0\u00bb bg_image_animation=\u00a0\u00bbnone\u00a0\u00bb]<div class=\"nectar-fancy-ul\" data-list-icon=\"fa fa-chevron-right\" data-animation=\"false\" data-animation-delay=\"0\" data-color=\"accent-color\" data-spacing=\"15px\" data-alignment=\"left\"> \n<ul>\n<li><a href=\".\/..\/fr\/moteurs-electriques\/\">Moteurs \u00e9lectriques<\/a><\/li>\n<li><a href=\".\/..\/fr\/variateurs-de-vitesse-basse-tension\/\">Variateurs de vitesse<\/a><\/li>\n<li><a href=\".\/..\/fr\/reducteurs-mecaniques-de-vitesse\/\">R\u00e9ducteurs m\u00e9caniques de vitesse<\/a><\/li>\n<li><a href=\".\/..\/fr\/paliers-et-roulements\/\">Paliers et Roulements<\/a><\/li>\n<li><a href=\".\/..\/fr\/transmission-par-courroies\/\">Transmission par courroies<\/a><\/li>\n<li><a href=\".\/..\/fr\/transmission-par-chaines\/\">Transmission par cha\u00eenes<\/a><\/li>\n<\/ul>\n <\/div>[\/vc_column_inner][vc_column_inner column_padding=\u00a0\u00bbno-extra-padding\u00a0\u00bb column_padding_tablet=\u00a0\u00bbinherit\u00a0\u00bb column_padding_phone=\u00a0\u00bbinherit\u00a0\u00bb column_padding_position=\u00a0\u00bball\u00a0\u00bb background_color_opacity=\u00a0\u00bb1&Prime; background_hover_color_opacity=\u00a0\u00bb1&Prime; column_shadow=\u00a0\u00bbnone\u00a0\u00bb column_border_radius=\u00a0\u00bbnone\u00a0\u00bb column_link_target=\u00a0\u00bb_self\u00a0\u00bb gradient_direction=\u00a0\u00bbleft_to_right\u00a0\u00bb overlay_strength=\u00a0\u00bb0.3&Prime; width=\u00a0\u00bb1\/3&Prime; tablet_width_inherit=\u00a0\u00bbdefault\u00a0\u00bb column_border_width=\u00a0\u00bbnone\u00a0\u00bb column_border_style=\u00a0\u00bbsolid\u00a0\u00bb bg_image_animation=\u00a0\u00bbnone\u00a0\u00bb]<div class=\"nectar-fancy-ul\" data-list-icon=\"fa fa-chevron-right\" data-animation=\"false\" data-animation-delay=\"0\" data-color=\"accent-color\" data-spacing=\"15px\" data-alignment=\"left\"> \n<ul>\n<li><a href=\".\/..\/fr\/accouplements\/\">Accouplements<\/a><\/li>\n<li><a href=\".\/..\/fr\/spires-rotor\/\">Spires &#8211; Rotor<\/a><\/li>\n<li><a href=\".\/..\/fr\/paliers-intermediaires-chapes\/\">Paliers interm\u00e9diaires ou \u00e0 chape<\/a><\/li>\n<li><a href=\".\/..\/fr\/paliers-presse-etoupes-et-trappe-anti-bourrage\/\">Paliers, Presses \u00e9toupes <span class=\"TextRun BCX9 SCXW267611269\" lang=\"FR-BE\" xml:lang=\"FR-BE\" data-contrast=\"none\"><span class=\"NormalTextRun BCX9 SCXW267611269\" data-ccp-parastyle=\"heading 2\">et trappe anti-bourrage<\/span><\/span><\/a><\/li>\n<li><a href=\".\/..\/fr\/paliers-presse-etoupes-et-trappe-anti-bourrage\/\">Trappe de bourrage<\/a><\/li>\n<li><a href=\".\/..\/fr\/revetements-dauge\/\">Rev\u00eatements d\u2019auge<\/a><\/li>\n<\/ul>\n <\/div>[\/vc_column_inner][vc_column_inner column_padding=\u00a0\u00bbno-extra-padding\u00a0\u00bb column_padding_tablet=\u00a0\u00bbinherit\u00a0\u00bb column_padding_phone=\u00a0\u00bbinherit\u00a0\u00bb column_padding_position=\u00a0\u00bball\u00a0\u00bb background_color_opacity=\u00a0\u00bb1&Prime; background_hover_color_opacity=\u00a0\u00bb1&Prime; column_shadow=\u00a0\u00bbnone\u00a0\u00bb column_border_radius=\u00a0\u00bbnone\u00a0\u00bb column_link_target=\u00a0\u00bb_self\u00a0\u00bb gradient_direction=\u00a0\u00bbleft_to_right\u00a0\u00bb overlay_strength=\u00a0\u00bb0.3&Prime; width=\u00a0\u00bb1\/3&Prime; tablet_width_inherit=\u00a0\u00bbdefault\u00a0\u00bb column_border_width=\u00a0\u00bbnone\u00a0\u00bb column_border_style=\u00a0\u00bbsolid\u00a0\u00bb bg_image_animation=\u00a0\u00bbnone\u00a0\u00bb]<div class=\"nectar-fancy-ul\" data-list-icon=\"fa fa-chevron-right\" data-animation=\"false\" data-animation-delay=\"0\" data-color=\"accent-color\" data-spacing=\"15px\" data-alignment=\"left\"> \n<ul>\n<li><a href=\".\/..\/fr\/trappes-manchettes-tuyauteries-et-accessoires\/\"><span class=\"TextRun SCXW69537324 BCX9\" lang=\"FR-BE\" xml:lang=\"FR-BE\" data-contrast=\"none\"><span class=\"NormalTextRun CommentStart SCXW69537324 BCX9\" data-ccp-parastyle=\"heading 2\">Trappe<\/span><\/span><span class=\"TextRun SCXW69537324 BCX9\" lang=\"FR-BE\" xml:lang=\"FR-BE\" data-contrast=\"none\"><span class=\"NormalTextRun SCXW69537324 BCX9\" data-ccp-parastyle=\"heading 2\">s, manchettes, t<\/span><\/span><span class=\"TextRun SCXW69537324 BCX9\" lang=\"FR-BE\" xml:lang=\"FR-BE\" data-contrast=\"none\"><span class=\"NormalTextRun SCXW69537324 BCX9\" data-ccp-parastyle=\"heading 2\">uyauteries et accessoires<\/span><\/span><span class=\"EOP SCXW69537324 BCX9\" data-ccp-props=\"{&quot;134233117&quot;:true,&quot;134233118&quot;:true,&quot;201341983&quot;:0,&quot;335559740&quot;:240}\">\u00a0<\/span><\/a><\/li>\n<li><a href=\".\/..\/fr\/manchettes\/\">Manchettes<\/a><\/li>\n<li><a href=\".\/..\/fr\/surveillance-et-protection-de-vos-installations\/\">Surveillance et protection de vos installations<\/a><\/li>\n<\/ul>\n <\/div>[\/vc_column_inner][\/vc_row_inner][\/vc_column][\/vc_row]\n","protected":false},"excerpt":{"rendered":"<p>[vc_row type=\u00a0\u00bbin_container\u00a0\u00bb full_screen_row_position=\u00a0\u00bbmiddle\u00a0\u00bb column_margin=\u00a0\u00bbdefault\u00a0\u00bb equal_height=\u00a0\u00bbyes\u00a0\u00bb content_placement=\u00a0\u00bbmiddle\u00a0\u00bb column_direction=\u00a0\u00bbdefault\u00a0\u00bb column_direction_tablet=\u00a0\u00bbdefault\u00a0\u00bb column_direction_phone=\u00a0\u00bbdefault\u00a0\u00bb bg_image=\u00a0\u00bb4538&Prime; bg_position=\u00a0\u00bbcenter center\u00a0\u00bb bg_repeat=\u00a0\u00bbno-repeat\u00a0\u00bb scene_position=\u00a0\u00bbcenter\u00a0\u00bb top_padding=\u00a0\u00bb64&Prime; bottom_padding=\u00a0\u00bb160&Prime; text_color=\u00a0\u00bblight\u00a0\u00bb text_align=\u00a0\u00bbleft\u00a0\u00bb row_border_radius=\u00a0\u00bbnone\u00a0\u00bb row_border_radius_applies=\u00a0\u00bbbg\u00a0\u00bb color_overlay=\u00a0\u00bb#f8971d\u00a0\u00bb overlay_strength=\u00a0\u00bb0.95&Prime; gradient_direction=\u00a0\u00bbtop_to_bottom\u00a0\u00bb enable_shape_divider=\u00a0\u00bbtrue\u00a0\u00bb shape_divider_position=\u00a0\u00bbbottom\u00a0\u00bb shape_divider_height=\u00a0\u00bb256&Prime; bg_image_animation=\u00a0\u00bbnone\u00a0\u00bb shape_type=\u00a0\u00bbtriangle\u00a0\u00bb][vc_column column_padding=\u00a0\u00bbno-extra-padding\u00a0\u00bb column_padding_tablet=\u00a0\u00bbinherit\u00a0\u00bb&#8230;<\/p>\n","protected":false},"author":2,"featured_media":4152,"parent":0,"menu_order":0,"comment_status":"closed","ping_status":"closed","template":"","meta":{"footnotes":""},"class_list":["post-1217","page","type-page","status-publish","has-post-thumbnail"],"yoast_head":"<!-- This site is optimized with the Yoast SEO plugin v27.5 - https:\/\/yoast.com\/product\/yoast-seo-wordpress\/ -->\n<title>Convoyeurs \u00e0 Vis - ABM TECNA<\/title>\n<meta name=\"description\" content=\"La solution globale pour convoyeur \u00e0 vis d&#039;Archim\u00e8de c&#039;est la fourniture de l&#039;ensemble des pi\u00e8ces d\u00e9tach\u00e9es pour sa maintenance ou optimisation.\" \/>\n<meta name=\"robots\" content=\"index, follow, max-snippet:-1, max-image-preview:large, max-video-preview:-1\" \/>\n<link rel=\"canonical\" href=\"https:\/\/www.abm-tecna.be\/fr\/convoyeurs-a-vis\/\" \/>\n<meta property=\"og:locale\" content=\"fr_FR\" \/>\n<meta property=\"og:type\" content=\"article\" \/>\n<meta property=\"og:title\" content=\"Convoyeurs \u00e0 Vis - ABM TECNA\" \/>\n<meta property=\"og:description\" content=\"La solution globale pour convoyeur \u00e0 vis d&#039;Archim\u00e8de c&#039;est la fourniture de l&#039;ensemble des pi\u00e8ces d\u00e9tach\u00e9es pour sa maintenance ou optimisation.\" \/>\n<meta property=\"og:url\" content=\"https:\/\/www.abm-tecna.be\/fr\/convoyeurs-a-vis\/\" \/>\n<meta property=\"og:site_name\" content=\"ABM TECNA\" \/>\n<meta property=\"article:modified_time\" content=\"2020-10-08T07:39:24+00:00\" \/>\n<meta property=\"og:image\" content=\"https:\/\/www.abm-tecna.be\/wp-content\/uploads\/2020\/06\/CONVOYEUR-A-VIS-1-3.jpg\" \/>\n\t<meta property=\"og:image:width\" content=\"1698\" \/>\n\t<meta property=\"og:image:height\" content=\"1200\" \/>\n\t<meta property=\"og:image:type\" content=\"image\/jpeg\" \/>\n<meta name=\"twitter:card\" content=\"summary_large_image\" \/>\n<meta name=\"twitter:site\" content=\"@ABM_TECNA\" \/>\n<meta name=\"twitter:label1\" content=\"Dur\u00e9e de lecture estim\u00e9e\" \/>\n\t<meta name=\"twitter:data1\" content=\"5 minutes\" \/>\n<script type=\"application\/ld+json\" class=\"yoast-schema-graph\">{\"@context\":\"https:\\\/\\\/schema.org\",\"@graph\":[{\"@type\":\"WebPage\",\"@id\":\"https:\\\/\\\/www.abm-tecna.be\\\/fr\\\/convoyeurs-a-vis\\\/\",\"url\":\"https:\\\/\\\/www.abm-tecna.be\\\/fr\\\/convoyeurs-a-vis\\\/\",\"name\":\"Convoyeurs \u00e0 Vis - ABM TECNA\",\"isPartOf\":{\"@id\":\"https:\\\/\\\/www.abm-tecna.be\\\/fr\\\/#website\"},\"primaryImageOfPage\":{\"@id\":\"https:\\\/\\\/www.abm-tecna.be\\\/fr\\\/convoyeurs-a-vis\\\/#primaryimage\"},\"image\":{\"@id\":\"https:\\\/\\\/www.abm-tecna.be\\\/fr\\\/convoyeurs-a-vis\\\/#primaryimage\"},\"thumbnailUrl\":\"https:\\\/\\\/www.abm-tecna.be\\\/wp-content\\\/uploads\\\/2020\\\/06\\\/CONVOYEUR-A-VIS-1-3.jpg\",\"datePublished\":\"2019-11-26T14:46:59+00:00\",\"dateModified\":\"2020-10-08T07:39:24+00:00\",\"description\":\"La solution globale pour convoyeur \u00e0 vis d'Archim\u00e8de c'est la fourniture de l'ensemble des pi\u00e8ces d\u00e9tach\u00e9es pour sa maintenance ou optimisation.\",\"breadcrumb\":{\"@id\":\"https:\\\/\\\/www.abm-tecna.be\\\/fr\\\/convoyeurs-a-vis\\\/#breadcrumb\"},\"inLanguage\":\"fr-FR\",\"potentialAction\":[{\"@type\":\"ReadAction\",\"target\":[\"https:\\\/\\\/www.abm-tecna.be\\\/fr\\\/convoyeurs-a-vis\\\/\"]}]},{\"@type\":\"ImageObject\",\"inLanguage\":\"fr-FR\",\"@id\":\"https:\\\/\\\/www.abm-tecna.be\\\/fr\\\/convoyeurs-a-vis\\\/#primaryimage\",\"url\":\"https:\\\/\\\/www.abm-tecna.be\\\/wp-content\\\/uploads\\\/2020\\\/06\\\/CONVOYEUR-A-VIS-1-3.jpg\",\"contentUrl\":\"https:\\\/\\\/www.abm-tecna.be\\\/wp-content\\\/uploads\\\/2020\\\/06\\\/CONVOYEUR-A-VIS-1-3.jpg\",\"width\":1698,\"height\":1200},{\"@type\":\"BreadcrumbList\",\"@id\":\"https:\\\/\\\/www.abm-tecna.be\\\/fr\\\/convoyeurs-a-vis\\\/#breadcrumb\",\"itemListElement\":[{\"@type\":\"ListItem\",\"position\":1,\"name\":\"Home\",\"item\":\"https:\\\/\\\/www.abm-tecna.be\\\/fr\\\/\"},{\"@type\":\"ListItem\",\"position\":2,\"name\":\"Convoyeurs \u00e0 Vis\"}]},{\"@type\":\"WebSite\",\"@id\":\"https:\\\/\\\/www.abm-tecna.be\\\/fr\\\/#website\",\"url\":\"https:\\\/\\\/www.abm-tecna.be\\\/fr\\\/\",\"name\":\"ABM TECNA\",\"description\":\"La solution Globale\",\"publisher\":{\"@id\":\"https:\\\/\\\/www.abm-tecna.be\\\/fr\\\/#organization\"},\"potentialAction\":[{\"@type\":\"SearchAction\",\"target\":{\"@type\":\"EntryPoint\",\"urlTemplate\":\"https:\\\/\\\/www.abm-tecna.be\\\/fr\\\/?s={search_term_string}\"},\"query-input\":{\"@type\":\"PropertyValueSpecification\",\"valueRequired\":true,\"valueName\":\"search_term_string\"}}],\"inLanguage\":\"fr-FR\"},{\"@type\":\"Organization\",\"@id\":\"https:\\\/\\\/www.abm-tecna.be\\\/fr\\\/#organization\",\"name\":\"ABM TECNA\",\"url\":\"https:\\\/\\\/www.abm-tecna.be\\\/fr\\\/\",\"logo\":{\"@type\":\"ImageObject\",\"inLanguage\":\"fr-FR\",\"@id\":\"https:\\\/\\\/www.abm-tecna.be\\\/fr\\\/#\\\/schema\\\/logo\\\/image\\\/\",\"url\":\"https:\\\/\\\/www.abm-tecna.be\\\/wp-content\\\/uploads\\\/2020\\\/01\\\/ABMTECNA_favicon.png\",\"contentUrl\":\"https:\\\/\\\/www.abm-tecna.be\\\/wp-content\\\/uploads\\\/2020\\\/01\\\/ABMTECNA_favicon.png\",\"width\":512,\"height\":512,\"caption\":\"ABM TECNA\"},\"image\":{\"@id\":\"https:\\\/\\\/www.abm-tecna.be\\\/fr\\\/#\\\/schema\\\/logo\\\/image\\\/\"},\"sameAs\":[\"https:\\\/\\\/x.com\\\/ABM_TECNA\",\"https:\\\/\\\/www.linkedin.com\\\/company\\\/abm\\\/\",\"https:\\\/\\\/www.youtube.com\\\/channel\\\/UCRJ02jgCyEoiSCooXgzd7Zg\"]}]}<\/script>\n<!-- \/ Yoast SEO plugin. -->","yoast_head_json":{"title":"Convoyeurs \u00e0 Vis - ABM TECNA","description":"La solution globale pour convoyeur \u00e0 vis d'Archim\u00e8de c'est la fourniture de l'ensemble des pi\u00e8ces d\u00e9tach\u00e9es pour sa maintenance ou optimisation.","robots":{"index":"index","follow":"follow","max-snippet":"max-snippet:-1","max-image-preview":"max-image-preview:large","max-video-preview":"max-video-preview:-1"},"canonical":"https:\/\/www.abm-tecna.be\/fr\/convoyeurs-a-vis\/","og_locale":"fr_FR","og_type":"article","og_title":"Convoyeurs \u00e0 Vis - ABM TECNA","og_description":"La solution globale pour convoyeur \u00e0 vis d'Archim\u00e8de c'est la fourniture de l'ensemble des pi\u00e8ces d\u00e9tach\u00e9es pour sa maintenance ou optimisation.","og_url":"https:\/\/www.abm-tecna.be\/fr\/convoyeurs-a-vis\/","og_site_name":"ABM TECNA","article_modified_time":"2020-10-08T07:39:24+00:00","og_image":[{"width":1698,"height":1200,"url":"https:\/\/www.abm-tecna.be\/wp-content\/uploads\/2020\/06\/CONVOYEUR-A-VIS-1-3.jpg","type":"image\/jpeg"}],"twitter_card":"summary_large_image","twitter_site":"@ABM_TECNA","twitter_misc":{"Dur\u00e9e de lecture estim\u00e9e":"5 minutes"},"schema":{"@context":"https:\/\/schema.org","@graph":[{"@type":"WebPage","@id":"https:\/\/www.abm-tecna.be\/fr\/convoyeurs-a-vis\/","url":"https:\/\/www.abm-tecna.be\/fr\/convoyeurs-a-vis\/","name":"Convoyeurs \u00e0 Vis - ABM TECNA","isPartOf":{"@id":"https:\/\/www.abm-tecna.be\/fr\/#website"},"primaryImageOfPage":{"@id":"https:\/\/www.abm-tecna.be\/fr\/convoyeurs-a-vis\/#primaryimage"},"image":{"@id":"https:\/\/www.abm-tecna.be\/fr\/convoyeurs-a-vis\/#primaryimage"},"thumbnailUrl":"https:\/\/www.abm-tecna.be\/wp-content\/uploads\/2020\/06\/CONVOYEUR-A-VIS-1-3.jpg","datePublished":"2019-11-26T14:46:59+00:00","dateModified":"2020-10-08T07:39:24+00:00","description":"La solution globale pour convoyeur \u00e0 vis d'Archim\u00e8de c'est la fourniture de l'ensemble des pi\u00e8ces d\u00e9tach\u00e9es pour sa maintenance ou optimisation.","breadcrumb":{"@id":"https:\/\/www.abm-tecna.be\/fr\/convoyeurs-a-vis\/#breadcrumb"},"inLanguage":"fr-FR","potentialAction":[{"@type":"ReadAction","target":["https:\/\/www.abm-tecna.be\/fr\/convoyeurs-a-vis\/"]}]},{"@type":"ImageObject","inLanguage":"fr-FR","@id":"https:\/\/www.abm-tecna.be\/fr\/convoyeurs-a-vis\/#primaryimage","url":"https:\/\/www.abm-tecna.be\/wp-content\/uploads\/2020\/06\/CONVOYEUR-A-VIS-1-3.jpg","contentUrl":"https:\/\/www.abm-tecna.be\/wp-content\/uploads\/2020\/06\/CONVOYEUR-A-VIS-1-3.jpg","width":1698,"height":1200},{"@type":"BreadcrumbList","@id":"https:\/\/www.abm-tecna.be\/fr\/convoyeurs-a-vis\/#breadcrumb","itemListElement":[{"@type":"ListItem","position":1,"name":"Home","item":"https:\/\/www.abm-tecna.be\/fr\/"},{"@type":"ListItem","position":2,"name":"Convoyeurs \u00e0 Vis"}]},{"@type":"WebSite","@id":"https:\/\/www.abm-tecna.be\/fr\/#website","url":"https:\/\/www.abm-tecna.be\/fr\/","name":"ABM TECNA","description":"La solution Globale","publisher":{"@id":"https:\/\/www.abm-tecna.be\/fr\/#organization"},"potentialAction":[{"@type":"SearchAction","target":{"@type":"EntryPoint","urlTemplate":"https:\/\/www.abm-tecna.be\/fr\/?s={search_term_string}"},"query-input":{"@type":"PropertyValueSpecification","valueRequired":true,"valueName":"search_term_string"}}],"inLanguage":"fr-FR"},{"@type":"Organization","@id":"https:\/\/www.abm-tecna.be\/fr\/#organization","name":"ABM TECNA","url":"https:\/\/www.abm-tecna.be\/fr\/","logo":{"@type":"ImageObject","inLanguage":"fr-FR","@id":"https:\/\/www.abm-tecna.be\/fr\/#\/schema\/logo\/image\/","url":"https:\/\/www.abm-tecna.be\/wp-content\/uploads\/2020\/01\/ABMTECNA_favicon.png","contentUrl":"https:\/\/www.abm-tecna.be\/wp-content\/uploads\/2020\/01\/ABMTECNA_favicon.png","width":512,"height":512,"caption":"ABM TECNA"},"image":{"@id":"https:\/\/www.abm-tecna.be\/fr\/#\/schema\/logo\/image\/"},"sameAs":["https:\/\/x.com\/ABM_TECNA","https:\/\/www.linkedin.com\/company\/abm\/","https:\/\/www.youtube.com\/channel\/UCRJ02jgCyEoiSCooXgzd7Zg"]}]}},"_links":{"self":[{"href":"https:\/\/www.abm-tecna.be\/fr\/wp-json\/wp\/v2\/pages\/1217","targetHints":{"allow":["GET"]}}],"collection":[{"href":"https:\/\/www.abm-tecna.be\/fr\/wp-json\/wp\/v2\/pages"}],"about":[{"href":"https:\/\/www.abm-tecna.be\/fr\/wp-json\/wp\/v2\/types\/page"}],"author":[{"embeddable":true,"href":"https:\/\/www.abm-tecna.be\/fr\/wp-json\/wp\/v2\/users\/2"}],"replies":[{"embeddable":true,"href":"https:\/\/www.abm-tecna.be\/fr\/wp-json\/wp\/v2\/comments?post=1217"}],"version-history":[{"count":53,"href":"https:\/\/www.abm-tecna.be\/fr\/wp-json\/wp\/v2\/pages\/1217\/revisions"}],"predecessor-version":[{"id":4500,"href":"https:\/\/www.abm-tecna.be\/fr\/wp-json\/wp\/v2\/pages\/1217\/revisions\/4500"}],"wp:featuredmedia":[{"embeddable":true,"href":"https:\/\/www.abm-tecna.be\/fr\/wp-json\/wp\/v2\/media\/4152"}],"wp:attachment":[{"href":"https:\/\/www.abm-tecna.be\/fr\/wp-json\/wp\/v2\/media?parent=1217"}],"curies":[{"name":"wp","href":"https:\/\/api.w.org\/{rel}","templated":true}]}}