{"id":3277,"date":"2020-05-06T10:21:04","date_gmt":"2020-05-06T08:21:04","guid":{"rendered":"http:\/\/abm-tecna.com\/?page_id=3277"},"modified":"2020-09-16T16:45:56","modified_gmt":"2020-09-16T14:45:56","slug":"enrouleurs","status":"publish","type":"page","link":"https:\/\/www.abm-tecna.be\/fr\/enrouleurs\/","title":{"rendered":"Enrouleurs"},"content":{"rendered":"[vc_row type=\u00a0\u00bbin_container\u00a0\u00bb full_screen_row_position=\u00a0\u00bbmiddle\u00a0\u00bb column_margin=\u00a0\u00bbdefault\u00a0\u00bb equal_height=\u00a0\u00bbyes\u00a0\u00bb content_placement=\u00a0\u00bbmiddle\u00a0\u00bb column_direction=\u00a0\u00bbdefault\u00a0\u00bb column_direction_tablet=\u00a0\u00bbdefault\u00a0\u00bb column_direction_phone=\u00a0\u00bbdefault\u00a0\u00bb scene_position=\u00a0\u00bbcenter\u00a0\u00bb text_color=\u00a0\u00bbdark\u00a0\u00bb text_align=\u00a0\u00bbleft\u00a0\u00bb row_border_radius=\u00a0\u00bbnone\u00a0\u00bb row_border_radius_applies=\u00a0\u00bbbg\u00a0\u00bb overlay_strength=\u00a0\u00bb0.3&Prime; gradient_direction=\u00a0\u00bbleft_to_right\u00a0\u00bb shape_divider_position=\u00a0\u00bbbottom\u00a0\u00bb bg_image_animation=\u00a0\u00bbnone\u00a0\u00bb shape_type=\u00a0\u00bb\u00a0\u00bb][vc_column column_padding=\u00a0\u00bbno-extra-padding\u00a0\u00bb column_padding_tablet=\u00a0\u00bbinherit\u00a0\u00bb column_padding_phone=\u00a0\u00bbinherit\u00a0\u00bb column_padding_position=\u00a0\u00bball\u00a0\u00bb background_color_opacity=\u00a0\u00bb1&Prime; background_hover_color_opacity=\u00a0\u00bb1&Prime; column_shadow=\u00a0\u00bbnone\u00a0\u00bb column_border_radius=\u00a0\u00bbnone\u00a0\u00bb column_link_target=\u00a0\u00bb_self\u00a0\u00bb gradient_direction=\u00a0\u00bbleft_to_right\u00a0\u00bb overlay_strength=\u00a0\u00bb0.3&Prime; width=\u00a0\u00bb5\/6&Prime; tablet_width_inherit=\u00a0\u00bbdefault\u00a0\u00bb tablet_text_alignment=\u00a0\u00bbdefault\u00a0\u00bb phone_text_alignment=\u00a0\u00bbdefault\u00a0\u00bb column_border_width=\u00a0\u00bbnone\u00a0\u00bb column_border_style=\u00a0\u00bbsolid\u00a0\u00bb bg_image_animation=\u00a0\u00bbnone\u00a0\u00bb][vc_custom_heading text=\u00a0\u00bb\u00c9quipement\u00a0\u00bb font_container=\u00a0\u00bbtag:div|font_size:16|text_align:left|color:%23020202&Prime; use_theme_fonts=\u00a0\u00bbyes\u00a0\u00bb el_class=\u00a0\u00bbbreadcrumb\u00a0\u00bb][vc_custom_heading source=\u00a0\u00bbpost_title\u00a0\u00bb font_container=\u00a0\u00bbtag:div|font_size:16|text_align:left|color:%23000000&Prime; use_theme_fonts=\u00a0\u00bbyes\u00a0\u00bb css_animation=\u00a0\u00bbnone\u00a0\u00bb link=\u00a0\u00bb|||\u00a0\u00bb el_class=\u00a0\u00bbbreadcrumb\u00a0\u00bb][\/vc_column][vc_column column_padding=\u00a0\u00bbno-extra-padding\u00a0\u00bb column_padding_tablet=\u00a0\u00bbinherit\u00a0\u00bb column_padding_phone=\u00a0\u00bbinherit\u00a0\u00bb column_padding_position=\u00a0\u00bball\u00a0\u00bb background_color_opacity=\u00a0\u00bb1&Prime; background_hover_color_opacity=\u00a0\u00bb1&Prime; column_shadow=\u00a0\u00bbnone\u00a0\u00bb column_border_radius=\u00a0\u00bbnone\u00a0\u00bb column_link_target=\u00a0\u00bb_self\u00a0\u00bb gradient_direction=\u00a0\u00bbleft_to_right\u00a0\u00bb overlay_strength=\u00a0\u00bb0.3&Prime; width=\u00a0\u00bb1\/6&Prime; tablet_width_inherit=\u00a0\u00bbdefault\u00a0\u00bb tablet_text_alignment=\u00a0\u00bbdefault\u00a0\u00bb phone_text_alignment=\u00a0\u00bbdefault\u00a0\u00bb column_border_width=\u00a0\u00bbnone\u00a0\u00bb column_border_style=\u00a0\u00bbsolid\u00a0\u00bb bg_image_animation=\u00a0\u00bbnone\u00a0\u00bb offset=\u00a0\u00bbvc_hidden-sm vc_hidden-xs\u00a0\u00bb][vc_custom_heading text=\u00a0\u00bbPage pr\u00e9c\u00e9dente\u00a0\u00bb font_container=\u00a0\u00bbtag:div|font_size:16|text_align:right|color:%23000000&Prime; use_theme_fonts=\u00a0\u00bbyes\u00a0\u00bb css_animation=\u00a0\u00bbnone\u00a0\u00bb link=\u00a0\u00bburl:http%3A%2F%2Fabm-tecna.be%2Ffr%2Fconvoyeurs-a-bande%2F|title:Bandes%20transporteuses%20caoutchouc||\u00a0\u00bb el_id=\u00a0\u00bbgoBack\u00a0\u00bb][\/vc_column][\/vc_row][vc_row type=\u00a0\u00bbin_container\u00a0\u00bb full_screen_row_position=\u00a0\u00bbmiddle\u00a0\u00bb column_margin=\u00a0\u00bbdefault\u00a0\u00bb column_direction=\u00a0\u00bbdefault\u00a0\u00bb column_direction_tablet=\u00a0\u00bbdefault\u00a0\u00bb column_direction_phone=\u00a0\u00bbdefault\u00a0\u00bb scene_position=\u00a0\u00bbcenter\u00a0\u00bb text_color=\u00a0\u00bbdark\u00a0\u00bb text_align=\u00a0\u00bbleft\u00a0\u00bb row_border_radius=\u00a0\u00bbnone\u00a0\u00bb row_border_radius_applies=\u00a0\u00bbbg\u00a0\u00bb overlay_strength=\u00a0\u00bb0.3&Prime; gradient_direction=\u00a0\u00bbleft_to_right\u00a0\u00bb shape_divider_position=\u00a0\u00bbbottom\u00a0\u00bb bg_image_animation=\u00a0\u00bbnone\u00a0\u00bb][vc_column column_padding=\u00a0\u00bbno-extra-padding\u00a0\u00bb column_padding_tablet=\u00a0\u00bbinherit\u00a0\u00bb column_padding_phone=\u00a0\u00bbinherit\u00a0\u00bb column_padding_position=\u00a0\u00bball\u00a0\u00bb background_color_opacity=\u00a0\u00bb1&Prime; background_hover_color_opacity=\u00a0\u00bb1&Prime; column_shadow=\u00a0\u00bbnone\u00a0\u00bb column_border_radius=\u00a0\u00bbnone\u00a0\u00bb column_link_target=\u00a0\u00bb_self\u00a0\u00bb gradient_direction=\u00a0\u00bbleft_to_right\u00a0\u00bb overlay_strength=\u00a0\u00bb0.3&Prime; width=\u00a0\u00bb2\/3&Prime; tablet_width_inherit=\u00a0\u00bbdefault\u00a0\u00bb tablet_text_alignment=\u00a0\u00bbdefault\u00a0\u00bb phone_text_alignment=\u00a0\u00bbdefault\u00a0\u00bb column_border_width=\u00a0\u00bbnone\u00a0\u00bb column_border_style=\u00a0\u00bbsolid\u00a0\u00bb bg_image_animation=\u00a0\u00bbnone\u00a0\u00bb][vc_column_text]Nous avons d\u00e9velopp\u00e9 une gamme d&rsquo;enrouleurs et de d\u00e9rouleurs ayant pour but de combler nos propres besoins, nous avons par la suite choisi de les commercialiser.<\/p>\n<p>Notre expertise nous permet \u00e9galement d&rsquo;intervenir dans le cadre d&rsquo;une maintenance et\/ou d&rsquo;adaptation d&rsquo;enrouleurs existants.[\/vc_column_text][\/vc_column][vc_column column_padding=\u00a0\u00bbno-extra-padding\u00a0\u00bb column_padding_tablet=\u00a0\u00bbinherit\u00a0\u00bb column_padding_phone=\u00a0\u00bbinherit\u00a0\u00bb column_padding_position=\u00a0\u00bball\u00a0\u00bb background_color_opacity=\u00a0\u00bb1&Prime; background_hover_color_opacity=\u00a0\u00bb1&Prime; column_shadow=\u00a0\u00bbnone\u00a0\u00bb column_border_radius=\u00a0\u00bbnone\u00a0\u00bb column_link_target=\u00a0\u00bb_self\u00a0\u00bb gradient_direction=\u00a0\u00bbleft_to_right\u00a0\u00bb overlay_strength=\u00a0\u00bb0.3&Prime; width=\u00a0\u00bb1\/3&Prime; tablet_width_inherit=\u00a0\u00bbdefault\u00a0\u00bb tablet_text_alignment=\u00a0\u00bbdefault\u00a0\u00bb phone_text_alignment=\u00a0\u00bbdefault\u00a0\u00bb column_border_width=\u00a0\u00bbnone\u00a0\u00bb column_border_style=\u00a0\u00bbsolid\u00a0\u00bb bg_image_animation=\u00a0\u00bbnone\u00a0\u00bb][image_with_animation image_url=\u00a0\u00bb3919&Prime; animation=\u00a0\u00bbFade In\u00a0\u00bb hover_animation=\u00a0\u00bbzoom\u00a0\u00bb alignment=\u00a0\u00bbcenter\u00a0\u00bb img_link_large=\u00a0\u00bbyes\u00a0\u00bb border_radius=\u00a0\u00bbnone\u00a0\u00bb box_shadow=\u00a0\u00bbnone\u00a0\u00bb image_loading=\u00a0\u00bblazy-load\u00a0\u00bb max_width=\u00a0\u00bb100%\u00a0\u00bb max_width_mobile=\u00a0\u00bbdefault\u00a0\u00bb][image_with_animation image_url=\u00a0\u00bb3920&Prime; animation=\u00a0\u00bbFade In\u00a0\u00bb hover_animation=\u00a0\u00bbzoom\u00a0\u00bb alignment=\u00a0\u00bbcenter\u00a0\u00bb img_link_large=\u00a0\u00bbyes\u00a0\u00bb border_radius=\u00a0\u00bbnone\u00a0\u00bb box_shadow=\u00a0\u00bbnone\u00a0\u00bb image_loading=\u00a0\u00bblazy-load\u00a0\u00bb max_width=\u00a0\u00bb100%\u00a0\u00bb max_width_mobile=\u00a0\u00bbdefault\u00a0\u00bb][\/vc_column][\/vc_row]\n","protected":false},"excerpt":{"rendered":"<p>[vc_row type=\u00a0\u00bbin_container\u00a0\u00bb full_screen_row_position=\u00a0\u00bbmiddle\u00a0\u00bb column_margin=\u00a0\u00bbdefault\u00a0\u00bb equal_height=\u00a0\u00bbyes\u00a0\u00bb content_placement=\u00a0\u00bbmiddle\u00a0\u00bb column_direction=\u00a0\u00bbdefault\u00a0\u00bb column_direction_tablet=\u00a0\u00bbdefault\u00a0\u00bb column_direction_phone=\u00a0\u00bbdefault\u00a0\u00bb scene_position=\u00a0\u00bbcenter\u00a0\u00bb text_color=\u00a0\u00bbdark\u00a0\u00bb text_align=\u00a0\u00bbleft\u00a0\u00bb row_border_radius=\u00a0\u00bbnone\u00a0\u00bb row_border_radius_applies=\u00a0\u00bbbg\u00a0\u00bb overlay_strength=\u00a0\u00bb0.3&Prime; gradient_direction=\u00a0\u00bbleft_to_right\u00a0\u00bb shape_divider_position=\u00a0\u00bbbottom\u00a0\u00bb bg_image_animation=\u00a0\u00bbnone\u00a0\u00bb shape_type=\u00a0\u00bb\u00a0\u00bb][vc_column column_padding=\u00a0\u00bbno-extra-padding\u00a0\u00bb column_padding_tablet=\u00a0\u00bbinherit\u00a0\u00bb column_padding_phone=\u00a0\u00bbinherit\u00a0\u00bb column_padding_position=\u00a0\u00bball\u00a0\u00bb background_color_opacity=\u00a0\u00bb1&Prime; background_hover_color_opacity=\u00a0\u00bb1&Prime; column_shadow=\u00a0\u00bbnone\u00a0\u00bb column_border_radius=\u00a0\u00bbnone\u00a0\u00bb column_link_target=\u00a0\u00bb_self\u00a0\u00bb gradient_direction=\u00a0\u00bbleft_to_right\u00a0\u00bb overlay_strength=\u00a0\u00bb0.3&Prime;&#8230;<\/p>\n","protected":false},"author":2,"featured_media":5667,"parent":0,"menu_order":0,"comment_status":"closed","ping_status":"closed","template":"","meta":{"footnotes":""},"class_list":["post-3277","page","type-page","status-publish","has-post-thumbnail"],"yoast_head":"<!-- This site is optimized with the Yoast SEO plugin v27.5 - https:\/\/yoast.com\/product\/yoast-seo-wordpress\/ -->\n<title>Enrouleurs - ABM TECNA<\/title>\n<meta name=\"description\" content=\"ABM TECNA a d\u00e9velopp\u00e9 et produit .une gamme d\u2019enrouleurs et de d\u00e9rouleurs industriels, fruit de nos exp\u00e9riences lors de maintenances sur sites\" \/>\n<meta name=\"robots\" content=\"index, follow, max-snippet:-1, max-image-preview:large, max-video-preview:-1\" \/>\n<link rel=\"canonical\" href=\"https:\/\/www.abm-tecna.be\/fr\/enrouleurs\/\" \/>\n<meta property=\"og:locale\" content=\"fr_FR\" \/>\n<meta property=\"og:type\" content=\"article\" \/>\n<meta property=\"og:title\" content=\"Enrouleurs - ABM TECNA\" \/>\n<meta property=\"og:description\" content=\"ABM TECNA a d\u00e9velopp\u00e9 et produit .une gamme d\u2019enrouleurs et de d\u00e9rouleurs industriels, fruit de nos exp\u00e9riences lors de maintenances sur sites\" \/>\n<meta property=\"og:url\" content=\"https:\/\/www.abm-tecna.be\/fr\/enrouleurs\/\" \/>\n<meta property=\"og:site_name\" content=\"ABM TECNA\" \/>\n<meta property=\"article:modified_time\" content=\"2020-09-16T14:45:56+00:00\" \/>\n<meta property=\"og:image\" content=\"https:\/\/www.abm-tecna.be\/wp-content\/uploads\/2020\/05\/Enrouleur-7Tweb1.jpg\" \/>\n\t<meta property=\"og:image:width\" content=\"1200\" \/>\n\t<meta property=\"og:image:height\" content=\"777\" \/>\n\t<meta property=\"og:image:type\" content=\"image\/jpeg\" \/>\n<meta name=\"twitter:card\" content=\"summary_large_image\" \/>\n<meta name=\"twitter:site\" content=\"@ABM_TECNA\" \/>\n<meta name=\"twitter:label1\" content=\"Dur\u00e9e de lecture estim\u00e9e\" \/>\n\t<meta name=\"twitter:data1\" content=\"3 minutes\" \/>\n<script type=\"application\/ld+json\" class=\"yoast-schema-graph\">{\"@context\":\"https:\\\/\\\/schema.org\",\"@graph\":[{\"@type\":\"WebPage\",\"@id\":\"https:\\\/\\\/www.abm-tecna.be\\\/fr\\\/enrouleurs\\\/\",\"url\":\"https:\\\/\\\/www.abm-tecna.be\\\/fr\\\/enrouleurs\\\/\",\"name\":\"Enrouleurs - ABM TECNA\",\"isPartOf\":{\"@id\":\"https:\\\/\\\/www.abm-tecna.be\\\/fr\\\/#website\"},\"primaryImageOfPage\":{\"@id\":\"https:\\\/\\\/www.abm-tecna.be\\\/fr\\\/enrouleurs\\\/#primaryimage\"},\"image\":{\"@id\":\"https:\\\/\\\/www.abm-tecna.be\\\/fr\\\/enrouleurs\\\/#primaryimage\"},\"thumbnailUrl\":\"https:\\\/\\\/www.abm-tecna.be\\\/wp-content\\\/uploads\\\/2020\\\/05\\\/Enrouleur-7Tweb1.jpg\",\"datePublished\":\"2020-05-06T08:21:04+00:00\",\"dateModified\":\"2020-09-16T14:45:56+00:00\",\"description\":\"ABM TECNA a d\u00e9velopp\u00e9 et produit .une gamme d\u2019enrouleurs et de d\u00e9rouleurs industriels, fruit de nos exp\u00e9riences lors de maintenances sur sites\",\"breadcrumb\":{\"@id\":\"https:\\\/\\\/www.abm-tecna.be\\\/fr\\\/enrouleurs\\\/#breadcrumb\"},\"inLanguage\":\"fr-FR\",\"potentialAction\":[{\"@type\":\"ReadAction\",\"target\":[\"https:\\\/\\\/www.abm-tecna.be\\\/fr\\\/enrouleurs\\\/\"]}]},{\"@type\":\"ImageObject\",\"inLanguage\":\"fr-FR\",\"@id\":\"https:\\\/\\\/www.abm-tecna.be\\\/fr\\\/enrouleurs\\\/#primaryimage\",\"url\":\"https:\\\/\\\/www.abm-tecna.be\\\/wp-content\\\/uploads\\\/2020\\\/05\\\/Enrouleur-7Tweb1.jpg\",\"contentUrl\":\"https:\\\/\\\/www.abm-tecna.be\\\/wp-content\\\/uploads\\\/2020\\\/05\\\/Enrouleur-7Tweb1.jpg\",\"width\":1200,\"height\":777,\"caption\":\"Enrouleur et d\u00e9rouleur de bandes caoutchouc produit par ABM TECNA\"},{\"@type\":\"BreadcrumbList\",\"@id\":\"https:\\\/\\\/www.abm-tecna.be\\\/fr\\\/enrouleurs\\\/#breadcrumb\",\"itemListElement\":[{\"@type\":\"ListItem\",\"position\":1,\"name\":\"Home\",\"item\":\"https:\\\/\\\/www.abm-tecna.be\\\/fr\\\/\"},{\"@type\":\"ListItem\",\"position\":2,\"name\":\"Enrouleurs\"}]},{\"@type\":\"WebSite\",\"@id\":\"https:\\\/\\\/www.abm-tecna.be\\\/fr\\\/#website\",\"url\":\"https:\\\/\\\/www.abm-tecna.be\\\/fr\\\/\",\"name\":\"ABM TECNA\",\"description\":\"La solution Globale\",\"publisher\":{\"@id\":\"https:\\\/\\\/www.abm-tecna.be\\\/fr\\\/#organization\"},\"potentialAction\":[{\"@type\":\"SearchAction\",\"target\":{\"@type\":\"EntryPoint\",\"urlTemplate\":\"https:\\\/\\\/www.abm-tecna.be\\\/fr\\\/?s={search_term_string}\"},\"query-input\":{\"@type\":\"PropertyValueSpecification\",\"valueRequired\":true,\"valueName\":\"search_term_string\"}}],\"inLanguage\":\"fr-FR\"},{\"@type\":\"Organization\",\"@id\":\"https:\\\/\\\/www.abm-tecna.be\\\/fr\\\/#organization\",\"name\":\"ABM TECNA\",\"url\":\"https:\\\/\\\/www.abm-tecna.be\\\/fr\\\/\",\"logo\":{\"@type\":\"ImageObject\",\"inLanguage\":\"fr-FR\",\"@id\":\"https:\\\/\\\/www.abm-tecna.be\\\/fr\\\/#\\\/schema\\\/logo\\\/image\\\/\",\"url\":\"https:\\\/\\\/www.abm-tecna.be\\\/wp-content\\\/uploads\\\/2020\\\/01\\\/ABMTECNA_favicon.png\",\"contentUrl\":\"https:\\\/\\\/www.abm-tecna.be\\\/wp-content\\\/uploads\\\/2020\\\/01\\\/ABMTECNA_favicon.png\",\"width\":512,\"height\":512,\"caption\":\"ABM TECNA\"},\"image\":{\"@id\":\"https:\\\/\\\/www.abm-tecna.be\\\/fr\\\/#\\\/schema\\\/logo\\\/image\\\/\"},\"sameAs\":[\"https:\\\/\\\/x.com\\\/ABM_TECNA\",\"https:\\\/\\\/www.linkedin.com\\\/company\\\/abm\\\/\",\"https:\\\/\\\/www.youtube.com\\\/channel\\\/UCRJ02jgCyEoiSCooXgzd7Zg\"]}]}<\/script>\n<!-- \/ Yoast SEO plugin. -->","yoast_head_json":{"title":"Enrouleurs - ABM TECNA","description":"ABM TECNA a d\u00e9velopp\u00e9 et produit .une gamme d\u2019enrouleurs et de d\u00e9rouleurs industriels, fruit de nos exp\u00e9riences lors de maintenances sur sites","robots":{"index":"index","follow":"follow","max-snippet":"max-snippet:-1","max-image-preview":"max-image-preview:large","max-video-preview":"max-video-preview:-1"},"canonical":"https:\/\/www.abm-tecna.be\/fr\/enrouleurs\/","og_locale":"fr_FR","og_type":"article","og_title":"Enrouleurs - ABM TECNA","og_description":"ABM TECNA a d\u00e9velopp\u00e9 et produit .une gamme d\u2019enrouleurs et de d\u00e9rouleurs industriels, fruit de nos exp\u00e9riences lors de maintenances sur sites","og_url":"https:\/\/www.abm-tecna.be\/fr\/enrouleurs\/","og_site_name":"ABM TECNA","article_modified_time":"2020-09-16T14:45:56+00:00","og_image":[{"width":1200,"height":777,"url":"https:\/\/www.abm-tecna.be\/wp-content\/uploads\/2020\/05\/Enrouleur-7Tweb1.jpg","type":"image\/jpeg"}],"twitter_card":"summary_large_image","twitter_site":"@ABM_TECNA","twitter_misc":{"Dur\u00e9e de lecture estim\u00e9e":"3 minutes"},"schema":{"@context":"https:\/\/schema.org","@graph":[{"@type":"WebPage","@id":"https:\/\/www.abm-tecna.be\/fr\/enrouleurs\/","url":"https:\/\/www.abm-tecna.be\/fr\/enrouleurs\/","name":"Enrouleurs - ABM TECNA","isPartOf":{"@id":"https:\/\/www.abm-tecna.be\/fr\/#website"},"primaryImageOfPage":{"@id":"https:\/\/www.abm-tecna.be\/fr\/enrouleurs\/#primaryimage"},"image":{"@id":"https:\/\/www.abm-tecna.be\/fr\/enrouleurs\/#primaryimage"},"thumbnailUrl":"https:\/\/www.abm-tecna.be\/wp-content\/uploads\/2020\/05\/Enrouleur-7Tweb1.jpg","datePublished":"2020-05-06T08:21:04+00:00","dateModified":"2020-09-16T14:45:56+00:00","description":"ABM TECNA a d\u00e9velopp\u00e9 et produit .une gamme d\u2019enrouleurs et de d\u00e9rouleurs industriels, fruit de nos exp\u00e9riences lors de maintenances sur sites","breadcrumb":{"@id":"https:\/\/www.abm-tecna.be\/fr\/enrouleurs\/#breadcrumb"},"inLanguage":"fr-FR","potentialAction":[{"@type":"ReadAction","target":["https:\/\/www.abm-tecna.be\/fr\/enrouleurs\/"]}]},{"@type":"ImageObject","inLanguage":"fr-FR","@id":"https:\/\/www.abm-tecna.be\/fr\/enrouleurs\/#primaryimage","url":"https:\/\/www.abm-tecna.be\/wp-content\/uploads\/2020\/05\/Enrouleur-7Tweb1.jpg","contentUrl":"https:\/\/www.abm-tecna.be\/wp-content\/uploads\/2020\/05\/Enrouleur-7Tweb1.jpg","width":1200,"height":777,"caption":"Enrouleur et d\u00e9rouleur de bandes caoutchouc produit par ABM TECNA"},{"@type":"BreadcrumbList","@id":"https:\/\/www.abm-tecna.be\/fr\/enrouleurs\/#breadcrumb","itemListElement":[{"@type":"ListItem","position":1,"name":"Home","item":"https:\/\/www.abm-tecna.be\/fr\/"},{"@type":"ListItem","position":2,"name":"Enrouleurs"}]},{"@type":"WebSite","@id":"https:\/\/www.abm-tecna.be\/fr\/#website","url":"https:\/\/www.abm-tecna.be\/fr\/","name":"ABM TECNA","description":"La solution Globale","publisher":{"@id":"https:\/\/www.abm-tecna.be\/fr\/#organization"},"potentialAction":[{"@type":"SearchAction","target":{"@type":"EntryPoint","urlTemplate":"https:\/\/www.abm-tecna.be\/fr\/?s={search_term_string}"},"query-input":{"@type":"PropertyValueSpecification","valueRequired":true,"valueName":"search_term_string"}}],"inLanguage":"fr-FR"},{"@type":"Organization","@id":"https:\/\/www.abm-tecna.be\/fr\/#organization","name":"ABM TECNA","url":"https:\/\/www.abm-tecna.be\/fr\/","logo":{"@type":"ImageObject","inLanguage":"fr-FR","@id":"https:\/\/www.abm-tecna.be\/fr\/#\/schema\/logo\/image\/","url":"https:\/\/www.abm-tecna.be\/wp-content\/uploads\/2020\/01\/ABMTECNA_favicon.png","contentUrl":"https:\/\/www.abm-tecna.be\/wp-content\/uploads\/2020\/01\/ABMTECNA_favicon.png","width":512,"height":512,"caption":"ABM TECNA"},"image":{"@id":"https:\/\/www.abm-tecna.be\/fr\/#\/schema\/logo\/image\/"},"sameAs":["https:\/\/x.com\/ABM_TECNA","https:\/\/www.linkedin.com\/company\/abm\/","https:\/\/www.youtube.com\/channel\/UCRJ02jgCyEoiSCooXgzd7Zg"]}]}},"_links":{"self":[{"href":"https:\/\/www.abm-tecna.be\/fr\/wp-json\/wp\/v2\/pages\/3277","targetHints":{"allow":["GET"]}}],"collection":[{"href":"https:\/\/www.abm-tecna.be\/fr\/wp-json\/wp\/v2\/pages"}],"about":[{"href":"https:\/\/www.abm-tecna.be\/fr\/wp-json\/wp\/v2\/types\/page"}],"author":[{"embeddable":true,"href":"https:\/\/www.abm-tecna.be\/fr\/wp-json\/wp\/v2\/users\/2"}],"replies":[{"embeddable":true,"href":"https:\/\/www.abm-tecna.be\/fr\/wp-json\/wp\/v2\/comments?post=3277"}],"version-history":[{"count":11,"href":"https:\/\/www.abm-tecna.be\/fr\/wp-json\/wp\/v2\/pages\/3277\/revisions"}],"predecessor-version":[{"id":6209,"href":"https:\/\/www.abm-tecna.be\/fr\/wp-json\/wp\/v2\/pages\/3277\/revisions\/6209"}],"wp:featuredmedia":[{"embeddable":true,"href":"https:\/\/www.abm-tecna.be\/fr\/wp-json\/wp\/v2\/media\/5667"}],"wp:attachment":[{"href":"https:\/\/www.abm-tecna.be\/fr\/wp-json\/wp\/v2\/media?parent=3277"}],"curies":[{"name":"wp","href":"https:\/\/api.w.org\/{rel}","templated":true}]}}