{"id":3698,"date":"2020-06-12T11:08:54","date_gmt":"2020-06-12T09:08:54","guid":{"rendered":"http:\/\/abm-tecna.com\/?page_id=3698"},"modified":"2023-04-12T09:24:50","modified_gmt":"2023-04-12T07:24:50","slug":"courroies-et-poulies-dentees","status":"publish","type":"page","link":"https:\/\/www.abm-tecna.be\/fr\/courroies-et-poulies-dentees\/","title":{"rendered":"Courroies et poulies dent\u00e9es"},"content":{"rendered":"[vc_row type=\u00a0\u00bbin_container\u00a0\u00bb full_screen_row_position=\u00a0\u00bbmiddle\u00a0\u00bb column_margin=\u00a0\u00bbdefault\u00a0\u00bb equal_height=\u00a0\u00bbyes\u00a0\u00bb content_placement=\u00a0\u00bbmiddle\u00a0\u00bb column_direction=\u00a0\u00bbdefault\u00a0\u00bb column_direction_tablet=\u00a0\u00bbdefault\u00a0\u00bb column_direction_phone=\u00a0\u00bbdefault\u00a0\u00bb scene_position=\u00a0\u00bbcenter\u00a0\u00bb text_color=\u00a0\u00bbdark\u00a0\u00bb text_align=\u00a0\u00bbleft\u00a0\u00bb row_border_radius=\u00a0\u00bbnone\u00a0\u00bb row_border_radius_applies=\u00a0\u00bbbg\u00a0\u00bb overlay_strength=\u00a0\u00bb0.3&Prime; gradient_direction=\u00a0\u00bbleft_to_right\u00a0\u00bb shape_divider_position=\u00a0\u00bbbottom\u00a0\u00bb bg_image_animation=\u00a0\u00bbnone\u00a0\u00bb shape_type=\u00a0\u00bb\u00a0\u00bb][vc_column column_padding=\u00a0\u00bbno-extra-padding\u00a0\u00bb column_padding_tablet=\u00a0\u00bbinherit\u00a0\u00bb column_padding_phone=\u00a0\u00bbinherit\u00a0\u00bb column_padding_position=\u00a0\u00bball\u00a0\u00bb background_color_opacity=\u00a0\u00bb1&Prime; background_hover_color_opacity=\u00a0\u00bb1&Prime; column_shadow=\u00a0\u00bbnone\u00a0\u00bb column_border_radius=\u00a0\u00bbnone\u00a0\u00bb column_link_target=\u00a0\u00bb_self\u00a0\u00bb gradient_direction=\u00a0\u00bbleft_to_right\u00a0\u00bb overlay_strength=\u00a0\u00bb0.3&Prime; width=\u00a0\u00bb5\/6&Prime; tablet_width_inherit=\u00a0\u00bbdefault\u00a0\u00bb tablet_text_alignment=\u00a0\u00bbdefault\u00a0\u00bb phone_text_alignment=\u00a0\u00bbdefault\u00a0\u00bb column_border_width=\u00a0\u00bbnone\u00a0\u00bb column_border_style=\u00a0\u00bbsolid\u00a0\u00bb bg_image_animation=\u00a0\u00bbnone\u00a0\u00bb][vc_custom_heading text=\u00a0\u00bbPi\u00e8ces \u00e9lectrom\u00e9caniques\u00a0\u00bb font_container=\u00a0\u00bbtag:div|font_size:16|text_align:left|color:%23020202&Prime; use_theme_fonts=\u00a0\u00bbyes\u00a0\u00bb el_class=\u00a0\u00bbbreadcrumb\u00a0\u00bb][vc_custom_heading text=\u00a0\u00bbTransmission par courroies\u00a0\u00bb font_container=\u00a0\u00bbtag:div|font_size:16|text_align:left|color:%23000000&Prime; use_theme_fonts=\u00a0\u00bbyes\u00a0\u00bb css_animation=\u00a0\u00bbnone\u00a0\u00bb link=\u00a0\u00bburl:http%3A%2F%2Fabm-tecna.be%2Ffr%2Ftransmission-par-courroies%2F|title:Transmission%20par%20courroies||\u00a0\u00bb el_class=\u00a0\u00bbbreadcrumb\u00a0\u00bb][vc_custom_heading source=\u00a0\u00bbpost_title\u00a0\u00bb font_container=\u00a0\u00bbtag:div|font_size:16|text_align:left|color:%23000000&Prime; use_theme_fonts=\u00a0\u00bbyes\u00a0\u00bb css_animation=\u00a0\u00bbnone\u00a0\u00bb link=\u00a0\u00bb|||\u00a0\u00bb el_class=\u00a0\u00bbbreadcrumb\u00a0\u00bb][\/vc_column][vc_column column_padding=\u00a0\u00bbno-extra-padding\u00a0\u00bb column_padding_tablet=\u00a0\u00bbinherit\u00a0\u00bb column_padding_phone=\u00a0\u00bbinherit\u00a0\u00bb column_padding_position=\u00a0\u00bball\u00a0\u00bb background_color_opacity=\u00a0\u00bb1&Prime; background_hover_color_opacity=\u00a0\u00bb1&Prime; column_shadow=\u00a0\u00bbnone\u00a0\u00bb column_border_radius=\u00a0\u00bbnone\u00a0\u00bb column_link_target=\u00a0\u00bb_self\u00a0\u00bb gradient_direction=\u00a0\u00bbleft_to_right\u00a0\u00bb overlay_strength=\u00a0\u00bb0.3&Prime; width=\u00a0\u00bb1\/6&Prime; tablet_width_inherit=\u00a0\u00bbdefault\u00a0\u00bb tablet_text_alignment=\u00a0\u00bbdefault\u00a0\u00bb phone_text_alignment=\u00a0\u00bbdefault\u00a0\u00bb column_border_width=\u00a0\u00bbnone\u00a0\u00bb column_border_style=\u00a0\u00bbsolid\u00a0\u00bb bg_image_animation=\u00a0\u00bbnone\u00a0\u00bb offset=\u00a0\u00bbvc_hidden-sm vc_hidden-xs\u00a0\u00bb][vc_custom_heading text=\u00a0\u00bbPage pr\u00e9c\u00e9dente\u00a0\u00bb font_container=\u00a0\u00bbtag:div|font_size:16|text_align:right|color:%23000000&Prime; use_theme_fonts=\u00a0\u00bbyes\u00a0\u00bb css_animation=\u00a0\u00bbnone\u00a0\u00bb link=\u00a0\u00bburl:http%3A%2F%2Fabm-tecna.be%2Ffr%2Fconvoyeurs-a-bande%2F|title:Bandes%20transporteuses%20caoutchouc||\u00a0\u00bb el_id=\u00a0\u00bbgoBack\u00a0\u00bb][\/vc_column][\/vc_row][vc_row type=\u00a0\u00bbin_container\u00a0\u00bb full_screen_row_position=\u00a0\u00bbmiddle\u00a0\u00bb column_margin=\u00a0\u00bbdefault\u00a0\u00bb equal_height=\u00a0\u00bbyes\u00a0\u00bb content_placement=\u00a0\u00bbbottom\u00a0\u00bb column_direction=\u00a0\u00bbdefault\u00a0\u00bb column_direction_tablet=\u00a0\u00bbdefault\u00a0\u00bb column_direction_phone=\u00a0\u00bbdefault\u00a0\u00bb scene_position=\u00a0\u00bbcenter\u00a0\u00bb text_color=\u00a0\u00bbdark\u00a0\u00bb text_align=\u00a0\u00bbleft\u00a0\u00bb row_border_radius=\u00a0\u00bbnone\u00a0\u00bb row_border_radius_applies=\u00a0\u00bbbg\u00a0\u00bb overlay_strength=\u00a0\u00bb0.3&Prime; gradient_direction=\u00a0\u00bbleft_to_right\u00a0\u00bb shape_divider_position=\u00a0\u00bbbottom\u00a0\u00bb bg_image_animation=\u00a0\u00bbnone\u00a0\u00bb shape_type=\u00a0\u00bb\u00a0\u00bb][vc_column column_padding=\u00a0\u00bbno-extra-padding\u00a0\u00bb column_padding_tablet=\u00a0\u00bbinherit\u00a0\u00bb column_padding_phone=\u00a0\u00bbinherit\u00a0\u00bb column_padding_position=\u00a0\u00bball\u00a0\u00bb background_color_opacity=\u00a0\u00bb1&Prime; background_hover_color_opacity=\u00a0\u00bb1&Prime; column_shadow=\u00a0\u00bbnone\u00a0\u00bb column_border_radius=\u00a0\u00bbnone\u00a0\u00bb column_link_target=\u00a0\u00bb_self\u00a0\u00bb gradient_direction=\u00a0\u00bbleft_to_right\u00a0\u00bb overlay_strength=\u00a0\u00bb0.3&Prime; width=\u00a0\u00bb2\/3&Prime; tablet_width_inherit=\u00a0\u00bbdefault\u00a0\u00bb tablet_text_alignment=\u00a0\u00bbdefault\u00a0\u00bb phone_text_alignment=\u00a0\u00bbdefault\u00a0\u00bb column_border_width=\u00a0\u00bbnone\u00a0\u00bb column_border_style=\u00a0\u00bbsolid\u00a0\u00bb bg_image_animation=\u00a0\u00bbnone\u00a0\u00bb][nectar_highlighted_text color_type=\u00a0\u00bbgradient\u00a0\u00bb highlight_color=\u00a0\u00bb#f8971d\u00a0\u00bb secondary_color=\u00a0\u00bbrgba(0,0,0,0.01)\u00a0\u00bb style=\u00a0\u00bbregular_underline\u00a0\u00bb underline_thickness=\u00a0\u00bbdefault\u00a0\u00bb delay=\u00a0\u00bb250&Prime;]\n<h2><em>Notre gamme<\/em><\/h2>\n[\/nectar_highlighted_text][vc_column_text]\n<h3>Courroies dent\u00e9es<\/h3>\n<ul>\n<li>En n\u00e9opr\u00e8ne Type XL, L, H, XH, XXH, 5M, 8M, 14M<\/li>\n<li>En PU pour les types T5, T10, AT10, T20, AT 20\u00b5<\/li>\n<li>Longueurs standards ou sp\u00e9cifiques<\/li>\n<li>Acc\u00e8s \u00e0 diff\u00e9rentes marques suivant les types et les applications<\/li>\n<li>Divers rev\u00eatements sur demande<\/li>\n<li>Version ATEX et haute temp\u00e9rature<\/li>\n<li>C\u00e2bl\u00e9s diff\u00e9rents suivant application<\/li>\n<\/ul>\n[\/vc_column_text][nectar_btn size=\u00a0\u00bblarge\u00a0\u00bb open_new_tab=\u00a0\u00bbtrue\u00a0\u00bb button_style=\u00a0\u00bbregular\u00a0\u00bb button_color_2=\u00a0\u00bbAccent-Color\u00a0\u00bb icon_family=\u00a0\u00bbfontawesome\u00a0\u00bb el_class=\u00a0\u00bbbtn-ficheproduit\u00a0\u00bb text=\u00a0\u00bbFiche produit\u00a0\u00bb css_animation=\u00a0\u00bbnone\u00a0\u00bb icon_fontawesome=\u00a0\u00bbfa fa-external-link\u00a0\u00bb url=\u00a0\u00bbhttps:\/\/dl.abm-tecna.be\/documentations\/35_FR.pdf\u00a0\u00bb][vc_column_text]\n<h3>Poulies dent\u00e9es<\/h3>\n<ul>\n<li>En fonte, acier, inox ou alu<\/li>\n<li>Avec moyeux amovibles ou pr\u00e9-al\u00e9s\u00e9es<\/li>\n<\/ul>\n[\/vc_column_text][\/vc_column][vc_column column_padding=\u00a0\u00bbno-extra-padding\u00a0\u00bb column_padding_tablet=\u00a0\u00bbinherit\u00a0\u00bb column_padding_phone=\u00a0\u00bbinherit\u00a0\u00bb column_padding_position=\u00a0\u00bball\u00a0\u00bb background_color_opacity=\u00a0\u00bb1&Prime; background_hover_color_opacity=\u00a0\u00bb1&Prime; column_shadow=\u00a0\u00bbnone\u00a0\u00bb column_border_radius=\u00a0\u00bbnone\u00a0\u00bb column_link_target=\u00a0\u00bb_self\u00a0\u00bb gradient_direction=\u00a0\u00bbleft_to_right\u00a0\u00bb overlay_strength=\u00a0\u00bb0.3&Prime; width=\u00a0\u00bb1\/3&Prime; tablet_width_inherit=\u00a0\u00bbdefault\u00a0\u00bb tablet_text_alignment=\u00a0\u00bbdefault\u00a0\u00bb phone_text_alignment=\u00a0\u00bbdefault\u00a0\u00bb column_border_width=\u00a0\u00bbnone\u00a0\u00bb column_border_style=\u00a0\u00bbsolid\u00a0\u00bb bg_image_animation=\u00a0\u00bbnone\u00a0\u00bb][image_with_animation image_url=\u00a0\u00bb4232&Prime; animation=\u00a0\u00bbFade In\u00a0\u00bb hover_animation=\u00a0\u00bbnone\u00a0\u00bb alignment=\u00a0\u00bbcenter\u00a0\u00bb border_radius=\u00a0\u00bbnone\u00a0\u00bb box_shadow=\u00a0\u00bbnone\u00a0\u00bb image_loading=\u00a0\u00bblazy-load\u00a0\u00bb max_width=\u00a0\u00bb100%\u00a0\u00bb max_width_mobile=\u00a0\u00bbdefault\u00a0\u00bb][\/vc_column][\/vc_row][vc_row type=\u00a0\u00bbin_container\u00a0\u00bb full_screen_row_position=\u00a0\u00bbmiddle\u00a0\u00bb column_margin=\u00a0\u00bbdefault\u00a0\u00bb column_direction=\u00a0\u00bbdefault\u00a0\u00bb column_direction_tablet=\u00a0\u00bbdefault\u00a0\u00bb column_direction_phone=\u00a0\u00bbdefault\u00a0\u00bb scene_position=\u00a0\u00bbcenter\u00a0\u00bb text_color=\u00a0\u00bbdark\u00a0\u00bb text_align=\u00a0\u00bbleft\u00a0\u00bb row_border_radius=\u00a0\u00bbnone\u00a0\u00bb row_border_radius_applies=\u00a0\u00bbbg\u00a0\u00bb overlay_strength=\u00a0\u00bb0.3&Prime; gradient_direction=\u00a0\u00bbleft_to_right\u00a0\u00bb shape_divider_position=\u00a0\u00bbbottom\u00a0\u00bb bg_image_animation=\u00a0\u00bbnone\u00a0\u00bb][vc_column column_padding=\u00a0\u00bbno-extra-padding\u00a0\u00bb column_padding_tablet=\u00a0\u00bbinherit\u00a0\u00bb column_padding_phone=\u00a0\u00bbinherit\u00a0\u00bb column_padding_position=\u00a0\u00bball\u00a0\u00bb background_color_opacity=\u00a0\u00bb1&Prime; background_hover_color_opacity=\u00a0\u00bb1&Prime; column_shadow=\u00a0\u00bbnone\u00a0\u00bb column_border_radius=\u00a0\u00bbnone\u00a0\u00bb column_link_target=\u00a0\u00bb_self\u00a0\u00bb gradient_direction=\u00a0\u00bbleft_to_right\u00a0\u00bb overlay_strength=\u00a0\u00bb0.3&Prime; width=\u00a0\u00bb1\/1&Prime; tablet_width_inherit=\u00a0\u00bbdefault\u00a0\u00bb tablet_text_alignment=\u00a0\u00bbdefault\u00a0\u00bb phone_text_alignment=\u00a0\u00bbdefault\u00a0\u00bb column_border_width=\u00a0\u00bbnone\u00a0\u00bb column_border_style=\u00a0\u00bbsolid\u00a0\u00bb bg_image_animation=\u00a0\u00bbnone\u00a0\u00bb][nectar_highlighted_text color_type=\u00a0\u00bbgradient\u00a0\u00bb highlight_color=\u00a0\u00bb#f8971d\u00a0\u00bb secondary_color=\u00a0\u00bbrgba(0,0,0,0.01)\u00a0\u00bb style=\u00a0\u00bbregular_underline\u00a0\u00bb underline_thickness=\u00a0\u00bbdefault\u00a0\u00bb delay=\u00a0\u00bb250&Prime;]\n<h2><em>Notre plus value<br \/>\n<\/em><\/h2>\n[\/nectar_highlighted_text][vc_column_text]\n<h3>Expertise \u2013 Relev\u00e9s<\/h3>\n<ul>\n<li>Dimensionnement<\/li>\n<li>Relev\u00e9 sur site<\/li>\n<li>\u00c9tude de standardisation<\/li>\n<li>Expertise de la transmission\u202f: niveau sonore, \u00e9tat des courroies, \u00e9tat des poulies, alignement, \u2026<\/li>\n<li>Expertise du groupe de commande complet<\/li>\n<\/ul>\n<h3>Gestion globale<\/h3>\n<ul>\n<li>\u00c9tude, relev\u00e9, fourniture groupe de commande complet, placement de l\u2019ensemble, alignement, maintenance, rapport<\/li>\n<\/ul>\n<h3>Montage \u2013 Maintenance<\/h3>\n<ul>\n<li>Nos techniciens exp\u00e9riment\u00e9s peuvent prendre en charge le placement des transmissions par courroies dent\u00e9es, leur tension et leur alignement.<\/li>\n<li>Nous prenons en charge la maintenance am\u00e9liorative, pr\u00e9ventive, pr\u00e9dictive et curative de votre parc de groupes de commande complets<\/li>\n<li>Contrat de maintenance<\/li>\n<li>Capacit\u00e9 d\u2019intervention rapide<\/li>\n<\/ul>\n[\/vc_column_text][\/vc_column][\/vc_row]\n","protected":false},"excerpt":{"rendered":"<p>[vc_row type=\u00a0\u00bbin_container\u00a0\u00bb full_screen_row_position=\u00a0\u00bbmiddle\u00a0\u00bb column_margin=\u00a0\u00bbdefault\u00a0\u00bb equal_height=\u00a0\u00bbyes\u00a0\u00bb content_placement=\u00a0\u00bbmiddle\u00a0\u00bb column_direction=\u00a0\u00bbdefault\u00a0\u00bb column_direction_tablet=\u00a0\u00bbdefault\u00a0\u00bb column_direction_phone=\u00a0\u00bbdefault\u00a0\u00bb scene_position=\u00a0\u00bbcenter\u00a0\u00bb text_color=\u00a0\u00bbdark\u00a0\u00bb text_align=\u00a0\u00bbleft\u00a0\u00bb row_border_radius=\u00a0\u00bbnone\u00a0\u00bb row_border_radius_applies=\u00a0\u00bbbg\u00a0\u00bb overlay_strength=\u00a0\u00bb0.3&Prime; gradient_direction=\u00a0\u00bbleft_to_right\u00a0\u00bb shape_divider_position=\u00a0\u00bbbottom\u00a0\u00bb bg_image_animation=\u00a0\u00bbnone\u00a0\u00bb shape_type=\u00a0\u00bb\u00a0\u00bb][vc_column column_padding=\u00a0\u00bbno-extra-padding\u00a0\u00bb column_padding_tablet=\u00a0\u00bbinherit\u00a0\u00bb column_padding_phone=\u00a0\u00bbinherit\u00a0\u00bb column_padding_position=\u00a0\u00bball\u00a0\u00bb background_color_opacity=\u00a0\u00bb1&Prime; background_hover_color_opacity=\u00a0\u00bb1&Prime; column_shadow=\u00a0\u00bbnone\u00a0\u00bb column_border_radius=\u00a0\u00bbnone\u00a0\u00bb column_link_target=\u00a0\u00bb_self\u00a0\u00bb gradient_direction=\u00a0\u00bbleft_to_right\u00a0\u00bb overlay_strength=\u00a0\u00bb0.3&Prime;&#8230;<\/p>\n","protected":false},"author":2,"featured_media":4232,"parent":0,"menu_order":0,"comment_status":"closed","ping_status":"closed","template":"","meta":{"footnotes":""},"class_list":["post-3698","page","type-page","status-publish","has-post-thumbnail"],"yoast_head":"<!-- This site is optimized with the Yoast SEO plugin v27.2 - https:\/\/yoast.com\/product\/yoast-seo-wordpress\/ -->\n<title>Courroies et poulies dent\u00e9es - ABM TECNA<\/title>\n<meta name=\"description\" content=\"Transmissions par courroies et poulies dent\u00e9es, nous disposons d&#039;une large gamme de courroies et poulies dent\u00e9es en diff\u00e9rentes options dont ATEX\" \/>\n<meta name=\"robots\" content=\"index, follow, max-snippet:-1, max-image-preview:large, max-video-preview:-1\" \/>\n<link rel=\"canonical\" href=\"https:\/\/www.abm-tecna.be\/fr\/courroies-et-poulies-dentees\/\" \/>\n<meta property=\"og:locale\" content=\"fr_FR\" \/>\n<meta property=\"og:type\" content=\"article\" \/>\n<meta property=\"og:title\" content=\"Courroies et poulies dent\u00e9es - ABM TECNA\" \/>\n<meta property=\"og:description\" content=\"Transmissions par courroies et poulies dent\u00e9es, nous disposons d&#039;une large gamme de courroies et poulies dent\u00e9es en diff\u00e9rentes options dont ATEX\" \/>\n<meta property=\"og:url\" content=\"https:\/\/www.abm-tecna.be\/fr\/courroies-et-poulies-dentees\/\" \/>\n<meta property=\"og:site_name\" content=\"ABM TECNA\" \/>\n<meta property=\"article:modified_time\" content=\"2023-04-12T07:24:50+00:00\" \/>\n<meta property=\"og:image\" content=\"https:\/\/www.abm-tecna.be\/wp-content\/uploads\/2020\/06\/poulie-dentee-jpf.png\" \/>\n\t<meta property=\"og:image:width\" content=\"514\" \/>\n\t<meta property=\"og:image:height\" content=\"400\" \/>\n\t<meta property=\"og:image:type\" content=\"image\/png\" \/>\n<meta name=\"twitter:card\" content=\"summary_large_image\" \/>\n<meta name=\"twitter:site\" content=\"@ABM_TECNA\" \/>\n<meta name=\"twitter:label1\" content=\"Dur\u00e9e de lecture estim\u00e9e\" \/>\n\t<meta name=\"twitter:data1\" content=\"2 minutes\" \/>\n<script type=\"application\/ld+json\" class=\"yoast-schema-graph\">{\"@context\":\"https:\/\/schema.org\",\"@graph\":[{\"@type\":\"WebPage\",\"@id\":\"https:\/\/www.abm-tecna.be\/fr\/courroies-et-poulies-dentees\/\",\"url\":\"https:\/\/www.abm-tecna.be\/fr\/courroies-et-poulies-dentees\/\",\"name\":\"Courroies et poulies dent\u00e9es - ABM TECNA\",\"isPartOf\":{\"@id\":\"https:\/\/www.abm-tecna.be\/fr\/#website\"},\"primaryImageOfPage\":{\"@id\":\"https:\/\/www.abm-tecna.be\/fr\/courroies-et-poulies-dentees\/#primaryimage\"},\"image\":{\"@id\":\"https:\/\/www.abm-tecna.be\/fr\/courroies-et-poulies-dentees\/#primaryimage\"},\"thumbnailUrl\":\"https:\/\/www.abm-tecna.be\/wp-content\/uploads\/2020\/06\/poulie-dentee-jpf.png\",\"datePublished\":\"2020-06-12T09:08:54+00:00\",\"dateModified\":\"2023-04-12T07:24:50+00:00\",\"description\":\"Transmissions par courroies et poulies dent\u00e9es, nous disposons d'une large gamme de courroies et poulies dent\u00e9es en diff\u00e9rentes options dont ATEX\",\"breadcrumb\":{\"@id\":\"https:\/\/www.abm-tecna.be\/fr\/courroies-et-poulies-dentees\/#breadcrumb\"},\"inLanguage\":\"fr-FR\",\"potentialAction\":[{\"@type\":\"ReadAction\",\"target\":[\"https:\/\/www.abm-tecna.be\/fr\/courroies-et-poulies-dentees\/\"]}]},{\"@type\":\"ImageObject\",\"inLanguage\":\"fr-FR\",\"@id\":\"https:\/\/www.abm-tecna.be\/fr\/courroies-et-poulies-dentees\/#primaryimage\",\"url\":\"https:\/\/www.abm-tecna.be\/wp-content\/uploads\/2020\/06\/poulie-dentee-jpf.png\",\"contentUrl\":\"https:\/\/www.abm-tecna.be\/wp-content\/uploads\/2020\/06\/poulie-dentee-jpf.png\",\"width\":514,\"height\":400,\"caption\":\"Poulie dent\u00e9e\"},{\"@type\":\"BreadcrumbList\",\"@id\":\"https:\/\/www.abm-tecna.be\/fr\/courroies-et-poulies-dentees\/#breadcrumb\",\"itemListElement\":[{\"@type\":\"ListItem\",\"position\":1,\"name\":\"Home\",\"item\":\"https:\/\/www.abm-tecna.be\/fr\/\"},{\"@type\":\"ListItem\",\"position\":2,\"name\":\"Courroies et poulies dent\u00e9es\"}]},{\"@type\":\"WebSite\",\"@id\":\"https:\/\/www.abm-tecna.be\/fr\/#website\",\"url\":\"https:\/\/www.abm-tecna.be\/fr\/\",\"name\":\"ABM TECNA\",\"description\":\"La solution Globale\",\"publisher\":{\"@id\":\"https:\/\/www.abm-tecna.be\/fr\/#organization\"},\"potentialAction\":[{\"@type\":\"SearchAction\",\"target\":{\"@type\":\"EntryPoint\",\"urlTemplate\":\"https:\/\/www.abm-tecna.be\/fr\/?s={search_term_string}\"},\"query-input\":{\"@type\":\"PropertyValueSpecification\",\"valueRequired\":true,\"valueName\":\"search_term_string\"}}],\"inLanguage\":\"fr-FR\"},{\"@type\":\"Organization\",\"@id\":\"https:\/\/www.abm-tecna.be\/fr\/#organization\",\"name\":\"ABM TECNA\",\"url\":\"https:\/\/www.abm-tecna.be\/fr\/\",\"logo\":{\"@type\":\"ImageObject\",\"inLanguage\":\"fr-FR\",\"@id\":\"https:\/\/www.abm-tecna.be\/fr\/#\/schema\/logo\/image\/\",\"url\":\"https:\/\/www.abm-tecna.be\/wp-content\/uploads\/2020\/01\/ABMTECNA_favicon.png\",\"contentUrl\":\"https:\/\/www.abm-tecna.be\/wp-content\/uploads\/2020\/01\/ABMTECNA_favicon.png\",\"width\":512,\"height\":512,\"caption\":\"ABM TECNA\"},\"image\":{\"@id\":\"https:\/\/www.abm-tecna.be\/fr\/#\/schema\/logo\/image\/\"},\"sameAs\":[\"https:\/\/x.com\/ABM_TECNA\",\"https:\/\/www.linkedin.com\/company\/abm\/\",\"https:\/\/www.youtube.com\/channel\/UCRJ02jgCyEoiSCooXgzd7Zg\"]}]}<\/script>\n<!-- \/ Yoast SEO plugin. -->","yoast_head_json":{"title":"Courroies et poulies dent\u00e9es - ABM TECNA","description":"Transmissions par courroies et poulies dent\u00e9es, nous disposons d'une large gamme de courroies et poulies dent\u00e9es en diff\u00e9rentes options dont ATEX","robots":{"index":"index","follow":"follow","max-snippet":"max-snippet:-1","max-image-preview":"max-image-preview:large","max-video-preview":"max-video-preview:-1"},"canonical":"https:\/\/www.abm-tecna.be\/fr\/courroies-et-poulies-dentees\/","og_locale":"fr_FR","og_type":"article","og_title":"Courroies et poulies dent\u00e9es - ABM TECNA","og_description":"Transmissions par courroies et poulies dent\u00e9es, nous disposons d'une large gamme de courroies et poulies dent\u00e9es en diff\u00e9rentes options dont ATEX","og_url":"https:\/\/www.abm-tecna.be\/fr\/courroies-et-poulies-dentees\/","og_site_name":"ABM TECNA","article_modified_time":"2023-04-12T07:24:50+00:00","og_image":[{"width":514,"height":400,"url":"https:\/\/www.abm-tecna.be\/wp-content\/uploads\/2020\/06\/poulie-dentee-jpf.png","type":"image\/png"}],"twitter_card":"summary_large_image","twitter_site":"@ABM_TECNA","twitter_misc":{"Dur\u00e9e de lecture estim\u00e9e":"2 minutes"},"schema":{"@context":"https:\/\/schema.org","@graph":[{"@type":"WebPage","@id":"https:\/\/www.abm-tecna.be\/fr\/courroies-et-poulies-dentees\/","url":"https:\/\/www.abm-tecna.be\/fr\/courroies-et-poulies-dentees\/","name":"Courroies et poulies dent\u00e9es - ABM TECNA","isPartOf":{"@id":"https:\/\/www.abm-tecna.be\/fr\/#website"},"primaryImageOfPage":{"@id":"https:\/\/www.abm-tecna.be\/fr\/courroies-et-poulies-dentees\/#primaryimage"},"image":{"@id":"https:\/\/www.abm-tecna.be\/fr\/courroies-et-poulies-dentees\/#primaryimage"},"thumbnailUrl":"https:\/\/www.abm-tecna.be\/wp-content\/uploads\/2020\/06\/poulie-dentee-jpf.png","datePublished":"2020-06-12T09:08:54+00:00","dateModified":"2023-04-12T07:24:50+00:00","description":"Transmissions par courroies et poulies dent\u00e9es, nous disposons d'une large gamme de courroies et poulies dent\u00e9es en diff\u00e9rentes options dont ATEX","breadcrumb":{"@id":"https:\/\/www.abm-tecna.be\/fr\/courroies-et-poulies-dentees\/#breadcrumb"},"inLanguage":"fr-FR","potentialAction":[{"@type":"ReadAction","target":["https:\/\/www.abm-tecna.be\/fr\/courroies-et-poulies-dentees\/"]}]},{"@type":"ImageObject","inLanguage":"fr-FR","@id":"https:\/\/www.abm-tecna.be\/fr\/courroies-et-poulies-dentees\/#primaryimage","url":"https:\/\/www.abm-tecna.be\/wp-content\/uploads\/2020\/06\/poulie-dentee-jpf.png","contentUrl":"https:\/\/www.abm-tecna.be\/wp-content\/uploads\/2020\/06\/poulie-dentee-jpf.png","width":514,"height":400,"caption":"Poulie dent\u00e9e"},{"@type":"BreadcrumbList","@id":"https:\/\/www.abm-tecna.be\/fr\/courroies-et-poulies-dentees\/#breadcrumb","itemListElement":[{"@type":"ListItem","position":1,"name":"Home","item":"https:\/\/www.abm-tecna.be\/fr\/"},{"@type":"ListItem","position":2,"name":"Courroies et poulies dent\u00e9es"}]},{"@type":"WebSite","@id":"https:\/\/www.abm-tecna.be\/fr\/#website","url":"https:\/\/www.abm-tecna.be\/fr\/","name":"ABM TECNA","description":"La solution Globale","publisher":{"@id":"https:\/\/www.abm-tecna.be\/fr\/#organization"},"potentialAction":[{"@type":"SearchAction","target":{"@type":"EntryPoint","urlTemplate":"https:\/\/www.abm-tecna.be\/fr\/?s={search_term_string}"},"query-input":{"@type":"PropertyValueSpecification","valueRequired":true,"valueName":"search_term_string"}}],"inLanguage":"fr-FR"},{"@type":"Organization","@id":"https:\/\/www.abm-tecna.be\/fr\/#organization","name":"ABM TECNA","url":"https:\/\/www.abm-tecna.be\/fr\/","logo":{"@type":"ImageObject","inLanguage":"fr-FR","@id":"https:\/\/www.abm-tecna.be\/fr\/#\/schema\/logo\/image\/","url":"https:\/\/www.abm-tecna.be\/wp-content\/uploads\/2020\/01\/ABMTECNA_favicon.png","contentUrl":"https:\/\/www.abm-tecna.be\/wp-content\/uploads\/2020\/01\/ABMTECNA_favicon.png","width":512,"height":512,"caption":"ABM TECNA"},"image":{"@id":"https:\/\/www.abm-tecna.be\/fr\/#\/schema\/logo\/image\/"},"sameAs":["https:\/\/x.com\/ABM_TECNA","https:\/\/www.linkedin.com\/company\/abm\/","https:\/\/www.youtube.com\/channel\/UCRJ02jgCyEoiSCooXgzd7Zg"]}]}},"_links":{"self":[{"href":"https:\/\/www.abm-tecna.be\/fr\/wp-json\/wp\/v2\/pages\/3698","targetHints":{"allow":["GET"]}}],"collection":[{"href":"https:\/\/www.abm-tecna.be\/fr\/wp-json\/wp\/v2\/pages"}],"about":[{"href":"https:\/\/www.abm-tecna.be\/fr\/wp-json\/wp\/v2\/types\/page"}],"author":[{"embeddable":true,"href":"https:\/\/www.abm-tecna.be\/fr\/wp-json\/wp\/v2\/users\/2"}],"replies":[{"embeddable":true,"href":"https:\/\/www.abm-tecna.be\/fr\/wp-json\/wp\/v2\/comments?post=3698"}],"version-history":[{"count":21,"href":"https:\/\/www.abm-tecna.be\/fr\/wp-json\/wp\/v2\/pages\/3698\/revisions"}],"predecessor-version":[{"id":10052,"href":"https:\/\/www.abm-tecna.be\/fr\/wp-json\/wp\/v2\/pages\/3698\/revisions\/10052"}],"wp:featuredmedia":[{"embeddable":true,"href":"https:\/\/www.abm-tecna.be\/fr\/wp-json\/wp\/v2\/media\/4232"}],"wp:attachment":[{"href":"https:\/\/www.abm-tecna.be\/fr\/wp-json\/wp\/v2\/media?parent=3698"}],"curies":[{"name":"wp","href":"https:\/\/api.w.org\/{rel}","templated":true}]}}