{"id":3794,"date":"2020-06-15T10:19:08","date_gmt":"2020-06-15T08:19:08","guid":{"rendered":"http:\/\/abm-tecna.com\/?page_id=3794"},"modified":"2024-10-09T10:44:29","modified_gmt":"2024-10-09T08:44:29","slug":"maintenance-de-moteurs-et-moto-reducteurs-et-organes-de-transmission","status":"publish","type":"page","link":"https:\/\/www.abm-tecna.be\/fr\/maintenance-de-moteurs-et-moto-reducteurs-et-organes-de-transmission\/","title":{"rendered":"Maintenance de moteurs, moto-r\u00e9ducteurs et organes de transmission"},"content":{"rendered":"[vc_row type=\u00a0\u00bbin_container\u00a0\u00bb full_screen_row_position=\u00a0\u00bbmiddle\u00a0\u00bb column_margin=\u00a0\u00bbdefault\u00a0\u00bb equal_height=\u00a0\u00bbyes\u00a0\u00bb content_placement=\u00a0\u00bbmiddle\u00a0\u00bb column_direction=\u00a0\u00bbdefault\u00a0\u00bb column_direction_tablet=\u00a0\u00bbdefault\u00a0\u00bb column_direction_phone=\u00a0\u00bbdefault\u00a0\u00bb scene_position=\u00a0\u00bbcenter\u00a0\u00bb text_color=\u00a0\u00bbdark\u00a0\u00bb text_align=\u00a0\u00bbleft\u00a0\u00bb row_border_radius=\u00a0\u00bbnone\u00a0\u00bb row_border_radius_applies=\u00a0\u00bbbg\u00a0\u00bb overlay_strength=\u00a0\u00bb0.3&Prime; gradient_direction=\u00a0\u00bbleft_to_right\u00a0\u00bb shape_divider_position=\u00a0\u00bbbottom\u00a0\u00bb bg_image_animation=\u00a0\u00bbnone\u00a0\u00bb shape_type=\u00a0\u00bb\u00a0\u00bb][vc_column column_padding=\u00a0\u00bbno-extra-padding\u00a0\u00bb column_padding_tablet=\u00a0\u00bbinherit\u00a0\u00bb column_padding_phone=\u00a0\u00bbinherit\u00a0\u00bb column_padding_position=\u00a0\u00bball\u00a0\u00bb background_color_opacity=\u00a0\u00bb1&Prime; background_hover_color_opacity=\u00a0\u00bb1&Prime; column_shadow=\u00a0\u00bbnone\u00a0\u00bb column_border_radius=\u00a0\u00bbnone\u00a0\u00bb column_link_target=\u00a0\u00bb_self\u00a0\u00bb gradient_direction=\u00a0\u00bbleft_to_right\u00a0\u00bb overlay_strength=\u00a0\u00bb0.3&Prime; width=\u00a0\u00bb5\/6&Prime; tablet_width_inherit=\u00a0\u00bbdefault\u00a0\u00bb tablet_text_alignment=\u00a0\u00bbdefault\u00a0\u00bb phone_text_alignment=\u00a0\u00bbdefault\u00a0\u00bb column_border_width=\u00a0\u00bbnone\u00a0\u00bb column_border_style=\u00a0\u00bbsolid\u00a0\u00bb bg_image_animation=\u00a0\u00bbnone\u00a0\u00bb][vc_custom_heading text=\u00a0\u00bbNos services\u00a0\u00bb font_container=\u00a0\u00bbtag:div|font_size:16|text_align:left|color:%23020202&Prime; use_theme_fonts=\u00a0\u00bbyes\u00a0\u00bb el_class=\u00a0\u00bbbreadcrumb\u00a0\u00bb][vc_custom_heading source=\u00a0\u00bbpost_title\u00a0\u00bb font_container=\u00a0\u00bbtag:div|font_size:16|text_align:left|color:%23000000&Prime; use_theme_fonts=\u00a0\u00bbyes\u00a0\u00bb css_animation=\u00a0\u00bbnone\u00a0\u00bb link=\u00a0\u00bb|||\u00a0\u00bb el_class=\u00a0\u00bbbreadcrumb\u00a0\u00bb][\/vc_column][vc_column column_padding=\u00a0\u00bbno-extra-padding\u00a0\u00bb column_padding_tablet=\u00a0\u00bbinherit\u00a0\u00bb column_padding_phone=\u00a0\u00bbinherit\u00a0\u00bb column_padding_position=\u00a0\u00bball\u00a0\u00bb background_color_opacity=\u00a0\u00bb1&Prime; background_hover_color_opacity=\u00a0\u00bb1&Prime; column_shadow=\u00a0\u00bbnone\u00a0\u00bb column_border_radius=\u00a0\u00bbnone\u00a0\u00bb column_link_target=\u00a0\u00bb_self\u00a0\u00bb gradient_direction=\u00a0\u00bbleft_to_right\u00a0\u00bb overlay_strength=\u00a0\u00bb0.3&Prime; width=\u00a0\u00bb1\/6&Prime; tablet_width_inherit=\u00a0\u00bbdefault\u00a0\u00bb tablet_text_alignment=\u00a0\u00bbdefault\u00a0\u00bb phone_text_alignment=\u00a0\u00bbdefault\u00a0\u00bb column_border_width=\u00a0\u00bbnone\u00a0\u00bb column_border_style=\u00a0\u00bbsolid\u00a0\u00bb bg_image_animation=\u00a0\u00bbnone\u00a0\u00bb offset=\u00a0\u00bbvc_hidden-sm vc_hidden-xs\u00a0\u00bb][vc_custom_heading text=\u00a0\u00bbPage pr\u00e9c\u00e9dente\u00a0\u00bb font_container=\u00a0\u00bbtag:div|font_size:16|text_align:right|color:%23000000&Prime; use_theme_fonts=\u00a0\u00bbyes\u00a0\u00bb css_animation=\u00a0\u00bbnone\u00a0\u00bb link=\u00a0\u00bburl:http%3A%2F%2Fabm-tecna.be%2Ffr%2Fconvoyeurs-a-bande%2F|title:Bandes%20transporteuses%20caoutchouc||\u00a0\u00bb el_id=\u00a0\u00bbgoBack\u00a0\u00bb][\/vc_column][\/vc_row][vc_row type=\u00a0\u00bbin_container\u00a0\u00bb full_screen_row_position=\u00a0\u00bbmiddle\u00a0\u00bb column_margin=\u00a0\u00bbdefault\u00a0\u00bb column_direction=\u00a0\u00bbdefault\u00a0\u00bb column_direction_tablet=\u00a0\u00bbdefault\u00a0\u00bb column_direction_phone=\u00a0\u00bbdefault\u00a0\u00bb scene_position=\u00a0\u00bbcenter\u00a0\u00bb text_color=\u00a0\u00bbdark\u00a0\u00bb text_align=\u00a0\u00bbleft\u00a0\u00bb row_border_radius=\u00a0\u00bbnone\u00a0\u00bb row_border_radius_applies=\u00a0\u00bbbg\u00a0\u00bb overlay_strength=\u00a0\u00bb0.3&Prime; gradient_direction=\u00a0\u00bbleft_to_right\u00a0\u00bb shape_divider_position=\u00a0\u00bbbottom\u00a0\u00bb bg_image_animation=\u00a0\u00bbnone\u00a0\u00bb][vc_column column_padding=\u00a0\u00bbpadding-10-percent\u00a0\u00bb column_padding_tablet=\u00a0\u00bbinherit\u00a0\u00bb column_padding_phone=\u00a0\u00bbinherit\u00a0\u00bb column_padding_position=\u00a0\u00bbright\u00a0\u00bb background_color_opacity=\u00a0\u00bb1&Prime; background_hover_color_opacity=\u00a0\u00bb1&Prime; column_shadow=\u00a0\u00bbnone\u00a0\u00bb column_border_radius=\u00a0\u00bbnone\u00a0\u00bb column_link_target=\u00a0\u00bb_self\u00a0\u00bb gradient_direction=\u00a0\u00bbleft_to_right\u00a0\u00bb overlay_strength=\u00a0\u00bb0.3&Prime; width=\u00a0\u00bb2\/3&Prime; tablet_width_inherit=\u00a0\u00bbdefault\u00a0\u00bb tablet_text_alignment=\u00a0\u00bbdefault\u00a0\u00bb phone_text_alignment=\u00a0\u00bbdefault\u00a0\u00bb column_border_width=\u00a0\u00bbnone\u00a0\u00bb column_border_style=\u00a0\u00bbsolid\u00a0\u00bb bg_image_animation=\u00a0\u00bbnone\u00a0\u00bb][nectar_icon_list animate=\u00a0\u00bbtrue\u00a0\u00bb color=\u00a0\u00bbAccent-Color\u00a0\u00bb direction=\u00a0\u00bbhorizontal\u00a0\u00bb columns=\u00a0\u00bb1&Prime; icon_size=\u00a0\u00bbsmall\u00a0\u00bb icon_style=\u00a0\u00bbno-border\u00a0\u00bb][nectar_icon_list_item icon_type=\u00a0\u00bbnumerical\u00a0\u00bb title=\u00a0\u00bbList Item\u00a0\u00bb id=\u00a0\u00bb1728463387194-2&Prime; header=\u00a0\u00bbMaintenance pr\u00e9dictive, pr\u00e9ventive, curative\u00a0\u00bb tab_id=\u00a0\u00bb1728463387195-8&Prime;][vc_column_text][\/vc_column_text][\/nectar_icon_list_item][nectar_icon_list_item icon_type=\u00a0\u00bbnumerical\u00a0\u00bb title=\u00a0\u00bbList Item\u00a0\u00bb id=\u00a0\u00bb1728463387217-6&Prime; header=\u00a0\u00bbRemplacement sur site\u00a0\u00bb text=\u00a0\u00bb<\/p>\n<ul>\n<li>D\u00e9pose et prise en charge du mat\u00e9riel de manutention<\/li>\n<li>Placement, r\u00e9glages,\u2026<\/li>\n<li>Adaptation installation si n\u00e9cessaire<\/li>\n<li>Equilibrage, analyse des fr\u00e9quences vibratoires<\/li>\n<li>Alignement\u202flaser : arbre, transmission, \u2026<\/li>\n<\/ul>\n<p>\u00a0\u00bb tab_id=\u00a0\u00bb1728463387218-10&Prime;][vc_column_text][\/vc_column_text][\/nectar_icon_list_item][nectar_icon_list_item icon_type=\u00a0\u00bbnumerical\u00a0\u00bb title=\u00a0\u00bbList Item\u00a0\u00bb id=\u00a0\u00bb1728463387227-7&Prime; header=\u00a0\u00bbGestion de parcs moteurs ou moto-r\u00e9ducteurs\u00a0\u00bb text=\u00a0\u00bb<\/p>\n<ul>\n<li>Maintenance sur base de redevances fixes et avec garantie de r\u00e9sultat suivant les indicateurs fix\u00e9s<\/li>\n<li>Proposition d\u2019am\u00e9lioration<\/li>\n<li>Proposition de standardisation vers du mat\u00e9riel livrable rapidement<\/li>\n<\/ul>\n<p>\u00a0\u00bb tab_id=\u00a0\u00bb1728463387228-1&Prime;][vc_column_text][\/vc_column_text][\/nectar_icon_list_item][nectar_icon_list_item icon_type=\u00a0\u00bbnumerical\u00a0\u00bb title=\u00a0\u00bbList Item\u00a0\u00bb id=\u00a0\u00bb1728463387236-4&Prime; header=\u00a0\u00bbEquipes performantes\u00a0\u00bb text=\u00a0\u00bb<\/p>\n<ul>\n<li>Polyvalence et sp\u00e9cialit\u00e9s compl\u00e9mentaires\u202f: Nos \u00e9quipes interviennent en montage, m\u00e9canique, alignement,<\/li>\n<li>Formation en continu assur\u00e9e en interne et par nos partenaires<\/li>\n<li>Certains de nos techniciens sont form\u00e9s PRUFTECHNIEK, TIMKEN, INNOMOTICS et ABB.<\/li>\n<\/ul>\n<p>\u00a0\u00bb tab_id=\u00a0\u00bb1728463387236-9&Prime;][vc_column_text][\/vc_column_text][\/nectar_icon_list_item][nectar_icon_list_item icon_type=\u00a0\u00bbnumerical\u00a0\u00bb title=\u00a0\u00bbList Item\u00a0\u00bb id=\u00a0\u00bb1728463387244-2&Prime; header=\u00a0\u00bbCapacit\u00e9 d\u2019intervention 24h\/24 \u2013 7j\/7&Prime; tab_id=\u00a0\u00bb1728463387244-9&Prime;][vc_column_text][\/vc_column_text][\/nectar_icon_list_item][nectar_icon_list_item icon_type=\u00a0\u00bbnumerical\u00a0\u00bb title=\u00a0\u00bbList Item\u00a0\u00bb id=\u00a0\u00bb1728463387252-8&Prime; header=\u00a0\u00bbOutillages et produits adapt\u00e9s\u00a0\u00bb text=\u00a0\u00bb<\/p>\n<ul>\n<li>Chaque \u00e9quipe dispose d\u2019une camionnette enti\u00e8rement \u00e9quip\u00e9e<\/li>\n<li>Mat\u00e9riels et outillages adapt\u00e9s \u202f: treuils, graissage par ultra son ou vibratoire, alignement laser, manchon hydraulique pour montage de roulement, d\u00e9tection des courants de fuite, extracteur, m\u00e9trologie,\u2026.<\/li>\n<\/ul>\n<p>\u00a0\u00bb tab_id=\u00a0\u00bb1728463387253-3&Prime;][vc_column_text][\/vc_column_text][\/nectar_icon_list_item][nectar_icon_list_item icon_type=\u00a0\u00bbnumerical\u00a0\u00bb title=\u00a0\u00bbList Item\u00a0\u00bb id=\u00a0\u00bb1728463387263-8&Prime; header=\u00a0\u00bbSoutien de nos partenaires\u00a0\u00bb tab_id=\u00a0\u00bb1728463387263-2&Prime;][vc_column_text][\/vc_column_text][\/nectar_icon_list_item][\/nectar_icon_list][\/vc_column][vc_column column_padding=\u00a0\u00bbno-extra-padding\u00a0\u00bb column_padding_tablet=\u00a0\u00bbinherit\u00a0\u00bb column_padding_phone=\u00a0\u00bbinherit\u00a0\u00bb column_padding_position=\u00a0\u00bball\u00a0\u00bb background_color_opacity=\u00a0\u00bb1&Prime; background_hover_color_opacity=\u00a0\u00bb1&Prime; column_shadow=\u00a0\u00bbnone\u00a0\u00bb column_border_radius=\u00a0\u00bbnone\u00a0\u00bb column_link_target=\u00a0\u00bb_self\u00a0\u00bb gradient_direction=\u00a0\u00bbleft_to_right\u00a0\u00bb overlay_strength=\u00a0\u00bb0.3&Prime; width=\u00a0\u00bb1\/3&Prime; tablet_width_inherit=\u00a0\u00bbdefault\u00a0\u00bb tablet_text_alignment=\u00a0\u00bbdefault\u00a0\u00bb phone_text_alignment=\u00a0\u00bbdefault\u00a0\u00bb column_border_width=\u00a0\u00bbnone\u00a0\u00bb column_border_style=\u00a0\u00bbsolid\u00a0\u00bb bg_image_animation=\u00a0\u00bbnone\u00a0\u00bb][image_with_animation image_url=\u00a0\u00bb8726&Prime; animation=\u00a0\u00bbFade In\u00a0\u00bb hover_animation=\u00a0\u00bbzoom\u00a0\u00bb alignment=\u00a0\u00bbcenter\u00a0\u00bb img_link_target=\u00a0\u00bb_blank\u00a0\u00bb border_radius=\u00a0\u00bbnone\u00a0\u00bb box_shadow=\u00a0\u00bbnone\u00a0\u00bb image_loading=\u00a0\u00bblazy-load\u00a0\u00bb max_width=\u00a0\u00bb100%\u00a0\u00bb max_width_mobile=\u00a0\u00bbdefault\u00a0\u00bb img_link=\u00a0\u00bbhttps:\/\/www.abm-tecna.be\/fr\/analyse-endoscopique\/\u00a0\u00bb][vc_column_text]\n<p style=\"text-align: center; font-size: 80%;\"><a href=\"https:\/\/www.abm-tecna.be\/fr\/analyse-endoscopique\/\">En savoir plus sur notre analyse endoscopique<\/a><\/p>\n[\/vc_column_text][image_with_animation image_url=\u00a0\u00bb4086&Prime; animation=\u00a0\u00bbFade In\u00a0\u00bb hover_animation=\u00a0\u00bbzoom\u00a0\u00bb alignment=\u00a0\u00bbcenter\u00a0\u00bb img_link_large=\u00a0\u00bbyes\u00a0\u00bb border_radius=\u00a0\u00bbnone\u00a0\u00bb box_shadow=\u00a0\u00bbnone\u00a0\u00bb image_loading=\u00a0\u00bblazy-load\u00a0\u00bb max_width=\u00a0\u00bb100%\u00a0\u00bb max_width_mobile=\u00a0\u00bbdefault\u00a0\u00bb][image_with_animation image_url=\u00a0\u00bb4087&Prime; animation=\u00a0\u00bbFade In\u00a0\u00bb hover_animation=\u00a0\u00bbzoom\u00a0\u00bb alignment=\u00a0\u00bbcenter\u00a0\u00bb img_link_large=\u00a0\u00bbyes\u00a0\u00bb border_radius=\u00a0\u00bbnone\u00a0\u00bb box_shadow=\u00a0\u00bbnone\u00a0\u00bb image_loading=\u00a0\u00bblazy-load\u00a0\u00bb max_width=\u00a0\u00bb100%\u00a0\u00bb max_width_mobile=\u00a0\u00bbdefault\u00a0\u00bb][image_with_animation image_url=\u00a0\u00bb4088&Prime; animation=\u00a0\u00bbFade In\u00a0\u00bb hover_animation=\u00a0\u00bbzoom\u00a0\u00bb alignment=\u00a0\u00bbcenter\u00a0\u00bb img_link_large=\u00a0\u00bbyes\u00a0\u00bb border_radius=\u00a0\u00bbnone\u00a0\u00bb box_shadow=\u00a0\u00bbnone\u00a0\u00bb image_loading=\u00a0\u00bblazy-load\u00a0\u00bb max_width=\u00a0\u00bb100%\u00a0\u00bb max_width_mobile=\u00a0\u00bbdefault\u00a0\u00bb][image_with_animation image_url=\u00a0\u00bb4089&Prime; animation=\u00a0\u00bbFade In\u00a0\u00bb hover_animation=\u00a0\u00bbzoom\u00a0\u00bb alignment=\u00a0\u00bbcenter\u00a0\u00bb img_link_large=\u00a0\u00bbyes\u00a0\u00bb border_radius=\u00a0\u00bbnone\u00a0\u00bb box_shadow=\u00a0\u00bbnone\u00a0\u00bb image_loading=\u00a0\u00bblazy-load\u00a0\u00bb max_width=\u00a0\u00bb100%\u00a0\u00bb max_width_mobile=\u00a0\u00bbdefault\u00a0\u00bb][\/vc_column][\/vc_row]\n","protected":false},"excerpt":{"rendered":"<p>[vc_row type=\u00a0\u00bbin_container\u00a0\u00bb full_screen_row_position=\u00a0\u00bbmiddle\u00a0\u00bb column_margin=\u00a0\u00bbdefault\u00a0\u00bb equal_height=\u00a0\u00bbyes\u00a0\u00bb content_placement=\u00a0\u00bbmiddle\u00a0\u00bb column_direction=\u00a0\u00bbdefault\u00a0\u00bb column_direction_tablet=\u00a0\u00bbdefault\u00a0\u00bb column_direction_phone=\u00a0\u00bbdefault\u00a0\u00bb scene_position=\u00a0\u00bbcenter\u00a0\u00bb text_color=\u00a0\u00bbdark\u00a0\u00bb text_align=\u00a0\u00bbleft\u00a0\u00bb row_border_radius=\u00a0\u00bbnone\u00a0\u00bb row_border_radius_applies=\u00a0\u00bbbg\u00a0\u00bb overlay_strength=\u00a0\u00bb0.3&Prime; gradient_direction=\u00a0\u00bbleft_to_right\u00a0\u00bb shape_divider_position=\u00a0\u00bbbottom\u00a0\u00bb bg_image_animation=\u00a0\u00bbnone\u00a0\u00bb shape_type=\u00a0\u00bb\u00a0\u00bb][vc_column column_padding=\u00a0\u00bbno-extra-padding\u00a0\u00bb column_padding_tablet=\u00a0\u00bbinherit\u00a0\u00bb column_padding_phone=\u00a0\u00bbinherit\u00a0\u00bb column_padding_position=\u00a0\u00bball\u00a0\u00bb background_color_opacity=\u00a0\u00bb1&Prime; background_hover_color_opacity=\u00a0\u00bb1&Prime; column_shadow=\u00a0\u00bbnone\u00a0\u00bb column_border_radius=\u00a0\u00bbnone\u00a0\u00bb column_link_target=\u00a0\u00bb_self\u00a0\u00bb gradient_direction=\u00a0\u00bbleft_to_right\u00a0\u00bb overlay_strength=\u00a0\u00bb0.3&Prime;&#8230;<\/p>\n","protected":false},"author":2,"featured_media":5224,"parent":0,"menu_order":0,"comment_status":"closed","ping_status":"closed","template":"","meta":{"footnotes":""},"class_list":["post-3794","page","type-page","status-publish","has-post-thumbnail"],"yoast_head":"<!-- This site is optimized with the Yoast SEO plugin v27.5 - https:\/\/yoast.com\/product\/yoast-seo-wordpress\/ -->\n<title>Maintenance de moteurs, moto-r\u00e9ducteurs et organes de transmission - ABM TECNA<\/title>\n<meta name=\"description\" content=\"Maintenance pr\u00e9dictive, pr\u00e9ventive, curative, am\u00e9liorative de vos moto-r\u00e9ducteurs par des techniciens certifi\u00e9s ABB, Innomotics et monitoring par SmartSensor\" \/>\n<meta name=\"robots\" content=\"index, follow, max-snippet:-1, max-image-preview:large, max-video-preview:-1\" \/>\n<link rel=\"canonical\" href=\"https:\/\/www.abm-tecna.be\/fr\/maintenance-de-moteurs-et-moto-reducteurs-et-organes-de-transmission\/\" \/>\n<meta property=\"og:locale\" content=\"fr_FR\" \/>\n<meta property=\"og:type\" content=\"article\" \/>\n<meta property=\"og:title\" content=\"Maintenance de moteurs, moto-r\u00e9ducteurs et organes de transmission - ABM TECNA\" \/>\n<meta property=\"og:description\" content=\"Maintenance pr\u00e9dictive, pr\u00e9ventive, curative, am\u00e9liorative de vos moto-r\u00e9ducteurs par des techniciens certifi\u00e9s ABB, Innomotics et monitoring par SmartSensor\" \/>\n<meta property=\"og:url\" content=\"https:\/\/www.abm-tecna.be\/fr\/maintenance-de-moteurs-et-moto-reducteurs-et-organes-de-transmission\/\" \/>\n<meta property=\"og:site_name\" content=\"ABM TECNA\" \/>\n<meta property=\"article:modified_time\" content=\"2024-10-09T08:44:29+00:00\" \/>\n<meta property=\"og:image\" content=\"https:\/\/www.abm-tecna.be\/wp-content\/uploads\/2020\/07\/surveillance-et-protection-de-vos-installations-monitoring.jpg\" \/>\n\t<meta property=\"og:image:width\" content=\"800\" \/>\n\t<meta property=\"og:image:height\" content=\"450\" \/>\n\t<meta property=\"og:image:type\" content=\"image\/jpeg\" \/>\n<meta name=\"twitter:card\" content=\"summary_large_image\" \/>\n<meta name=\"twitter:site\" content=\"@ABM_TECNA\" \/>\n<meta name=\"twitter:label1\" content=\"Dur\u00e9e de lecture estim\u00e9e\" \/>\n\t<meta name=\"twitter:data1\" content=\"2 minutes\" \/>\n<script type=\"application\/ld+json\" class=\"yoast-schema-graph\">{\"@context\":\"https:\\\/\\\/schema.org\",\"@graph\":[{\"@type\":\"WebPage\",\"@id\":\"https:\\\/\\\/www.abm-tecna.be\\\/fr\\\/maintenance-de-moteurs-et-moto-reducteurs-et-organes-de-transmission\\\/\",\"url\":\"https:\\\/\\\/www.abm-tecna.be\\\/fr\\\/maintenance-de-moteurs-et-moto-reducteurs-et-organes-de-transmission\\\/\",\"name\":\"Maintenance de moteurs, moto-r\u00e9ducteurs et organes de transmission - ABM TECNA\",\"isPartOf\":{\"@id\":\"https:\\\/\\\/www.abm-tecna.be\\\/fr\\\/#website\"},\"primaryImageOfPage\":{\"@id\":\"https:\\\/\\\/www.abm-tecna.be\\\/fr\\\/maintenance-de-moteurs-et-moto-reducteurs-et-organes-de-transmission\\\/#primaryimage\"},\"image\":{\"@id\":\"https:\\\/\\\/www.abm-tecna.be\\\/fr\\\/maintenance-de-moteurs-et-moto-reducteurs-et-organes-de-transmission\\\/#primaryimage\"},\"thumbnailUrl\":\"https:\\\/\\\/www.abm-tecna.be\\\/wp-content\\\/uploads\\\/2020\\\/07\\\/surveillance-et-protection-de-vos-installations-monitoring.jpg\",\"datePublished\":\"2020-06-15T08:19:08+00:00\",\"dateModified\":\"2024-10-09T08:44:29+00:00\",\"description\":\"Maintenance pr\u00e9dictive, pr\u00e9ventive, curative, am\u00e9liorative de vos moto-r\u00e9ducteurs par des techniciens certifi\u00e9s ABB, Innomotics et monitoring par SmartSensor\",\"breadcrumb\":{\"@id\":\"https:\\\/\\\/www.abm-tecna.be\\\/fr\\\/maintenance-de-moteurs-et-moto-reducteurs-et-organes-de-transmission\\\/#breadcrumb\"},\"inLanguage\":\"fr-FR\",\"potentialAction\":[{\"@type\":\"ReadAction\",\"target\":[\"https:\\\/\\\/www.abm-tecna.be\\\/fr\\\/maintenance-de-moteurs-et-moto-reducteurs-et-organes-de-transmission\\\/\"]}]},{\"@type\":\"ImageObject\",\"inLanguage\":\"fr-FR\",\"@id\":\"https:\\\/\\\/www.abm-tecna.be\\\/fr\\\/maintenance-de-moteurs-et-moto-reducteurs-et-organes-de-transmission\\\/#primaryimage\",\"url\":\"https:\\\/\\\/www.abm-tecna.be\\\/wp-content\\\/uploads\\\/2020\\\/07\\\/surveillance-et-protection-de-vos-installations-monitoring.jpg\",\"contentUrl\":\"https:\\\/\\\/www.abm-tecna.be\\\/wp-content\\\/uploads\\\/2020\\\/07\\\/surveillance-et-protection-de-vos-installations-monitoring.jpg\",\"width\":800,\"height\":450,\"caption\":\"Surveillance des installation via des solutions industrie 4.0 de ABB\"},{\"@type\":\"BreadcrumbList\",\"@id\":\"https:\\\/\\\/www.abm-tecna.be\\\/fr\\\/maintenance-de-moteurs-et-moto-reducteurs-et-organes-de-transmission\\\/#breadcrumb\",\"itemListElement\":[{\"@type\":\"ListItem\",\"position\":1,\"name\":\"Home\",\"item\":\"https:\\\/\\\/www.abm-tecna.be\\\/fr\\\/\"},{\"@type\":\"ListItem\",\"position\":2,\"name\":\"Maintenance de moteurs, moto-r\u00e9ducteurs et organes de transmission\"}]},{\"@type\":\"WebSite\",\"@id\":\"https:\\\/\\\/www.abm-tecna.be\\\/fr\\\/#website\",\"url\":\"https:\\\/\\\/www.abm-tecna.be\\\/fr\\\/\",\"name\":\"ABM TECNA\",\"description\":\"La solution Globale\",\"publisher\":{\"@id\":\"https:\\\/\\\/www.abm-tecna.be\\\/fr\\\/#organization\"},\"potentialAction\":[{\"@type\":\"SearchAction\",\"target\":{\"@type\":\"EntryPoint\",\"urlTemplate\":\"https:\\\/\\\/www.abm-tecna.be\\\/fr\\\/?s={search_term_string}\"},\"query-input\":{\"@type\":\"PropertyValueSpecification\",\"valueRequired\":true,\"valueName\":\"search_term_string\"}}],\"inLanguage\":\"fr-FR\"},{\"@type\":\"Organization\",\"@id\":\"https:\\\/\\\/www.abm-tecna.be\\\/fr\\\/#organization\",\"name\":\"ABM TECNA\",\"url\":\"https:\\\/\\\/www.abm-tecna.be\\\/fr\\\/\",\"logo\":{\"@type\":\"ImageObject\",\"inLanguage\":\"fr-FR\",\"@id\":\"https:\\\/\\\/www.abm-tecna.be\\\/fr\\\/#\\\/schema\\\/logo\\\/image\\\/\",\"url\":\"https:\\\/\\\/www.abm-tecna.be\\\/wp-content\\\/uploads\\\/2020\\\/01\\\/ABMTECNA_favicon.png\",\"contentUrl\":\"https:\\\/\\\/www.abm-tecna.be\\\/wp-content\\\/uploads\\\/2020\\\/01\\\/ABMTECNA_favicon.png\",\"width\":512,\"height\":512,\"caption\":\"ABM TECNA\"},\"image\":{\"@id\":\"https:\\\/\\\/www.abm-tecna.be\\\/fr\\\/#\\\/schema\\\/logo\\\/image\\\/\"},\"sameAs\":[\"https:\\\/\\\/x.com\\\/ABM_TECNA\",\"https:\\\/\\\/www.linkedin.com\\\/company\\\/abm\\\/\",\"https:\\\/\\\/www.youtube.com\\\/channel\\\/UCRJ02jgCyEoiSCooXgzd7Zg\"]}]}<\/script>\n<!-- \/ Yoast SEO plugin. -->","yoast_head_json":{"title":"Maintenance de moteurs, moto-r\u00e9ducteurs et organes de transmission - ABM TECNA","description":"Maintenance pr\u00e9dictive, pr\u00e9ventive, curative, am\u00e9liorative de vos moto-r\u00e9ducteurs par des techniciens certifi\u00e9s ABB, Innomotics et monitoring par SmartSensor","robots":{"index":"index","follow":"follow","max-snippet":"max-snippet:-1","max-image-preview":"max-image-preview:large","max-video-preview":"max-video-preview:-1"},"canonical":"https:\/\/www.abm-tecna.be\/fr\/maintenance-de-moteurs-et-moto-reducteurs-et-organes-de-transmission\/","og_locale":"fr_FR","og_type":"article","og_title":"Maintenance de moteurs, moto-r\u00e9ducteurs et organes de transmission - ABM TECNA","og_description":"Maintenance pr\u00e9dictive, pr\u00e9ventive, curative, am\u00e9liorative de vos moto-r\u00e9ducteurs par des techniciens certifi\u00e9s ABB, Innomotics et monitoring par SmartSensor","og_url":"https:\/\/www.abm-tecna.be\/fr\/maintenance-de-moteurs-et-moto-reducteurs-et-organes-de-transmission\/","og_site_name":"ABM TECNA","article_modified_time":"2024-10-09T08:44:29+00:00","og_image":[{"width":800,"height":450,"url":"https:\/\/www.abm-tecna.be\/wp-content\/uploads\/2020\/07\/surveillance-et-protection-de-vos-installations-monitoring.jpg","type":"image\/jpeg"}],"twitter_card":"summary_large_image","twitter_site":"@ABM_TECNA","twitter_misc":{"Dur\u00e9e de lecture estim\u00e9e":"2 minutes"},"schema":{"@context":"https:\/\/schema.org","@graph":[{"@type":"WebPage","@id":"https:\/\/www.abm-tecna.be\/fr\/maintenance-de-moteurs-et-moto-reducteurs-et-organes-de-transmission\/","url":"https:\/\/www.abm-tecna.be\/fr\/maintenance-de-moteurs-et-moto-reducteurs-et-organes-de-transmission\/","name":"Maintenance de moteurs, moto-r\u00e9ducteurs et organes de transmission - ABM TECNA","isPartOf":{"@id":"https:\/\/www.abm-tecna.be\/fr\/#website"},"primaryImageOfPage":{"@id":"https:\/\/www.abm-tecna.be\/fr\/maintenance-de-moteurs-et-moto-reducteurs-et-organes-de-transmission\/#primaryimage"},"image":{"@id":"https:\/\/www.abm-tecna.be\/fr\/maintenance-de-moteurs-et-moto-reducteurs-et-organes-de-transmission\/#primaryimage"},"thumbnailUrl":"https:\/\/www.abm-tecna.be\/wp-content\/uploads\/2020\/07\/surveillance-et-protection-de-vos-installations-monitoring.jpg","datePublished":"2020-06-15T08:19:08+00:00","dateModified":"2024-10-09T08:44:29+00:00","description":"Maintenance pr\u00e9dictive, pr\u00e9ventive, curative, am\u00e9liorative de vos moto-r\u00e9ducteurs par des techniciens certifi\u00e9s ABB, Innomotics et monitoring par SmartSensor","breadcrumb":{"@id":"https:\/\/www.abm-tecna.be\/fr\/maintenance-de-moteurs-et-moto-reducteurs-et-organes-de-transmission\/#breadcrumb"},"inLanguage":"fr-FR","potentialAction":[{"@type":"ReadAction","target":["https:\/\/www.abm-tecna.be\/fr\/maintenance-de-moteurs-et-moto-reducteurs-et-organes-de-transmission\/"]}]},{"@type":"ImageObject","inLanguage":"fr-FR","@id":"https:\/\/www.abm-tecna.be\/fr\/maintenance-de-moteurs-et-moto-reducteurs-et-organes-de-transmission\/#primaryimage","url":"https:\/\/www.abm-tecna.be\/wp-content\/uploads\/2020\/07\/surveillance-et-protection-de-vos-installations-monitoring.jpg","contentUrl":"https:\/\/www.abm-tecna.be\/wp-content\/uploads\/2020\/07\/surveillance-et-protection-de-vos-installations-monitoring.jpg","width":800,"height":450,"caption":"Surveillance des installation via des solutions industrie 4.0 de ABB"},{"@type":"BreadcrumbList","@id":"https:\/\/www.abm-tecna.be\/fr\/maintenance-de-moteurs-et-moto-reducteurs-et-organes-de-transmission\/#breadcrumb","itemListElement":[{"@type":"ListItem","position":1,"name":"Home","item":"https:\/\/www.abm-tecna.be\/fr\/"},{"@type":"ListItem","position":2,"name":"Maintenance de moteurs, moto-r\u00e9ducteurs et organes de transmission"}]},{"@type":"WebSite","@id":"https:\/\/www.abm-tecna.be\/fr\/#website","url":"https:\/\/www.abm-tecna.be\/fr\/","name":"ABM TECNA","description":"La solution Globale","publisher":{"@id":"https:\/\/www.abm-tecna.be\/fr\/#organization"},"potentialAction":[{"@type":"SearchAction","target":{"@type":"EntryPoint","urlTemplate":"https:\/\/www.abm-tecna.be\/fr\/?s={search_term_string}"},"query-input":{"@type":"PropertyValueSpecification","valueRequired":true,"valueName":"search_term_string"}}],"inLanguage":"fr-FR"},{"@type":"Organization","@id":"https:\/\/www.abm-tecna.be\/fr\/#organization","name":"ABM TECNA","url":"https:\/\/www.abm-tecna.be\/fr\/","logo":{"@type":"ImageObject","inLanguage":"fr-FR","@id":"https:\/\/www.abm-tecna.be\/fr\/#\/schema\/logo\/image\/","url":"https:\/\/www.abm-tecna.be\/wp-content\/uploads\/2020\/01\/ABMTECNA_favicon.png","contentUrl":"https:\/\/www.abm-tecna.be\/wp-content\/uploads\/2020\/01\/ABMTECNA_favicon.png","width":512,"height":512,"caption":"ABM TECNA"},"image":{"@id":"https:\/\/www.abm-tecna.be\/fr\/#\/schema\/logo\/image\/"},"sameAs":["https:\/\/x.com\/ABM_TECNA","https:\/\/www.linkedin.com\/company\/abm\/","https:\/\/www.youtube.com\/channel\/UCRJ02jgCyEoiSCooXgzd7Zg"]}]}},"_links":{"self":[{"href":"https:\/\/www.abm-tecna.be\/fr\/wp-json\/wp\/v2\/pages\/3794","targetHints":{"allow":["GET"]}}],"collection":[{"href":"https:\/\/www.abm-tecna.be\/fr\/wp-json\/wp\/v2\/pages"}],"about":[{"href":"https:\/\/www.abm-tecna.be\/fr\/wp-json\/wp\/v2\/types\/page"}],"author":[{"embeddable":true,"href":"https:\/\/www.abm-tecna.be\/fr\/wp-json\/wp\/v2\/users\/2"}],"replies":[{"embeddable":true,"href":"https:\/\/www.abm-tecna.be\/fr\/wp-json\/wp\/v2\/comments?post=3794"}],"version-history":[{"count":33,"href":"https:\/\/www.abm-tecna.be\/fr\/wp-json\/wp\/v2\/pages\/3794\/revisions"}],"predecessor-version":[{"id":11069,"href":"https:\/\/www.abm-tecna.be\/fr\/wp-json\/wp\/v2\/pages\/3794\/revisions\/11069"}],"wp:featuredmedia":[{"embeddable":true,"href":"https:\/\/www.abm-tecna.be\/fr\/wp-json\/wp\/v2\/media\/5224"}],"wp:attachment":[{"href":"https:\/\/www.abm-tecna.be\/fr\/wp-json\/wp\/v2\/media?parent=3794"}],"curies":[{"name":"wp","href":"https:\/\/api.w.org\/{rel}","templated":true}]}}