{"id":4104,"date":"2020-06-22T15:10:24","date_gmt":"2020-06-22T13:10:24","guid":{"rendered":"http:\/\/abm-tecna.com\/?page_id=4104"},"modified":"2020-09-11T14:47:40","modified_gmt":"2020-09-11T12:47:40","slug":"ateliers-bandes-legeres","status":"publish","type":"page","link":"https:\/\/www.abm-tecna.be\/fr\/ateliers-bandes-legeres\/","title":{"rendered":"Ateliers bandes l\u00e9g\u00e8res"},"content":{"rendered":"[vc_row type=\u00a0\u00bbin_container\u00a0\u00bb full_screen_row_position=\u00a0\u00bbmiddle\u00a0\u00bb column_margin=\u00a0\u00bbdefault\u00a0\u00bb equal_height=\u00a0\u00bbyes\u00a0\u00bb content_placement=\u00a0\u00bbmiddle\u00a0\u00bb column_direction=\u00a0\u00bbdefault\u00a0\u00bb column_direction_tablet=\u00a0\u00bbdefault\u00a0\u00bb column_direction_phone=\u00a0\u00bbdefault\u00a0\u00bb scene_position=\u00a0\u00bbcenter\u00a0\u00bb text_color=\u00a0\u00bbdark\u00a0\u00bb text_align=\u00a0\u00bbleft\u00a0\u00bb row_border_radius=\u00a0\u00bbnone\u00a0\u00bb row_border_radius_applies=\u00a0\u00bbbg\u00a0\u00bb overlay_strength=\u00a0\u00bb0.3&Prime; gradient_direction=\u00a0\u00bbleft_to_right\u00a0\u00bb shape_divider_position=\u00a0\u00bbbottom\u00a0\u00bb bg_image_animation=\u00a0\u00bbnone\u00a0\u00bb shape_type=\u00a0\u00bb\u00a0\u00bb][vc_column column_padding=\u00a0\u00bbno-extra-padding\u00a0\u00bb column_padding_tablet=\u00a0\u00bbinherit\u00a0\u00bb column_padding_phone=\u00a0\u00bbinherit\u00a0\u00bb column_padding_position=\u00a0\u00bball\u00a0\u00bb background_color_opacity=\u00a0\u00bb1&Prime; background_hover_color_opacity=\u00a0\u00bb1&Prime; column_shadow=\u00a0\u00bbnone\u00a0\u00bb column_border_radius=\u00a0\u00bbnone\u00a0\u00bb column_link_target=\u00a0\u00bb_self\u00a0\u00bb gradient_direction=\u00a0\u00bbleft_to_right\u00a0\u00bb overlay_strength=\u00a0\u00bb0.3&Prime; width=\u00a0\u00bb5\/6&Prime; tablet_width_inherit=\u00a0\u00bbdefault\u00a0\u00bb tablet_text_alignment=\u00a0\u00bbdefault\u00a0\u00bb phone_text_alignment=\u00a0\u00bbdefault\u00a0\u00bb column_border_width=\u00a0\u00bbnone\u00a0\u00bb column_border_style=\u00a0\u00bbsolid\u00a0\u00bb bg_image_animation=\u00a0\u00bbnone\u00a0\u00bb][vc_custom_heading text=\u00a0\u00bbNos ateliers\u00a0\u00bb font_container=\u00a0\u00bbtag:div|font_size:16|text_align:left|color:%23020202&Prime; use_theme_fonts=\u00a0\u00bbyes\u00a0\u00bb el_class=\u00a0\u00bbbreadcrumb\u00a0\u00bb][vc_custom_heading source=\u00a0\u00bbpost_title\u00a0\u00bb font_container=\u00a0\u00bbtag:div|font_size:16|text_align:left|color:%23000000&Prime; use_theme_fonts=\u00a0\u00bbyes\u00a0\u00bb css_animation=\u00a0\u00bbnone\u00a0\u00bb link=\u00a0\u00bb|||\u00a0\u00bb el_class=\u00a0\u00bbbreadcrumb\u00a0\u00bb][\/vc_column][vc_column column_padding=\u00a0\u00bbno-extra-padding\u00a0\u00bb column_padding_tablet=\u00a0\u00bbinherit\u00a0\u00bb column_padding_phone=\u00a0\u00bbinherit\u00a0\u00bb column_padding_position=\u00a0\u00bball\u00a0\u00bb background_color_opacity=\u00a0\u00bb1&Prime; background_hover_color_opacity=\u00a0\u00bb1&Prime; column_shadow=\u00a0\u00bbnone\u00a0\u00bb column_border_radius=\u00a0\u00bbnone\u00a0\u00bb column_link_target=\u00a0\u00bb_self\u00a0\u00bb gradient_direction=\u00a0\u00bbleft_to_right\u00a0\u00bb overlay_strength=\u00a0\u00bb0.3&Prime; width=\u00a0\u00bb1\/6&Prime; tablet_width_inherit=\u00a0\u00bbdefault\u00a0\u00bb tablet_text_alignment=\u00a0\u00bbdefault\u00a0\u00bb phone_text_alignment=\u00a0\u00bbdefault\u00a0\u00bb column_border_width=\u00a0\u00bbnone\u00a0\u00bb column_border_style=\u00a0\u00bbsolid\u00a0\u00bb bg_image_animation=\u00a0\u00bbnone\u00a0\u00bb offset=\u00a0\u00bbvc_hidden-sm vc_hidden-xs\u00a0\u00bb][vc_custom_heading text=\u00a0\u00bbPage pr\u00e9c\u00e9dente\u00a0\u00bb font_container=\u00a0\u00bbtag:div|font_size:16|text_align:right|color:%23000000&Prime; use_theme_fonts=\u00a0\u00bbyes\u00a0\u00bb css_animation=\u00a0\u00bbnone\u00a0\u00bb link=\u00a0\u00bburl:http%3A%2F%2Fabm-tecna.be%2Ffr%2Fconvoyeurs-a-bande%2F|title:Bandes%20transporteuses%20caoutchouc||\u00a0\u00bb el_id=\u00a0\u00bbgoBack\u00a0\u00bb][\/vc_column][\/vc_row][vc_row type=\u00a0\u00bbin_container\u00a0\u00bb full_screen_row_position=\u00a0\u00bbmiddle\u00a0\u00bb column_margin=\u00a0\u00bbdefault\u00a0\u00bb column_direction=\u00a0\u00bbdefault\u00a0\u00bb column_direction_tablet=\u00a0\u00bbdefault\u00a0\u00bb column_direction_phone=\u00a0\u00bbdefault\u00a0\u00bb scene_position=\u00a0\u00bbcenter\u00a0\u00bb text_color=\u00a0\u00bbdark\u00a0\u00bb text_align=\u00a0\u00bbleft\u00a0\u00bb row_border_radius=\u00a0\u00bbnone\u00a0\u00bb row_border_radius_applies=\u00a0\u00bbbg\u00a0\u00bb overlay_strength=\u00a0\u00bb0.3&Prime; gradient_direction=\u00a0\u00bbleft_to_right\u00a0\u00bb shape_divider_position=\u00a0\u00bbbottom\u00a0\u00bb bg_image_animation=\u00a0\u00bbnone\u00a0\u00bb][vc_column column_padding=\u00a0\u00bbno-extra-padding\u00a0\u00bb column_padding_tablet=\u00a0\u00bbinherit\u00a0\u00bb column_padding_phone=\u00a0\u00bbinherit\u00a0\u00bb column_padding_position=\u00a0\u00bball\u00a0\u00bb background_color_opacity=\u00a0\u00bb1&Prime; background_hover_color_opacity=\u00a0\u00bb1&Prime; column_shadow=\u00a0\u00bbnone\u00a0\u00bb column_border_radius=\u00a0\u00bbnone\u00a0\u00bb column_link_target=\u00a0\u00bb_self\u00a0\u00bb gradient_direction=\u00a0\u00bbleft_to_right\u00a0\u00bb overlay_strength=\u00a0\u00bb0.3&Prime; width=\u00a0\u00bb3\/4&Prime; tablet_width_inherit=\u00a0\u00bbdefault\u00a0\u00bb tablet_text_alignment=\u00a0\u00bbdefault\u00a0\u00bb phone_text_alignment=\u00a0\u00bbdefault\u00a0\u00bb column_border_width=\u00a0\u00bbnone\u00a0\u00bb column_border_style=\u00a0\u00bbsolid\u00a0\u00bb bg_image_animation=\u00a0\u00bbnone\u00a0\u00bb][nectar_highlighted_text color_type=\u00a0\u00bbgradient\u00a0\u00bb highlight_color=\u00a0\u00bb#f8971d\u00a0\u00bb secondary_color=\u00a0\u00bbrgba(0,0,0,0.01)\u00a0\u00bb style=\u00a0\u00bbregular_underline\u00a0\u00bb underline_thickness=\u00a0\u00bbdefault\u00a0\u00bb delay=\u00a0\u00bb250&Prime;]\n<h2><em>Notre atelier<\/em><\/h2>\n[\/nectar_highlighted_text][vc_column_text max_width=\u00a0\u00bb650&Prime;]Notre atelier de 600 m\u00b2 nous permet de confectionner les courroies et bandes transporteuses en PVC, PU ou Feutre.<\/p>\n<p>Nos activit\u00e9s sont :<\/p>\n<ul>\n<li>D\u00e9coupe de bande<\/li>\n<li>Pose de tasseaux<\/li>\n<li>Pose de profils<\/li>\n<li>Perforations<\/li>\n<li>Pose de rev\u00eatements<\/li>\n<li>Soudure<\/li>\n<li>Pose d\u2019agrafes<\/li>\n<\/ul>\n[\/vc_column_text][nectar_highlighted_text color_type=\u00a0\u00bbgradient\u00a0\u00bb highlight_color=\u00a0\u00bb#f8971d\u00a0\u00bb secondary_color=\u00a0\u00bbrgba(0,0,0,0.01)\u00a0\u00bb style=\u00a0\u00bbregular_underline\u00a0\u00bb underline_thickness=\u00a0\u00bbdefault\u00a0\u00bb delay=\u00a0\u00bb250&Prime;]\n<h2><em>Notre plus value<br \/>\n<\/em><\/h2>\n[\/nectar_highlighted_text][vc_column_text max_width=\u00a0\u00bb650&Prime;]\n<ul>\n<li>Placement des \u00e9quipements assembl\u00e9s sur site<\/li>\n<li>Service 24h\/24<\/li>\n<li>Interventions tr\u00e8s rapides.<\/li>\n<\/ul>\n[\/vc_column_text][\/vc_column][vc_column column_padding=\u00a0\u00bbno-extra-padding\u00a0\u00bb column_padding_tablet=\u00a0\u00bbinherit\u00a0\u00bb column_padding_phone=\u00a0\u00bbinherit\u00a0\u00bb column_padding_position=\u00a0\u00bball\u00a0\u00bb background_color_opacity=\u00a0\u00bb1&Prime; background_hover_color_opacity=\u00a0\u00bb1&Prime; column_shadow=\u00a0\u00bbnone\u00a0\u00bb column_border_radius=\u00a0\u00bbnone\u00a0\u00bb column_link_target=\u00a0\u00bb_self\u00a0\u00bb gradient_direction=\u00a0\u00bbleft_to_right\u00a0\u00bb overlay_strength=\u00a0\u00bb0.3&Prime; width=\u00a0\u00bb1\/4&Prime; tablet_width_inherit=\u00a0\u00bbdefault\u00a0\u00bb tablet_text_alignment=\u00a0\u00bbdefault\u00a0\u00bb phone_text_alignment=\u00a0\u00bbdefault\u00a0\u00bb column_border_width=\u00a0\u00bbnone\u00a0\u00bb column_border_style=\u00a0\u00bbsolid\u00a0\u00bb bg_image_animation=\u00a0\u00bbnone\u00a0\u00bb][image_with_animation image_url=\u00a0\u00bb5304&Prime; animation=\u00a0\u00bbFade In\u00a0\u00bb hover_animation=\u00a0\u00bbzoom\u00a0\u00bb alignment=\u00a0\u00bbcenter\u00a0\u00bb img_link_large=\u00a0\u00bbyes\u00a0\u00bb border_radius=\u00a0\u00bbnone\u00a0\u00bb box_shadow=\u00a0\u00bbnone\u00a0\u00bb image_loading=\u00a0\u00bblazy-load\u00a0\u00bb max_width=\u00a0\u00bb100%\u00a0\u00bb max_width_mobile=\u00a0\u00bbdefault\u00a0\u00bb][\/vc_column][\/vc_row][vc_row type=\u00a0\u00bbin_container\u00a0\u00bb full_screen_row_position=\u00a0\u00bbmiddle\u00a0\u00bb column_margin=\u00a0\u00bbdefault\u00a0\u00bb column_direction=\u00a0\u00bbdefault\u00a0\u00bb column_direction_tablet=\u00a0\u00bbdefault\u00a0\u00bb column_direction_phone=\u00a0\u00bbdefault\u00a0\u00bb scene_position=\u00a0\u00bbcenter\u00a0\u00bb text_color=\u00a0\u00bbdark\u00a0\u00bb text_align=\u00a0\u00bbleft\u00a0\u00bb row_border_radius=\u00a0\u00bbnone\u00a0\u00bb row_border_radius_applies=\u00a0\u00bbbg\u00a0\u00bb overlay_strength=\u00a0\u00bb0.3&Prime; gradient_direction=\u00a0\u00bbleft_to_right\u00a0\u00bb shape_divider_position=\u00a0\u00bbbottom\u00a0\u00bb bg_image_animation=\u00a0\u00bbnone\u00a0\u00bb][vc_column column_padding=\u00a0\u00bbno-extra-padding\u00a0\u00bb column_padding_tablet=\u00a0\u00bbinherit\u00a0\u00bb column_padding_phone=\u00a0\u00bbinherit\u00a0\u00bb column_padding_position=\u00a0\u00bball\u00a0\u00bb background_color_opacity=\u00a0\u00bb1&Prime; background_hover_color_opacity=\u00a0\u00bb1&Prime; column_shadow=\u00a0\u00bbnone\u00a0\u00bb column_border_radius=\u00a0\u00bbnone\u00a0\u00bb column_link_target=\u00a0\u00bb_self\u00a0\u00bb gradient_direction=\u00a0\u00bbleft_to_right\u00a0\u00bb overlay_strength=\u00a0\u00bb0.3&Prime; width=\u00a0\u00bb1\/2&Prime; tablet_width_inherit=\u00a0\u00bbdefault\u00a0\u00bb tablet_text_alignment=\u00a0\u00bbdefault\u00a0\u00bb phone_text_alignment=\u00a0\u00bbdefault\u00a0\u00bb column_border_width=\u00a0\u00bbnone\u00a0\u00bb column_border_style=\u00a0\u00bbsolid\u00a0\u00bb bg_image_animation=\u00a0\u00bbnone\u00a0\u00bb][image_with_animation image_url=\u00a0\u00bb5302&Prime; animation=\u00a0\u00bbFade In\u00a0\u00bb hover_animation=\u00a0\u00bbzoom\u00a0\u00bb alignment=\u00a0\u00bbcenter\u00a0\u00bb img_link_large=\u00a0\u00bbyes\u00a0\u00bb border_radius=\u00a0\u00bbnone\u00a0\u00bb box_shadow=\u00a0\u00bbnone\u00a0\u00bb image_loading=\u00a0\u00bblazy-load\u00a0\u00bb max_width=\u00a0\u00bb100%\u00a0\u00bb max_width_mobile=\u00a0\u00bbdefault\u00a0\u00bb][\/vc_column][vc_column column_padding=\u00a0\u00bbno-extra-padding\u00a0\u00bb column_padding_tablet=\u00a0\u00bbinherit\u00a0\u00bb column_padding_phone=\u00a0\u00bbinherit\u00a0\u00bb column_padding_position=\u00a0\u00bball\u00a0\u00bb background_color_opacity=\u00a0\u00bb1&Prime; background_hover_color_opacity=\u00a0\u00bb1&Prime; column_shadow=\u00a0\u00bbnone\u00a0\u00bb column_border_radius=\u00a0\u00bbnone\u00a0\u00bb column_link_target=\u00a0\u00bb_self\u00a0\u00bb gradient_direction=\u00a0\u00bbleft_to_right\u00a0\u00bb overlay_strength=\u00a0\u00bb0.3&Prime; width=\u00a0\u00bb1\/2&Prime; tablet_width_inherit=\u00a0\u00bbdefault\u00a0\u00bb tablet_text_alignment=\u00a0\u00bbdefault\u00a0\u00bb phone_text_alignment=\u00a0\u00bbdefault\u00a0\u00bb column_border_width=\u00a0\u00bbnone\u00a0\u00bb column_border_style=\u00a0\u00bbsolid\u00a0\u00bb bg_image_animation=\u00a0\u00bbnone\u00a0\u00bb][image_with_animation image_url=\u00a0\u00bb5306&Prime; animation=\u00a0\u00bbFade In\u00a0\u00bb hover_animation=\u00a0\u00bbzoom\u00a0\u00bb alignment=\u00a0\u00bbcenter\u00a0\u00bb img_link_large=\u00a0\u00bbyes\u00a0\u00bb border_radius=\u00a0\u00bbnone\u00a0\u00bb box_shadow=\u00a0\u00bbnone\u00a0\u00bb image_loading=\u00a0\u00bblazy-load\u00a0\u00bb max_width=\u00a0\u00bb100%\u00a0\u00bb max_width_mobile=\u00a0\u00bbdefault\u00a0\u00bb][\/vc_column][\/vc_row][vc_row type=\u00a0\u00bbin_container\u00a0\u00bb full_screen_row_position=\u00a0\u00bbmiddle\u00a0\u00bb column_margin=\u00a0\u00bbdefault\u00a0\u00bb column_direction=\u00a0\u00bbdefault\u00a0\u00bb column_direction_tablet=\u00a0\u00bbdefault\u00a0\u00bb column_direction_phone=\u00a0\u00bbdefault\u00a0\u00bb scene_position=\u00a0\u00bbcenter\u00a0\u00bb text_color=\u00a0\u00bbdark\u00a0\u00bb text_align=\u00a0\u00bbleft\u00a0\u00bb row_border_radius=\u00a0\u00bbnone\u00a0\u00bb row_border_radius_applies=\u00a0\u00bbbg\u00a0\u00bb overlay_strength=\u00a0\u00bb0.3&Prime; gradient_direction=\u00a0\u00bbleft_to_right\u00a0\u00bb shape_divider_position=\u00a0\u00bbbottom\u00a0\u00bb bg_image_animation=\u00a0\u00bbnone\u00a0\u00bb][vc_column column_padding=\u00a0\u00bbno-extra-padding\u00a0\u00bb column_padding_tablet=\u00a0\u00bbinherit\u00a0\u00bb column_padding_phone=\u00a0\u00bbinherit\u00a0\u00bb column_padding_position=\u00a0\u00bball\u00a0\u00bb background_color_opacity=\u00a0\u00bb1&Prime; background_hover_color_opacity=\u00a0\u00bb1&Prime; column_shadow=\u00a0\u00bbnone\u00a0\u00bb column_border_radius=\u00a0\u00bbnone\u00a0\u00bb column_link_target=\u00a0\u00bb_self\u00a0\u00bb gradient_direction=\u00a0\u00bbleft_to_right\u00a0\u00bb overlay_strength=\u00a0\u00bb0.3&Prime; width=\u00a0\u00bb1\/1&Prime; tablet_width_inherit=\u00a0\u00bbdefault\u00a0\u00bb tablet_text_alignment=\u00a0\u00bbdefault\u00a0\u00bb phone_text_alignment=\u00a0\u00bbdefault\u00a0\u00bb column_border_width=\u00a0\u00bbnone\u00a0\u00bb column_border_style=\u00a0\u00bbsolid\u00a0\u00bb bg_image_animation=\u00a0\u00bbnone\u00a0\u00bb][vc_video link=\u00a0\u00bbhttps:\/\/youtu.be\/G9A2vUtwhoY\u00a0\u00bb el_width=\u00a0\u00bb60&Prime; align=\u00a0\u00bbcenter\u00a0\u00bb][\/vc_column][\/vc_row]\n","protected":false},"excerpt":{"rendered":"<p>[vc_row type=\u00a0\u00bbin_container\u00a0\u00bb full_screen_row_position=\u00a0\u00bbmiddle\u00a0\u00bb column_margin=\u00a0\u00bbdefault\u00a0\u00bb equal_height=\u00a0\u00bbyes\u00a0\u00bb content_placement=\u00a0\u00bbmiddle\u00a0\u00bb column_direction=\u00a0\u00bbdefault\u00a0\u00bb column_direction_tablet=\u00a0\u00bbdefault\u00a0\u00bb column_direction_phone=\u00a0\u00bbdefault\u00a0\u00bb scene_position=\u00a0\u00bbcenter\u00a0\u00bb text_color=\u00a0\u00bbdark\u00a0\u00bb text_align=\u00a0\u00bbleft\u00a0\u00bb row_border_radius=\u00a0\u00bbnone\u00a0\u00bb row_border_radius_applies=\u00a0\u00bbbg\u00a0\u00bb overlay_strength=\u00a0\u00bb0.3&Prime; gradient_direction=\u00a0\u00bbleft_to_right\u00a0\u00bb shape_divider_position=\u00a0\u00bbbottom\u00a0\u00bb bg_image_animation=\u00a0\u00bbnone\u00a0\u00bb shape_type=\u00a0\u00bb\u00a0\u00bb][vc_column column_padding=\u00a0\u00bbno-extra-padding\u00a0\u00bb column_padding_tablet=\u00a0\u00bbinherit\u00a0\u00bb column_padding_phone=\u00a0\u00bbinherit\u00a0\u00bb column_padding_position=\u00a0\u00bball\u00a0\u00bb background_color_opacity=\u00a0\u00bb1&Prime; background_hover_color_opacity=\u00a0\u00bb1&Prime; column_shadow=\u00a0\u00bbnone\u00a0\u00bb column_border_radius=\u00a0\u00bbnone\u00a0\u00bb column_link_target=\u00a0\u00bb_self\u00a0\u00bb gradient_direction=\u00a0\u00bbleft_to_right\u00a0\u00bb overlay_strength=\u00a0\u00bb0.3&Prime;&#8230;<\/p>\n","protected":false},"author":2,"featured_media":0,"parent":0,"menu_order":0,"comment_status":"closed","ping_status":"closed","template":"","meta":{"footnotes":""},"class_list":["post-4104","page","type-page","status-publish"],"yoast_head":"<!-- This site is optimized with the Yoast SEO plugin v27.2 - https:\/\/yoast.com\/product\/yoast-seo-wordpress\/ -->\n<title>Ateliers bandes l\u00e9g\u00e8res - ABM TECNA<\/title>\n<meta name=\"description\" content=\"Atelier sp\u00e9cialis\u00e9 dans la confectionner de courroies et bandes transporteuses en PVC, PU ou feutre pour les industries agroalimentaires et pharmaceutiques\" \/>\n<meta name=\"robots\" content=\"index, follow, max-snippet:-1, max-image-preview:large, max-video-preview:-1\" \/>\n<link rel=\"canonical\" href=\"https:\/\/www.abm-tecna.be\/fr\/ateliers-bandes-legeres\/\" \/>\n<meta property=\"og:locale\" content=\"fr_FR\" \/>\n<meta property=\"og:type\" content=\"article\" \/>\n<meta property=\"og:title\" content=\"Ateliers bandes l\u00e9g\u00e8res - ABM TECNA\" \/>\n<meta property=\"og:description\" content=\"Atelier sp\u00e9cialis\u00e9 dans la confectionner de courroies et bandes transporteuses en PVC, PU ou feutre pour les industries agroalimentaires et pharmaceutiques\" \/>\n<meta property=\"og:url\" content=\"https:\/\/www.abm-tecna.be\/fr\/ateliers-bandes-legeres\/\" \/>\n<meta property=\"og:site_name\" content=\"ABM TECNA\" \/>\n<meta property=\"article:modified_time\" content=\"2020-09-11T12:47:40+00:00\" \/>\n<meta name=\"twitter:card\" content=\"summary_large_image\" \/>\n<meta name=\"twitter:site\" content=\"@ABM_TECNA\" \/>\n<meta name=\"twitter:label1\" content=\"Dur\u00e9e de lecture estim\u00e9e\" \/>\n\t<meta name=\"twitter:data1\" content=\"5 minutes\" \/>\n<script type=\"application\/ld+json\" class=\"yoast-schema-graph\">{\"@context\":\"https:\/\/schema.org\",\"@graph\":[{\"@type\":\"WebPage\",\"@id\":\"https:\/\/www.abm-tecna.be\/fr\/ateliers-bandes-legeres\/\",\"url\":\"https:\/\/www.abm-tecna.be\/fr\/ateliers-bandes-legeres\/\",\"name\":\"Ateliers bandes l\u00e9g\u00e8res - ABM TECNA\",\"isPartOf\":{\"@id\":\"https:\/\/www.abm-tecna.be\/fr\/#website\"},\"datePublished\":\"2020-06-22T13:10:24+00:00\",\"dateModified\":\"2020-09-11T12:47:40+00:00\",\"description\":\"Atelier sp\u00e9cialis\u00e9 dans la confectionner de courroies et bandes transporteuses en PVC, PU ou feutre pour les industries agroalimentaires et pharmaceutiques\",\"breadcrumb\":{\"@id\":\"https:\/\/www.abm-tecna.be\/fr\/ateliers-bandes-legeres\/#breadcrumb\"},\"inLanguage\":\"fr-FR\",\"potentialAction\":[{\"@type\":\"ReadAction\",\"target\":[\"https:\/\/www.abm-tecna.be\/fr\/ateliers-bandes-legeres\/\"]}]},{\"@type\":\"BreadcrumbList\",\"@id\":\"https:\/\/www.abm-tecna.be\/fr\/ateliers-bandes-legeres\/#breadcrumb\",\"itemListElement\":[{\"@type\":\"ListItem\",\"position\":1,\"name\":\"Home\",\"item\":\"https:\/\/www.abm-tecna.be\/fr\/\"},{\"@type\":\"ListItem\",\"position\":2,\"name\":\"Ateliers bandes l\u00e9g\u00e8res\"}]},{\"@type\":\"WebSite\",\"@id\":\"https:\/\/www.abm-tecna.be\/fr\/#website\",\"url\":\"https:\/\/www.abm-tecna.be\/fr\/\",\"name\":\"ABM TECNA\",\"description\":\"La solution Globale\",\"publisher\":{\"@id\":\"https:\/\/www.abm-tecna.be\/fr\/#organization\"},\"potentialAction\":[{\"@type\":\"SearchAction\",\"target\":{\"@type\":\"EntryPoint\",\"urlTemplate\":\"https:\/\/www.abm-tecna.be\/fr\/?s={search_term_string}\"},\"query-input\":{\"@type\":\"PropertyValueSpecification\",\"valueRequired\":true,\"valueName\":\"search_term_string\"}}],\"inLanguage\":\"fr-FR\"},{\"@type\":\"Organization\",\"@id\":\"https:\/\/www.abm-tecna.be\/fr\/#organization\",\"name\":\"ABM TECNA\",\"url\":\"https:\/\/www.abm-tecna.be\/fr\/\",\"logo\":{\"@type\":\"ImageObject\",\"inLanguage\":\"fr-FR\",\"@id\":\"https:\/\/www.abm-tecna.be\/fr\/#\/schema\/logo\/image\/\",\"url\":\"https:\/\/www.abm-tecna.be\/wp-content\/uploads\/2020\/01\/ABMTECNA_favicon.png\",\"contentUrl\":\"https:\/\/www.abm-tecna.be\/wp-content\/uploads\/2020\/01\/ABMTECNA_favicon.png\",\"width\":512,\"height\":512,\"caption\":\"ABM TECNA\"},\"image\":{\"@id\":\"https:\/\/www.abm-tecna.be\/fr\/#\/schema\/logo\/image\/\"},\"sameAs\":[\"https:\/\/x.com\/ABM_TECNA\",\"https:\/\/www.linkedin.com\/company\/abm\/\",\"https:\/\/www.youtube.com\/channel\/UCRJ02jgCyEoiSCooXgzd7Zg\"]}]}<\/script>\n<!-- \/ Yoast SEO plugin. -->","yoast_head_json":{"title":"Ateliers bandes l\u00e9g\u00e8res - ABM TECNA","description":"Atelier sp\u00e9cialis\u00e9 dans la confectionner de courroies et bandes transporteuses en PVC, PU ou feutre pour les industries agroalimentaires et pharmaceutiques","robots":{"index":"index","follow":"follow","max-snippet":"max-snippet:-1","max-image-preview":"max-image-preview:large","max-video-preview":"max-video-preview:-1"},"canonical":"https:\/\/www.abm-tecna.be\/fr\/ateliers-bandes-legeres\/","og_locale":"fr_FR","og_type":"article","og_title":"Ateliers bandes l\u00e9g\u00e8res - ABM TECNA","og_description":"Atelier sp\u00e9cialis\u00e9 dans la confectionner de courroies et bandes transporteuses en PVC, PU ou feutre pour les industries agroalimentaires et pharmaceutiques","og_url":"https:\/\/www.abm-tecna.be\/fr\/ateliers-bandes-legeres\/","og_site_name":"ABM TECNA","article_modified_time":"2020-09-11T12:47:40+00:00","twitter_card":"summary_large_image","twitter_site":"@ABM_TECNA","twitter_misc":{"Dur\u00e9e de lecture estim\u00e9e":"5 minutes"},"schema":{"@context":"https:\/\/schema.org","@graph":[{"@type":"WebPage","@id":"https:\/\/www.abm-tecna.be\/fr\/ateliers-bandes-legeres\/","url":"https:\/\/www.abm-tecna.be\/fr\/ateliers-bandes-legeres\/","name":"Ateliers bandes l\u00e9g\u00e8res - ABM TECNA","isPartOf":{"@id":"https:\/\/www.abm-tecna.be\/fr\/#website"},"datePublished":"2020-06-22T13:10:24+00:00","dateModified":"2020-09-11T12:47:40+00:00","description":"Atelier sp\u00e9cialis\u00e9 dans la confectionner de courroies et bandes transporteuses en PVC, PU ou feutre pour les industries agroalimentaires et pharmaceutiques","breadcrumb":{"@id":"https:\/\/www.abm-tecna.be\/fr\/ateliers-bandes-legeres\/#breadcrumb"},"inLanguage":"fr-FR","potentialAction":[{"@type":"ReadAction","target":["https:\/\/www.abm-tecna.be\/fr\/ateliers-bandes-legeres\/"]}]},{"@type":"BreadcrumbList","@id":"https:\/\/www.abm-tecna.be\/fr\/ateliers-bandes-legeres\/#breadcrumb","itemListElement":[{"@type":"ListItem","position":1,"name":"Home","item":"https:\/\/www.abm-tecna.be\/fr\/"},{"@type":"ListItem","position":2,"name":"Ateliers bandes l\u00e9g\u00e8res"}]},{"@type":"WebSite","@id":"https:\/\/www.abm-tecna.be\/fr\/#website","url":"https:\/\/www.abm-tecna.be\/fr\/","name":"ABM TECNA","description":"La solution Globale","publisher":{"@id":"https:\/\/www.abm-tecna.be\/fr\/#organization"},"potentialAction":[{"@type":"SearchAction","target":{"@type":"EntryPoint","urlTemplate":"https:\/\/www.abm-tecna.be\/fr\/?s={search_term_string}"},"query-input":{"@type":"PropertyValueSpecification","valueRequired":true,"valueName":"search_term_string"}}],"inLanguage":"fr-FR"},{"@type":"Organization","@id":"https:\/\/www.abm-tecna.be\/fr\/#organization","name":"ABM TECNA","url":"https:\/\/www.abm-tecna.be\/fr\/","logo":{"@type":"ImageObject","inLanguage":"fr-FR","@id":"https:\/\/www.abm-tecna.be\/fr\/#\/schema\/logo\/image\/","url":"https:\/\/www.abm-tecna.be\/wp-content\/uploads\/2020\/01\/ABMTECNA_favicon.png","contentUrl":"https:\/\/www.abm-tecna.be\/wp-content\/uploads\/2020\/01\/ABMTECNA_favicon.png","width":512,"height":512,"caption":"ABM TECNA"},"image":{"@id":"https:\/\/www.abm-tecna.be\/fr\/#\/schema\/logo\/image\/"},"sameAs":["https:\/\/x.com\/ABM_TECNA","https:\/\/www.linkedin.com\/company\/abm\/","https:\/\/www.youtube.com\/channel\/UCRJ02jgCyEoiSCooXgzd7Zg"]}]}},"_links":{"self":[{"href":"https:\/\/www.abm-tecna.be\/fr\/wp-json\/wp\/v2\/pages\/4104","targetHints":{"allow":["GET"]}}],"collection":[{"href":"https:\/\/www.abm-tecna.be\/fr\/wp-json\/wp\/v2\/pages"}],"about":[{"href":"https:\/\/www.abm-tecna.be\/fr\/wp-json\/wp\/v2\/types\/page"}],"author":[{"embeddable":true,"href":"https:\/\/www.abm-tecna.be\/fr\/wp-json\/wp\/v2\/users\/2"}],"replies":[{"embeddable":true,"href":"https:\/\/www.abm-tecna.be\/fr\/wp-json\/wp\/v2\/comments?post=4104"}],"version-history":[{"count":10,"href":"https:\/\/www.abm-tecna.be\/fr\/wp-json\/wp\/v2\/pages\/4104\/revisions"}],"predecessor-version":[{"id":6523,"href":"https:\/\/www.abm-tecna.be\/fr\/wp-json\/wp\/v2\/pages\/4104\/revisions\/6523"}],"wp:attachment":[{"href":"https:\/\/www.abm-tecna.be\/fr\/wp-json\/wp\/v2\/media?parent=4104"}],"curies":[{"name":"wp","href":"https:\/\/api.w.org\/{rel}","templated":true}]}}