{"id":9757,"date":"2022-10-24T14:25:30","date_gmt":"2022-10-24T12:25:30","guid":{"rendered":"https:\/\/www.abm-tecna.be\/?page_id=9757"},"modified":"2024-11-13T13:25:27","modified_gmt":"2024-11-13T12:25:27","slug":"job","status":"publish","type":"page","link":"https:\/\/www.abm-tecna.be\/fr\/jobs\/job\/","title":{"rendered":"Offre"},"content":{"rendered":"[vc_row type=\u00a0\u00bbin_container\u00a0\u00bb full_screen_row_position=\u00a0\u00bbmiddle\u00a0\u00bb column_margin=\u00a0\u00bbdefault\u00a0\u00bb column_direction=\u00a0\u00bbdefault\u00a0\u00bb column_direction_tablet=\u00a0\u00bbdefault\u00a0\u00bb column_direction_phone=\u00a0\u00bbdefault\u00a0\u00bb scene_position=\u00a0\u00bbcenter\u00a0\u00bb text_color=\u00a0\u00bbdark\u00a0\u00bb text_align=\u00a0\u00bbleft\u00a0\u00bb row_border_radius=\u00a0\u00bbnone\u00a0\u00bb row_border_radius_applies=\u00a0\u00bbbg\u00a0\u00bb overlay_strength=\u00a0\u00bb0.3&Prime; gradient_direction=\u00a0\u00bbleft_to_right\u00a0\u00bb shape_divider_position=\u00a0\u00bbbottom\u00a0\u00bb bg_image_animation=\u00a0\u00bbnone\u00a0\u00bb][vc_column column_padding=\u00a0\u00bbno-extra-padding\u00a0\u00bb column_padding_tablet=\u00a0\u00bbinherit\u00a0\u00bb column_padding_phone=\u00a0\u00bbinherit\u00a0\u00bb column_padding_position=\u00a0\u00bball\u00a0\u00bb background_color_opacity=\u00a0\u00bb1&Prime; background_hover_color_opacity=\u00a0\u00bb1&Prime; column_shadow=\u00a0\u00bbnone\u00a0\u00bb column_border_radius=\u00a0\u00bbnone\u00a0\u00bb column_link_target=\u00a0\u00bb_self\u00a0\u00bb gradient_direction=\u00a0\u00bbleft_to_right\u00a0\u00bb overlay_strength=\u00a0\u00bb0.3&Prime; width=\u00a0\u00bb1\/1&Prime; tablet_width_inherit=\u00a0\u00bbdefault\u00a0\u00bb tablet_text_alignment=\u00a0\u00bbdefault\u00a0\u00bb phone_text_alignment=\u00a0\u00bbdefault\u00a0\u00bb column_border_width=\u00a0\u00bbnone\u00a0\u00bb column_border_style=\u00a0\u00bbsolid\u00a0\u00bb bg_image_animation=\u00a0\u00bbnone\u00a0\u00bb][vc_column_text]<script type=\"text\/javascript\">window.location.href = \"https:\/\/www.abm-tecna.be\/fr\/\";<\/script><\/div>[\/vc_column_text][divider line_type=\u00a0\u00bbFull Width Line\u00a0\u00bb line_thickness=\u00a0\u00bb1&Prime; divider_color=\u00a0\u00bbdefault\u00a0\u00bb custom_height=\u00a0\u00bb100&Prime;][vc_column_text]\n<h2>Postuler \u00e0 cette offre<\/h2>\n[\/vc_column_text][vc_column_text]<div id=\"jobs-form\"><form method=\"POST\" enctype=\"multipart\/form-data\"><a href=\"https:\/\/www.abm-tecna.be\/fr\/wp-json\/wp\/v2\/pages\/9757&t=s\">Pas de CV ? Cliquez ici.<\/a><h3>Mes informations<\/h3><div class=\"informations\"><label class=\"text\"><span> Pr\u00e9nom <\/span><input type=\"text\" name=\"prenom\" placeholder=\"John\" required \/><\/label><label class=\"text\"><span> Nom <\/span><input type=\"text\" name=\"nom\" placeholder=\"Doe\" required \/><\/label><label class=\"email\"><span> Email <\/span><input type=\"email\" name=\"email\" placeholder=\"johndoe@gmail.com\" required \/><\/label><label class=\"tel\"><span> T\u00e9l\u00e9phone <\/span><input type=\"tel\" name=\"telephone\" placeholder=\"0487 12 13 14\" required \/><\/label><\/div><h3>Ma candidature<\/h3><div class=\"candidature\"><label class=\"file\"><span> Mon CV <\/span><input type=\"file\" name=\"cv\" required accept=\".pdf,.doc,.docx\" \/><\/label><label class=\"textarea\"><span> D\u00e9crivez-vous <\/span><textarea rows=\"3\" name=\"lettre\" placeholder=\"Bonjour...\"  ><\/textarea><\/label><\/div><br><label class=\"checkbox\"><input type=\"checkbox\" name=\"accord\" required=\"\"><span>J&#039;accepte que la soci\u00e9t\u00e9 ABM TECNA conserve mes donn\u00e9es personnelles pendant une dur\u00e9e de 2 ans afin d&#039;\u00eatre recontact\u00e9(s) pour de nouvelles opportunit\u00e9s.<\/span><\/label><input type=\"hidden\" name=\"action\" value=\"abtc-jobs-process\"><input type=\"submit\" value=\"Je postule !\"><\/form><\/div>[\/vc_column_text][\/vc_column][\/vc_row][vc_row type=\u00a0\u00bbin_container\u00a0\u00bb full_screen_row_position=\u00a0\u00bbmiddle\u00a0\u00bb column_margin=\u00a0\u00bbdefault\u00a0\u00bb column_direction=\u00a0\u00bbdefault\u00a0\u00bb column_direction_tablet=\u00a0\u00bbdefault\u00a0\u00bb column_direction_phone=\u00a0\u00bbdefault\u00a0\u00bb scene_position=\u00a0\u00bbcenter\u00a0\u00bb text_color=\u00a0\u00bbdark\u00a0\u00bb text_align=\u00a0\u00bbleft\u00a0\u00bb row_border_radius=\u00a0\u00bbnone\u00a0\u00bb row_border_radius_applies=\u00a0\u00bbbg\u00a0\u00bb overlay_strength=\u00a0\u00bb0.3&Prime; gradient_direction=\u00a0\u00bbleft_to_right\u00a0\u00bb shape_divider_position=\u00a0\u00bbbottom\u00a0\u00bb bg_image_animation=\u00a0\u00bbnone\u00a0\u00bb][vc_column column_padding=\u00a0\u00bbno-extra-padding\u00a0\u00bb column_padding_tablet=\u00a0\u00bbinherit\u00a0\u00bb column_padding_phone=\u00a0\u00bbinherit\u00a0\u00bb column_padding_position=\u00a0\u00bball\u00a0\u00bb background_color_opacity=\u00a0\u00bb1&Prime; background_hover_color_opacity=\u00a0\u00bb1&Prime; column_shadow=\u00a0\u00bbnone\u00a0\u00bb column_border_radius=\u00a0\u00bbnone\u00a0\u00bb column_link_target=\u00a0\u00bb_self\u00a0\u00bb gradient_direction=\u00a0\u00bbleft_to_right\u00a0\u00bb overlay_strength=\u00a0\u00bb0.3&Prime; width=\u00a0\u00bb1\/1&Prime; tablet_width_inherit=\u00a0\u00bbdefault\u00a0\u00bb tablet_text_alignment=\u00a0\u00bbdefault\u00a0\u00bb phone_text_alignment=\u00a0\u00bbdefault\u00a0\u00bb column_border_width=\u00a0\u00bbnone\u00a0\u00bb column_border_style=\u00a0\u00bbsolid\u00a0\u00bb bg_image_animation=\u00a0\u00bbnone\u00a0\u00bb][\/vc_column][\/vc_row]\n","protected":false},"excerpt":{"rendered":"<p>[vc_row type=\u00a0\u00bbin_container\u00a0\u00bb full_screen_row_position=\u00a0\u00bbmiddle\u00a0\u00bb column_margin=\u00a0\u00bbdefault\u00a0\u00bb column_direction=\u00a0\u00bbdefault\u00a0\u00bb column_direction_tablet=\u00a0\u00bbdefault\u00a0\u00bb column_direction_phone=\u00a0\u00bbdefault\u00a0\u00bb scene_position=\u00a0\u00bbcenter\u00a0\u00bb text_color=\u00a0\u00bbdark\u00a0\u00bb text_align=\u00a0\u00bbleft\u00a0\u00bb row_border_radius=\u00a0\u00bbnone\u00a0\u00bb row_border_radius_applies=\u00a0\u00bbbg\u00a0\u00bb overlay_strength=\u00a0\u00bb0.3&Prime; gradient_direction=\u00a0\u00bbleft_to_right\u00a0\u00bb shape_divider_position=\u00a0\u00bbbottom\u00a0\u00bb bg_image_animation=\u00a0\u00bbnone\u00a0\u00bb][vc_column column_padding=\u00a0\u00bbno-extra-padding\u00a0\u00bb column_padding_tablet=\u00a0\u00bbinherit\u00a0\u00bb column_padding_phone=\u00a0\u00bbinherit\u00a0\u00bb column_padding_position=\u00a0\u00bball\u00a0\u00bb background_color_opacity=\u00a0\u00bb1&Prime; background_hover_color_opacity=\u00a0\u00bb1&Prime; column_shadow=\u00a0\u00bbnone\u00a0\u00bb column_border_radius=\u00a0\u00bbnone\u00a0\u00bb column_link_target=\u00a0\u00bb_self\u00a0\u00bb gradient_direction=\u00a0\u00bbleft_to_right\u00a0\u00bb overlay_strength=\u00a0\u00bb0.3&Prime; width=\u00a0\u00bb1\/1&Prime; tablet_width_inherit=\u00a0\u00bbdefault\u00a0\u00bb tablet_text_alignment=\u00a0\u00bbdefault\u00a0\u00bb&#8230;<\/p>\n","protected":false},"author":2,"featured_media":0,"parent":5892,"menu_order":0,"comment_status":"closed","ping_status":"closed","template":"","meta":{"footnotes":""},"class_list":["post-9757","page","type-page","status-publish"],"yoast_head":"<!-- This site is optimized with the Yoast SEO plugin v27.2 - https:\/\/yoast.com\/product\/yoast-seo-wordpress\/ -->\n<title>Offre - ABM TECNA<\/title>\n<meta name=\"robots\" content=\"index, follow, max-snippet:-1, max-image-preview:large, max-video-preview:-1\" \/>\n<link rel=\"canonical\" href=\"https:\/\/www.abm-tecna.be\/fr\/jobs\/job\/\" \/>\n<meta property=\"og:locale\" content=\"fr_FR\" \/>\n<meta property=\"og:type\" content=\"article\" \/>\n<meta property=\"og:title\" content=\"Offre - ABM TECNA\" \/>\n<meta property=\"og:description\" content=\"[vc_row type=\u00a0\u00bbin_container\u00a0\u00bb full_screen_row_position=\u00a0\u00bbmiddle\u00a0\u00bb column_margin=\u00a0\u00bbdefault\u00a0\u00bb column_direction=\u00a0\u00bbdefault\u00a0\u00bb column_direction_tablet=\u00a0\u00bbdefault\u00a0\u00bb column_direction_phone=\u00a0\u00bbdefault\u00a0\u00bb scene_position=\u00a0\u00bbcenter\u00a0\u00bb text_color=\u00a0\u00bbdark\u00a0\u00bb text_align=\u00a0\u00bbleft\u00a0\u00bb row_border_radius=\u00a0\u00bbnone\u00a0\u00bb row_border_radius_applies=\u00a0\u00bbbg\u00a0\u00bb overlay_strength=\u00a0\u00bb0.3&Prime; gradient_direction=\u00a0\u00bbleft_to_right\u00a0\u00bb shape_divider_position=\u00a0\u00bbbottom\u00a0\u00bb bg_image_animation=\u00a0\u00bbnone\u00a0\u00bb][vc_column column_padding=\u00a0\u00bbno-extra-padding\u00a0\u00bb column_padding_tablet=\u00a0\u00bbinherit\u00a0\u00bb column_padding_phone=\u00a0\u00bbinherit\u00a0\u00bb column_padding_position=\u00a0\u00bball\u00a0\u00bb background_color_opacity=\u00a0\u00bb1&Prime; background_hover_color_opacity=\u00a0\u00bb1&Prime; column_shadow=\u00a0\u00bbnone\u00a0\u00bb column_border_radius=\u00a0\u00bbnone\u00a0\u00bb column_link_target=\u00a0\u00bb_self\u00a0\u00bb gradient_direction=\u00a0\u00bbleft_to_right\u00a0\u00bb overlay_strength=\u00a0\u00bb0.3&Prime; width=\u00a0\u00bb1\/1&Prime; tablet_width_inherit=\u00a0\u00bbdefault\u00a0\u00bb tablet_text_alignment=\u00a0\u00bbdefault\u00a0\u00bb...\" \/>\n<meta property=\"og:url\" content=\"https:\/\/www.abm-tecna.be\/fr\/jobs\/job\/\" \/>\n<meta property=\"og:site_name\" content=\"ABM TECNA\" \/>\n<meta property=\"article:modified_time\" content=\"2024-11-13T12:25:27+00:00\" \/>\n<meta name=\"twitter:card\" content=\"summary_large_image\" \/>\n<meta name=\"twitter:site\" content=\"@ABM_TECNA\" \/>\n<meta name=\"twitter:label1\" content=\"Dur\u00e9e de lecture estim\u00e9e\" \/>\n\t<meta name=\"twitter:data1\" content=\"1 minute\" \/>\n<script type=\"application\/ld+json\" class=\"yoast-schema-graph\">{\"@context\":\"https:\/\/schema.org\",\"@graph\":[{\"@type\":\"WebPage\",\"@id\":\"https:\/\/www.abm-tecna.be\/fr\/jobs\/job\/\",\"url\":\"https:\/\/www.abm-tecna.be\/fr\/jobs\/job\/\",\"name\":\"Offre - ABM TECNA\",\"isPartOf\":{\"@id\":\"https:\/\/www.abm-tecna.be\/fr\/#website\"},\"datePublished\":\"2022-10-24T12:25:30+00:00\",\"dateModified\":\"2024-11-13T12:25:27+00:00\",\"breadcrumb\":{\"@id\":\"https:\/\/www.abm-tecna.be\/fr\/jobs\/job\/#breadcrumb\"},\"inLanguage\":\"fr-FR\",\"potentialAction\":[{\"@type\":\"ReadAction\",\"target\":[\"https:\/\/www.abm-tecna.be\/fr\/jobs\/job\/\"]}]},{\"@type\":\"BreadcrumbList\",\"@id\":\"https:\/\/www.abm-tecna.be\/fr\/jobs\/job\/#breadcrumb\",\"itemListElement\":[{\"@type\":\"ListItem\",\"position\":1,\"name\":\"Home\",\"item\":\"https:\/\/www.abm-tecna.be\/fr\/\"},{\"@type\":\"ListItem\",\"position\":2,\"name\":\"Jobs\",\"item\":\"https:\/\/www.abm-tecna.be\/fr\/jobs\/\"},{\"@type\":\"ListItem\",\"position\":3,\"name\":\"Offre\"}]},{\"@type\":\"WebSite\",\"@id\":\"https:\/\/www.abm-tecna.be\/fr\/#website\",\"url\":\"https:\/\/www.abm-tecna.be\/fr\/\",\"name\":\"ABM TECNA\",\"description\":\"La solution Globale\",\"publisher\":{\"@id\":\"https:\/\/www.abm-tecna.be\/fr\/#organization\"},\"potentialAction\":[{\"@type\":\"SearchAction\",\"target\":{\"@type\":\"EntryPoint\",\"urlTemplate\":\"https:\/\/www.abm-tecna.be\/fr\/?s={search_term_string}\"},\"query-input\":{\"@type\":\"PropertyValueSpecification\",\"valueRequired\":true,\"valueName\":\"search_term_string\"}}],\"inLanguage\":\"fr-FR\"},{\"@type\":\"Organization\",\"@id\":\"https:\/\/www.abm-tecna.be\/fr\/#organization\",\"name\":\"ABM TECNA\",\"url\":\"https:\/\/www.abm-tecna.be\/fr\/\",\"logo\":{\"@type\":\"ImageObject\",\"inLanguage\":\"fr-FR\",\"@id\":\"https:\/\/www.abm-tecna.be\/fr\/#\/schema\/logo\/image\/\",\"url\":\"https:\/\/www.abm-tecna.be\/wp-content\/uploads\/2020\/01\/ABMTECNA_favicon.png\",\"contentUrl\":\"https:\/\/www.abm-tecna.be\/wp-content\/uploads\/2020\/01\/ABMTECNA_favicon.png\",\"width\":512,\"height\":512,\"caption\":\"ABM TECNA\"},\"image\":{\"@id\":\"https:\/\/www.abm-tecna.be\/fr\/#\/schema\/logo\/image\/\"},\"sameAs\":[\"https:\/\/x.com\/ABM_TECNA\",\"https:\/\/www.linkedin.com\/company\/abm\/\",\"https:\/\/www.youtube.com\/channel\/UCRJ02jgCyEoiSCooXgzd7Zg\"]}]}<\/script>\n<!-- \/ Yoast SEO plugin. -->","yoast_head_json":{"title":"Offre - ABM TECNA","robots":{"index":"index","follow":"follow","max-snippet":"max-snippet:-1","max-image-preview":"max-image-preview:large","max-video-preview":"max-video-preview:-1"},"canonical":"https:\/\/www.abm-tecna.be\/fr\/jobs\/job\/","og_locale":"fr_FR","og_type":"article","og_title":"Offre - ABM TECNA","og_description":"[vc_row type=\u00a0\u00bbin_container\u00a0\u00bb full_screen_row_position=\u00a0\u00bbmiddle\u00a0\u00bb column_margin=\u00a0\u00bbdefault\u00a0\u00bb column_direction=\u00a0\u00bbdefault\u00a0\u00bb column_direction_tablet=\u00a0\u00bbdefault\u00a0\u00bb column_direction_phone=\u00a0\u00bbdefault\u00a0\u00bb scene_position=\u00a0\u00bbcenter\u00a0\u00bb text_color=\u00a0\u00bbdark\u00a0\u00bb text_align=\u00a0\u00bbleft\u00a0\u00bb row_border_radius=\u00a0\u00bbnone\u00a0\u00bb row_border_radius_applies=\u00a0\u00bbbg\u00a0\u00bb overlay_strength=\u00a0\u00bb0.3&Prime; gradient_direction=\u00a0\u00bbleft_to_right\u00a0\u00bb shape_divider_position=\u00a0\u00bbbottom\u00a0\u00bb bg_image_animation=\u00a0\u00bbnone\u00a0\u00bb][vc_column column_padding=\u00a0\u00bbno-extra-padding\u00a0\u00bb column_padding_tablet=\u00a0\u00bbinherit\u00a0\u00bb column_padding_phone=\u00a0\u00bbinherit\u00a0\u00bb column_padding_position=\u00a0\u00bball\u00a0\u00bb background_color_opacity=\u00a0\u00bb1&Prime; background_hover_color_opacity=\u00a0\u00bb1&Prime; column_shadow=\u00a0\u00bbnone\u00a0\u00bb column_border_radius=\u00a0\u00bbnone\u00a0\u00bb column_link_target=\u00a0\u00bb_self\u00a0\u00bb gradient_direction=\u00a0\u00bbleft_to_right\u00a0\u00bb overlay_strength=\u00a0\u00bb0.3&Prime; width=\u00a0\u00bb1\/1&Prime; tablet_width_inherit=\u00a0\u00bbdefault\u00a0\u00bb tablet_text_alignment=\u00a0\u00bbdefault\u00a0\u00bb...","og_url":"https:\/\/www.abm-tecna.be\/fr\/jobs\/job\/","og_site_name":"ABM TECNA","article_modified_time":"2024-11-13T12:25:27+00:00","twitter_card":"summary_large_image","twitter_site":"@ABM_TECNA","twitter_misc":{"Dur\u00e9e de lecture estim\u00e9e":"1 minute"},"schema":{"@context":"https:\/\/schema.org","@graph":[{"@type":"WebPage","@id":"https:\/\/www.abm-tecna.be\/fr\/jobs\/job\/","url":"https:\/\/www.abm-tecna.be\/fr\/jobs\/job\/","name":"Offre - ABM TECNA","isPartOf":{"@id":"https:\/\/www.abm-tecna.be\/fr\/#website"},"datePublished":"2022-10-24T12:25:30+00:00","dateModified":"2024-11-13T12:25:27+00:00","breadcrumb":{"@id":"https:\/\/www.abm-tecna.be\/fr\/jobs\/job\/#breadcrumb"},"inLanguage":"fr-FR","potentialAction":[{"@type":"ReadAction","target":["https:\/\/www.abm-tecna.be\/fr\/jobs\/job\/"]}]},{"@type":"BreadcrumbList","@id":"https:\/\/www.abm-tecna.be\/fr\/jobs\/job\/#breadcrumb","itemListElement":[{"@type":"ListItem","position":1,"name":"Home","item":"https:\/\/www.abm-tecna.be\/fr\/"},{"@type":"ListItem","position":2,"name":"Jobs","item":"https:\/\/www.abm-tecna.be\/fr\/jobs\/"},{"@type":"ListItem","position":3,"name":"Offre"}]},{"@type":"WebSite","@id":"https:\/\/www.abm-tecna.be\/fr\/#website","url":"https:\/\/www.abm-tecna.be\/fr\/","name":"ABM TECNA","description":"La solution Globale","publisher":{"@id":"https:\/\/www.abm-tecna.be\/fr\/#organization"},"potentialAction":[{"@type":"SearchAction","target":{"@type":"EntryPoint","urlTemplate":"https:\/\/www.abm-tecna.be\/fr\/?s={search_term_string}"},"query-input":{"@type":"PropertyValueSpecification","valueRequired":true,"valueName":"search_term_string"}}],"inLanguage":"fr-FR"},{"@type":"Organization","@id":"https:\/\/www.abm-tecna.be\/fr\/#organization","name":"ABM TECNA","url":"https:\/\/www.abm-tecna.be\/fr\/","logo":{"@type":"ImageObject","inLanguage":"fr-FR","@id":"https:\/\/www.abm-tecna.be\/fr\/#\/schema\/logo\/image\/","url":"https:\/\/www.abm-tecna.be\/wp-content\/uploads\/2020\/01\/ABMTECNA_favicon.png","contentUrl":"https:\/\/www.abm-tecna.be\/wp-content\/uploads\/2020\/01\/ABMTECNA_favicon.png","width":512,"height":512,"caption":"ABM TECNA"},"image":{"@id":"https:\/\/www.abm-tecna.be\/fr\/#\/schema\/logo\/image\/"},"sameAs":["https:\/\/x.com\/ABM_TECNA","https:\/\/www.linkedin.com\/company\/abm\/","https:\/\/www.youtube.com\/channel\/UCRJ02jgCyEoiSCooXgzd7Zg"]}]}},"_links":{"self":[{"href":"https:\/\/www.abm-tecna.be\/fr\/wp-json\/wp\/v2\/pages\/9757","targetHints":{"allow":["GET"]}}],"collection":[{"href":"https:\/\/www.abm-tecna.be\/fr\/wp-json\/wp\/v2\/pages"}],"about":[{"href":"https:\/\/www.abm-tecna.be\/fr\/wp-json\/wp\/v2\/types\/page"}],"author":[{"embeddable":true,"href":"https:\/\/www.abm-tecna.be\/fr\/wp-json\/wp\/v2\/users\/2"}],"replies":[{"embeddable":true,"href":"https:\/\/www.abm-tecna.be\/fr\/wp-json\/wp\/v2\/comments?post=9757"}],"version-history":[{"count":7,"href":"https:\/\/www.abm-tecna.be\/fr\/wp-json\/wp\/v2\/pages\/9757\/revisions"}],"predecessor-version":[{"id":11099,"href":"https:\/\/www.abm-tecna.be\/fr\/wp-json\/wp\/v2\/pages\/9757\/revisions\/11099"}],"up":[{"embeddable":true,"href":"https:\/\/www.abm-tecna.be\/fr\/wp-json\/wp\/v2\/pages\/5892"}],"wp:attachment":[{"href":"https:\/\/www.abm-tecna.be\/fr\/wp-json\/wp\/v2\/media?parent=9757"}],"curies":[{"name":"wp","href":"https:\/\/api.w.org\/{rel}","templated":true}]}}